{"id":3760,"date":"2017-03-20T17:31:35","date_gmt":"2017-03-20T17:31:35","guid":{"rendered":"https:\/\/costaricanaturaltours.com\/es\/?page_id=3760"},"modified":"2024-07-03T18:24:49","modified_gmt":"2024-07-04T00:24:49","slug":"adobe-rent-a-car","status":"publish","type":"page","link":"https:\/\/costaricanaturaltours.com\/es\/adobe-rent-a-car\/","title":{"rendered":"Adobe"},"content":{"rendered":"<div class=\"wpb-content-wrapper\"><p>[vc_row][vc_column width=&#8221;1\/4&#8243;][vc_column_text]<\/p>\n<p style=\"text-align: justify;\"><span style=\"color: #00ccff;\"><strong>Adobe Rent a Car<\/strong><\/span><\/p>\n<p style=\"text-align: justify;\">La compa\u00f1\u00eda local m\u00e1s grande del mercado para el alquiler de carros en Costa Rica con la protecci\u00f3n total y seguro con cero deducible disponible, sin costos adicionales. Cuenta con la flota m\u00e1s joven.<\/p>\n<p style=\"text-align: justify;\">Rentar un veh\u00edculo en Costa Rica es muy sencillo:<\/p>\n<p>[\/vc_column_text][vc_single_image image=&#8221;3830&#8243; img_size=&#8221;medium&#8221; style=&#8221;vc_box_circle_2&#8243; css_animation=&#8221;right-to-left&#8221;][\/vc_column][vc_column width=&#8221;3\/4&#8243;][vc_tta_accordion][vc_tta_section title=&#8221;Requerimientos de renta&#8221; tab_id=&#8221;1490216058623-7e827f08-0326&#8243;][vc_column_text]<\/p>\n<p style=\"text-align: justify;\">1).- Pasaporte.<\/p>\n<p style=\"text-align: justify;\">2).- Licencia de conducir v\u00e1lida. Una licencia extranjera es v\u00e1lida en Costa Rica por 90 d\u00edas despu\u00e9s del \u00faltimo ingreso al pa\u00eds.<\/p>\n<p style=\"text-align: justify;\">3).- Ser mayor de 23 a\u00f1os de edad.<\/p>\n<p style=\"text-align: justify;\">4).- Tarjeta de cr\u00e9dito (AMEX, VISA, MASTER CARD) con cr\u00e9dito suficiente para cubrir el deducible (exceso) del seguro escogido m\u00e1s el valor de la renta.<\/p>\n<p>[\/vc_column_text][\/vc_tta_section][vc_tta_section title=&#8221;Pol\u00edtica de cancelaci\u00f3n&#8221; tab_id=&#8221;1490216058685-daeb3087-f827&#8243;][vc_column_text]<\/p>\n<p style=\"text-align: justify;\">Se debe cancelar por lo menos con 72 horas de anticipaci\u00f3n previo a la llegada para evitar la penalidad del cargo de un d\u00eda.<\/p>\n<p>[\/vc_column_text][\/vc_tta_section][vc_tta_section title=&#8221;Durante la renta&#8221; tab_id=&#8221;1490216283687-20c2495f-3e63&#8243;][vc_column_text]<\/p>\n<p style=\"text-align: justify;\">1).- El per\u00edodo de renta es de 24 horas.<\/p>\n<p style=\"text-align: justify;\">2).- Despu\u00e9s de 4 horas de devoluci\u00f3n tard\u00eda se le computar\u00e1 una tarifa diaria extra.<\/p>\n<p style=\"text-align: justify;\">3).- Los veh\u00edculos no pueden salir de los l\u00edmites territoriales de Costa Rica.<\/p>\n<p style=\"text-align: justify;\">4).- El costo por conductor adicional es de US$3.<\/p>\n<p style=\"text-align: justify;\">5).- No se aceptan tarjetas de d\u00e9bito o efectivo para el dep\u00f3sito. S\u00f3lo tarjeta de cr\u00e9dito.<\/p>\n<p style=\"text-align: justify;\">6).- Adobe Rent a Car ofrece el servicio de recepci\u00f3n en el aeropuerto cuando se aporten detalles exactos del vuelo. La persona que alquila ser\u00e1 recibida en la puerta de salida del aeropuerto por un representante de Adobe Rent a Car.<\/p>\n<p style=\"text-align: justify;\">7).- Se entregan veh\u00edculos en su hotel sin cargo adicional.<\/p>\n<p>[\/vc_column_text][\/vc_tta_section][vc_tta_section title=&#8221;Coberturas&#8221; tab_id=&#8221;1490216348883-e1b5183d-3c23&#8243;][vc_column_text]<\/p>\n<p style=\"text-align: justify;\"><strong>Seguro<\/strong><\/p>\n<p style=\"text-align: justify;\"><strong>\u00a0<\/strong>1.- La tarifa incluye un seguro b\u00e1sico con cobertura a terceros con un m\u00e1ximo de protecci\u00f3n de US$20.000 por da\u00f1os a la propiedad de terceros y de US$100.000 por accidente, por lesi\u00f3n y muerte de terceras personas que no est\u00e9n dentro del veh\u00edculo de alquiler. No tiene deducible.<\/p>\n<p style=\"text-align: justify;\">2.- LDW \/ Liberaci\u00f3n de responsabilidad por p\u00e9rdida y da\u00f1o:<\/p>\n<p style=\"text-align: justify;\">Por una tarifa adicional, la persona que renta puede liberar su responsabilidad financiera en casos de da\u00f1os al autom\u00f3vil de renta producidos por un accidente, colisi\u00f3n o vuelco. Tambi\u00e9n protege las p\u00e9rdidas financieras causadas por un robo total o parcial del autom\u00f3vil. El LDW tiene un deducible (exceso) de US$1,000 &#8211; US$1,500. El costo del LDW var\u00eda entre las categor\u00edas de veh\u00edculo y va desde US$14 por d\u00eda hasta US$25 por d\u00eda. El LDW no es un seguro. Es obligatorio.<\/p>\n<p style=\"text-align: justify;\">3.-\u00a0 SPP \/ Plan suplementario de protecci\u00f3n:<\/p>\n<p style=\"text-align: justify;\">El SPP permite a la persona que renta liberar su responsabilidad financiera del deducible (exceso) del LDW por un costo diario adicional. Tambi\u00e9n cubre los casos de vandalismo, llantas destruidas o parabrisas, as\u00ed como asistencia en carretera gratuita 24 horas al d\u00eda, que incluye gr\u00faa en caso de un accidente (aplican restricciones). En el caso de da\u00f1os a terceros, extiende el l\u00edmite a una cobertura de US$5.000.000 por evento y cubre da\u00f1os morales y lucro cesante.<\/p>\n<p style=\"text-align: justify;\"><strong>\u00a0<\/strong><\/p>\n<p style=\"text-align: justify;\"><strong>Exclusiones a las coberturas<\/strong><\/p>\n<p style=\"text-align: justify;\">1.- Cuando el conductor que sufra un incidente se encuentre bajo el efecto de drogas o alcohol.<\/p>\n<p style=\"text-align: justify;\">2.- Cuando el autom\u00f3vil sufra da\u00f1os y el conductor del auto no se encontrara autorizado a conducir el mismo en el contrato de alquiler.<\/p>\n<p style=\"text-align: justify;\">3.- Da\u00f1os de cualquier \u00edndole que ocurran por conducir el autom\u00f3vil en r\u00edos, lagos, playas, esteros, carreteras inundadas o por utilizarlo fuera de carreteras.<\/p>\n<p style=\"text-align: justify;\">4.- Si el accidente no est\u00e1 reportado a Adobe Rent a Car inmediatamente, si el conductor no coopera o si no cumple con el proceso de reclamo del seguro y del LDW.<\/p>\n<p>[\/vc_column_text][\/vc_tta_section][vc_tta_section title=&#8221;Servicios Adicionales&#8221; tab_id=&#8221;1490216437998-5c5e8084-64f9&#8243;][vc_column_text]<\/p>\n<p style=\"text-align: justify;\">\u00a0<strong>GPS:<\/strong><\/p>\n<p style=\"text-align: justify;\">Tarifa: US$ 9 diarios<\/p>\n<p style=\"text-align: justify;\">Condiciones:<\/p>\n<p style=\"text-align: justify;\">-Se debe entregar $250 de dep\u00f3sito en caso de da\u00f1o o p\u00e9rdida de la unidad.<\/p>\n<p style=\"text-align: justify;\">-El dep\u00f3sito se debe realizar con tarjeta de cr\u00e9dito.<\/p>\n<p style=\"text-align: justify;\">-Sujeto a disponibilidad.<\/p>\n<p style=\"text-align: justify;\">-Se recomienda hacer reservaci\u00f3n previa.<\/p>\n<p>&nbsp;<\/p>\n<p style=\"text-align: justify;\"><strong>Asistencia Especializada en Carretera:<\/strong><\/p>\n<p style=\"text-align: justify;\">Gratuito cuando se toma el Seguro SDW.<\/p>\n<p style=\"text-align: justify;\"><strong>Incluye:<\/strong><\/p>\n<p style=\"text-align: justify;\">1.- Gr\u00faa para el auto de alquiler, en caso de accidente o desperfecto mec\u00e1nico.<\/p>\n<p style=\"text-align: justify;\">2.- Continuaci\u00f3n del viaje para el cliente y acompa\u00f1ante al siguiente destino en su itinerario de viaje a trav\u00e9s de un servicio de taxi.<\/p>\n<p style=\"text-align: justify;\">3.- Asistencia b\u00e1sica en carretera en sitio, en caso de descarga de bater\u00eda.<\/p>\n<p style=\"text-align: justify;\">4.- Servicio de cerrajer\u00eda en caso de dejar las llaves dentro del autom\u00f3vil.<\/p>\n<p style=\"text-align: justify;\">5.- Servicio de ambulancia, en caso de una emergencia m\u00e9dica por accidente.<\/p>\n<p style=\"text-align: justify;\">6.- Servicio 24 horas del d\u00eda.<\/p>\n<p style=\"text-align: justify;\">7.- Atenci\u00f3n de una telefonista biling\u00fce.<\/p>\n<p style=\"text-align: justify;\"><strong>\u00a0<\/strong><\/p>\n<p style=\"text-align: justify;\"><strong>Excluye:<\/strong><\/p>\n<p style=\"text-align: justify;\">1.- Cambio de llanta baja.<\/p>\n<p style=\"text-align: justify;\">Otro<\/p>\n<p style=\"text-align: justify;\">1.- Alquiler de la silla de beb\u00e9: US$3 por d\u00eda.<\/p>\n<p style=\"text-align: justify;\">2.- Alquiler de silla especial (booster seat): US$1 por d\u00eda. El uso del booster seat es obligatorio para ni\u00f1os entre 4 a 12 a\u00f1os.<\/p>\n<p style=\"text-align: justify;\">3.- Hielera: sin costo<\/p>\n<p>En todos los casos: Favor reservar previamente. Sujeto a disponibilidad.[\/vc_column_text][\/vc_tta_section][\/vc_tta_accordion][\/vc_column][\/vc_row][vc_row][vc_column][vc_btn title=&#8221;Flotilla &amp; Tarifas&#8221; color=&#8221;warning&#8221; align=&#8221;center&#8221; link=&#8221;url:https%3A%2F%2Fcostaricanaturaltours.com%2Fes%2Fflotilla-tarifas%2F||&#8221;][\/vc_column][\/vc_row][vc_row][vc_column][vc_empty_space][vc_single_image image=&#8221;9221&#8243; img_size=&#8221;full&#8221; alignment=&#8221;center&#8221; onclick=&#8221;custom_link&#8221; link=&#8221;https:\/\/costaricanaturaltours.com\/es\/itinerario-personalizado\/&#8221;][\/vc_column][\/vc_row]<\/p>\n<\/div>","protected":false},"excerpt":{"rendered":"<p>[vc_row][vc_column width=&#8221;1\/4&#8243;][vc_column_text] Adobe Rent a Car La compa\u00f1\u00eda local m\u00e1s grande del mercado para el alquiler de carros en Costa Rica con la protecci\u00f3n total y seguro con cero deducible disponible, sin costos adicionales. Cuenta con la flota m\u00e1s joven. Rentar un veh\u00edculo en Costa Rica es muy sencillo: [\/vc_column_text][vc_single_image image=&#8221;3830&#8243; img_size=&#8221;medium&#8221; style=&#8221;vc_box_circle_2&#8243; css_animation=&#8221;right-to-left&#8221;][\/vc_column][vc_column width=&#8221;3\/4&#8243;][vc_tta_accordion][vc_tta_section [&hellip;]<\/p>\n","protected":false},"author":1,"featured_media":0,"parent":0,"menu_order":0,"comment_status":"closed","ping_status":"closed","template":"","meta":{"footnotes":""},"class_list":["post-3760","page","type-page","status-publish","hentry"],"yoast_head":"<!-- This site is optimized with the Yoast SEO plugin v27.4 - https:\/\/yoast.com\/product\/yoast-seo-wordpress\/ -->\n<title>Adobe - Costa Rica Natural Tours<\/title>\n<meta name=\"robots\" content=\"index, follow, max-snippet:-1, max-image-preview:large, max-video-preview:-1\" \/>\n<link rel=\"canonical\" href=\"https:\/\/costaricanaturaltours.com\/es\/adobe-rent-a-car\/\" \/>\n<meta property=\"og:locale\" content=\"es_ES\" \/>\n<meta property=\"og:type\" content=\"article\" \/>\n<meta property=\"og:title\" content=\"Adobe - Costa Rica Natural Tours\" \/>\n<meta property=\"og:description\" content=\"[vc_row][vc_column width=&#8221;1\/4&#8243;][vc_column_text] Adobe Rent a Car La compa\u00f1\u00eda local m\u00e1s grande del mercado para el alquiler de carros en Costa Rica con la protecci\u00f3n total y seguro con cero deducible disponible, sin costos adicionales. Cuenta con la flota m\u00e1s joven. Rentar un veh\u00edculo en Costa Rica es muy sencillo: [\/vc_column_text][vc_single_image image=&#8221;3830&#8243; img_size=&#8221;medium&#8221; style=&#8221;vc_box_circle_2&#8243; css_animation=&#8221;right-to-left&#8221;][\/vc_column][vc_column width=&#8221;3\/4&#8243;][vc_tta_accordion][vc_tta_section [&hellip;]\" \/>\n<meta property=\"og:url\" content=\"https:\/\/costaricanaturaltours.com\/es\/adobe-rent-a-car\/\" \/>\n<meta property=\"og:site_name\" content=\"Costa Rica Natural Tours\" \/>\n<meta property=\"article:publisher\" content=\"https:\/\/www.facebook.com\/Costa-Rica-Natural-Tours-455340267965611\/?fref=ts\" \/>\n<meta property=\"article:modified_time\" content=\"2024-07-04T00:24:49+00:00\" \/>\n<meta name=\"twitter:card\" content=\"summary_large_image\" \/>\n<meta name=\"twitter:label1\" content=\"Tiempo de lectura\" \/>\n\t<meta name=\"twitter:data1\" content=\"4 minutos\" \/>\n<script type=\"application\/ld+json\" class=\"yoast-schema-graph\">{\"@context\":\"https:\\\/\\\/schema.org\",\"@graph\":[{\"@type\":\"WebPage\",\"@id\":\"https:\\\/\\\/costaricanaturaltours.com\\\/es\\\/adobe-rent-a-car\\\/\",\"url\":\"https:\\\/\\\/costaricanaturaltours.com\\\/es\\\/adobe-rent-a-car\\\/\",\"name\":\"Adobe - Costa Rica Natural Tours\",\"isPartOf\":{\"@id\":\"https:\\\/\\\/costaricanaturaltours.com\\\/es\\\/#website\"},\"datePublished\":\"2017-03-20T17:31:35+00:00\",\"dateModified\":\"2024-07-04T00:24:49+00:00\",\"breadcrumb\":{\"@id\":\"https:\\\/\\\/costaricanaturaltours.com\\\/es\\\/adobe-rent-a-car\\\/#breadcrumb\"},\"inLanguage\":\"es\",\"potentialAction\":[{\"@type\":\"ReadAction\",\"target\":[[\"https:\\\/\\\/costaricanaturaltours.com\\\/es\\\/adobe-rent-a-car\\\/\"]]}]},{\"@type\":\"BreadcrumbList\",\"@id\":\"https:\\\/\\\/costaricanaturaltours.com\\\/es\\\/adobe-rent-a-car\\\/#breadcrumb\",\"itemListElement\":[{\"@type\":\"ListItem\",\"position\":1,\"name\":\"Home\",\"item\":\"https:\\\/\\\/costaricanaturaltours.com\\\/es\\\/\"},{\"@type\":\"ListItem\",\"position\":2,\"name\":\"Adobe\"}]},{\"@type\":\"WebSite\",\"@id\":\"https:\\\/\\\/costaricanaturaltours.com\\\/es\\\/#website\",\"url\":\"https:\\\/\\\/costaricanaturaltours.com\\\/es\\\/\",\"name\":\"Costa Rica Natural Tours\",\"description\":\"La mejor manera de disfrutar Costa Rica\",\"publisher\":{\"@id\":\"https:\\\/\\\/costaricanaturaltours.com\\\/es\\\/#organization\"},\"potentialAction\":[{\"@type\":\"SearchAction\",\"target\":{\"@type\":\"EntryPoint\",\"urlTemplate\":\"https:\\\/\\\/costaricanaturaltours.com\\\/es\\\/?s={search_term_string}\"},\"query-input\":{\"@type\":\"PropertyValueSpecification\",\"valueRequired\":true,\"valueName\":\"search_term_string\"}}],\"inLanguage\":\"es\"},{\"@type\":\"Organization\",\"@id\":\"https:\\\/\\\/costaricanaturaltours.com\\\/es\\\/#organization\",\"name\":\"Costa Rica Natural Tours\",\"url\":\"https:\\\/\\\/costaricanaturaltours.com\\\/es\\\/\",\"logo\":{\"@type\":\"ImageObject\",\"inLanguage\":\"es\",\"@id\":\"https:\\\/\\\/costaricanaturaltours.com\\\/es\\\/#\\\/schema\\\/logo\\\/image\\\/\",\"url\":\"http:\\\/\\\/costaricanaturaltours.com\\\/wp-content\\\/uploads\\\/2015\\\/11\\\/small_logo1.png\",\"contentUrl\":\"http:\\\/\\\/costaricanaturaltours.com\\\/wp-content\\\/uploads\\\/2015\\\/11\\\/small_logo1.png\",\"width\":170,\"height\":140,\"caption\":\"Costa Rica Natural Tours\"},\"image\":{\"@id\":\"https:\\\/\\\/costaricanaturaltours.com\\\/es\\\/#\\\/schema\\\/logo\\\/image\\\/\"},\"sameAs\":[\"https:\\\/\\\/www.facebook.com\\\/Costa-Rica-Natural-Tours-455340267965611\\\/?fref=ts\"]}]}<\/script>\n<!-- \/ Yoast SEO plugin. -->","yoast_head_json":{"title":"Adobe - Costa Rica Natural Tours","robots":{"index":"index","follow":"follow","max-snippet":"max-snippet:-1","max-image-preview":"max-image-preview:large","max-video-preview":"max-video-preview:-1"},"canonical":"https:\/\/costaricanaturaltours.com\/es\/adobe-rent-a-car\/","og_locale":"es_ES","og_type":"article","og_title":"Adobe - Costa Rica Natural Tours","og_description":"[vc_row][vc_column width=&#8221;1\/4&#8243;][vc_column_text] Adobe Rent a Car La compa\u00f1\u00eda local m\u00e1s grande del mercado para el alquiler de carros en Costa Rica con la protecci\u00f3n total y seguro con cero deducible disponible, sin costos adicionales. Cuenta con la flota m\u00e1s joven. Rentar un veh\u00edculo en Costa Rica es muy sencillo: [\/vc_column_text][vc_single_image image=&#8221;3830&#8243; img_size=&#8221;medium&#8221; style=&#8221;vc_box_circle_2&#8243; css_animation=&#8221;right-to-left&#8221;][\/vc_column][vc_column width=&#8221;3\/4&#8243;][vc_tta_accordion][vc_tta_section [&hellip;]","og_url":"https:\/\/costaricanaturaltours.com\/es\/adobe-rent-a-car\/","og_site_name":"Costa Rica Natural Tours","article_publisher":"https:\/\/www.facebook.com\/Costa-Rica-Natural-Tours-455340267965611\/?fref=ts","article_modified_time":"2024-07-04T00:24:49+00:00","twitter_card":"summary_large_image","twitter_misc":{"Tiempo de lectura":"4 minutos"},"schema":{"@context":"https:\/\/schema.org","@graph":[{"@type":"WebPage","@id":"https:\/\/costaricanaturaltours.com\/es\/adobe-rent-a-car\/","url":"https:\/\/costaricanaturaltours.com\/es\/adobe-rent-a-car\/","name":"Adobe - Costa Rica Natural Tours","isPartOf":{"@id":"https:\/\/costaricanaturaltours.com\/es\/#website"},"datePublished":"2017-03-20T17:31:35+00:00","dateModified":"2024-07-04T00:24:49+00:00","breadcrumb":{"@id":"https:\/\/costaricanaturaltours.com\/es\/adobe-rent-a-car\/#breadcrumb"},"inLanguage":"es","potentialAction":[{"@type":"ReadAction","target":[["https:\/\/costaricanaturaltours.com\/es\/adobe-rent-a-car\/"]]}]},{"@type":"BreadcrumbList","@id":"https:\/\/costaricanaturaltours.com\/es\/adobe-rent-a-car\/#breadcrumb","itemListElement":[{"@type":"ListItem","position":1,"name":"Home","item":"https:\/\/costaricanaturaltours.com\/es\/"},{"@type":"ListItem","position":2,"name":"Adobe"}]},{"@type":"WebSite","@id":"https:\/\/costaricanaturaltours.com\/es\/#website","url":"https:\/\/costaricanaturaltours.com\/es\/","name":"Costa Rica Natural Tours","description":"La mejor manera de disfrutar Costa Rica","publisher":{"@id":"https:\/\/costaricanaturaltours.com\/es\/#organization"},"potentialAction":[{"@type":"SearchAction","target":{"@type":"EntryPoint","urlTemplate":"https:\/\/costaricanaturaltours.com\/es\/?s={search_term_string}"},"query-input":{"@type":"PropertyValueSpecification","valueRequired":true,"valueName":"search_term_string"}}],"inLanguage":"es"},{"@type":"Organization","@id":"https:\/\/costaricanaturaltours.com\/es\/#organization","name":"Costa Rica Natural Tours","url":"https:\/\/costaricanaturaltours.com\/es\/","logo":{"@type":"ImageObject","inLanguage":"es","@id":"https:\/\/costaricanaturaltours.com\/es\/#\/schema\/logo\/image\/","url":"http:\/\/costaricanaturaltours.com\/wp-content\/uploads\/2015\/11\/small_logo1.png","contentUrl":"http:\/\/costaricanaturaltours.com\/wp-content\/uploads\/2015\/11\/small_logo1.png","width":170,"height":140,"caption":"Costa Rica Natural Tours"},"image":{"@id":"https:\/\/costaricanaturaltours.com\/es\/#\/schema\/logo\/image\/"},"sameAs":["https:\/\/www.facebook.com\/Costa-Rica-Natural-Tours-455340267965611\/?fref=ts"]}]}},"_links":{"self":[{"href":"https:\/\/costaricanaturaltours.com\/es\/wp-json\/wp\/v2\/pages\/3760","targetHints":{"allow":["GET"]}}],"collection":[{"href":"https:\/\/costaricanaturaltours.com\/es\/wp-json\/wp\/v2\/pages"}],"about":[{"href":"https:\/\/costaricanaturaltours.com\/es\/wp-json\/wp\/v2\/types\/page"}],"author":[{"embeddable":true,"href":"https:\/\/costaricanaturaltours.com\/es\/wp-json\/wp\/v2\/users\/1"}],"replies":[{"embeddable":true,"href":"https:\/\/costaricanaturaltours.com\/es\/wp-json\/wp\/v2\/comments?post=3760"}],"version-history":[{"count":25,"href":"https:\/\/costaricanaturaltours.com\/es\/wp-json\/wp\/v2\/pages\/3760\/revisions"}],"predecessor-version":[{"id":9309,"href":"https:\/\/costaricanaturaltours.com\/es\/wp-json\/wp\/v2\/pages\/3760\/revisions\/9309"}],"wp:attachment":[{"href":"https:\/\/costaricanaturaltours.com\/es\/wp-json\/wp\/v2\/media?parent=3760"}],"curies":[{"name":"wp","href":"https:\/\/api.w.org\/{rel}","templated":true}]}}