{"id":3692,"date":"2017-03-17T21:18:32","date_gmt":"2017-03-17T21:18:32","guid":{"rendered":"https:\/\/costaricanaturaltours.com\/es\/?page_id=3692"},"modified":"2024-07-03T15:02:05","modified_gmt":"2024-07-03T21:02:05","slug":"airport-transfers","status":"publish","type":"page","link":"https:\/\/costaricanaturaltours.com\/es\/airport-transfers\/","title":{"rendered":"Traslados Aeropuertos"},"content":{"rendered":"<div class=\"wpb-content-wrapper\"><p>[vc_row][vc_column][vc_single_image image=&#8221;4353&#8243; img_size=&#8221;full&#8221; alignment=&#8221;center&#8221;][\/vc_column][\/vc_row][vc_row][vc_column][vc_column_text]<\/p>\n<p style=\"text-align: justify;\"><span style=\"color: #00ccff;\"><strong>Servicio de traslado desde y hacia el Aeropuerto<\/strong><\/span><\/p>\n<p style=\"text-align: justify;\">El\u00a0mismo\u00a0es\u00a0un servicio privado, personalizado y est\u00e1 disponible 24&#215;7,\u00a0 adem\u00e1s es la forma m\u00e1s f\u00e1cil y rentable de movilizarse\u00a0desde\u00a0el aeropuerto a su\u00a0hotel en Costa Rica.<\/p>\n<p style=\"text-align: justify;\">El pa\u00eds\u00a0cuenta con\u00a02 aeropuertos internacionales, el m\u00e1s importante es el Juan Santamar\u00eda (SJO) a minutos\u00a0de\u00a0San Jos\u00e9, la capital. El otro es el Daniel Oduber (LIR) en Liberia, Guanacaste,\u00a0cerca\u00a0de las playas m\u00e1s hermosas.<\/p>\n<p style=\"text-align: justify;\">Para reservar con nosotros su\u00a0traslado desde y hacia el Aeropuerto\u00a0el pasajero nos deber\u00e1 indicar el nombre de la l\u00ednea a\u00e9rea as\u00ed como el n\u00famero de vuelo y la hora de aterrizaje. Un representante de nuestra agencia lo\u00a0estar\u00e1 esperando a\u00a0la salida de arribos\u00a0internacionales\u00a0debidamente identificado y con un cartel con el nombre del pasajero. Es necesario reservar este servicio con anticipaci\u00f3n.<\/p>\n<p style=\"text-align: justify;\">Por favor cont\u00e1ctenos para solicitar una cotizaci\u00f3n o conocer m\u00e1s detalles.<\/p>\n<p>[\/vc_column_text][\/vc_column][\/vc_row][vc_row][vc_column][vc_empty_space height=&#8221;62px&#8221;][\/vc_column][\/vc_row][vc_row][vc_column][vc_cta h2=&#8221;\u00bfNecesita servicio de transporte desde o hacia el aeropuerto en Costa Rica?&#8221; h2_font_container=&#8221;tag:h2|text_align:left&#8221; h4=&#8221;Nosotros le ayudaremos\u2026&#8221; el_width=&#8221;md&#8221; add_button=&#8221;right&#8221; btn_title=&#8221;Cont\u00e1ctenos&#8221; btn_color=&#8221;warning&#8221; css=&#8221;&#8221; use_custom_fonts_h2=&#8221;true&#8221; btn_link=&#8221;url:https%3A%2F%2Fcostaricanaturaltours.com%2Fes%2Fcontact-us%2F&#8221;][\/vc_cta][vc_empty_space height=&#8221;62px&#8221;][\/vc_column][\/vc_row][vc_row][vc_column][vc_single_image image=&#8221;9221&#8243; img_size=&#8221;full&#8221; alignment=&#8221;center&#8221; onclick=&#8221;custom_link&#8221; link=&#8221;https:\/\/costaricanaturaltours.com\/es\/itinerario-personalizado\/&#8221;][\/vc_column][\/vc_row]<\/p>\n<\/div>","protected":false},"excerpt":{"rendered":"<p>[vc_row][vc_column][vc_single_image image=&#8221;4353&#8243; img_size=&#8221;full&#8221; alignment=&#8221;center&#8221;][\/vc_column][\/vc_row][vc_row][vc_column][vc_column_text] Servicio de traslado desde y hacia el Aeropuerto El\u00a0mismo\u00a0es\u00a0un servicio privado, personalizado y est\u00e1 disponible 24&#215;7,\u00a0 adem\u00e1s es la forma m\u00e1s f\u00e1cil y rentable de movilizarse\u00a0desde\u00a0el aeropuerto a su\u00a0hotel en Costa Rica. El pa\u00eds\u00a0cuenta con\u00a02 aeropuertos internacionales, el m\u00e1s importante es el Juan Santamar\u00eda (SJO) a minutos\u00a0de\u00a0San Jos\u00e9, la capital. El [&hellip;]<\/p>\n","protected":false},"author":1,"featured_media":0,"parent":0,"menu_order":0,"comment_status":"closed","ping_status":"closed","template":"","meta":{"footnotes":""},"class_list":["post-3692","page","type-page","status-publish","hentry"],"yoast_head":"<!-- This site is optimized with the Yoast SEO plugin v27.4 - https:\/\/yoast.com\/product\/yoast-seo-wordpress\/ -->\n<title>Traslados Aeropuertos - Costa Rica Natural Tours<\/title>\n<meta name=\"robots\" content=\"index, follow, max-snippet:-1, max-image-preview:large, max-video-preview:-1\" \/>\n<link rel=\"canonical\" href=\"https:\/\/costaricanaturaltours.com\/es\/airport-transfers\/\" \/>\n<meta property=\"og:locale\" content=\"es_ES\" \/>\n<meta property=\"og:type\" content=\"article\" \/>\n<meta property=\"og:title\" content=\"Traslados Aeropuertos - Costa Rica Natural Tours\" \/>\n<meta property=\"og:description\" content=\"[vc_row][vc_column][vc_single_image image=&#8221;4353&#8243; img_size=&#8221;full&#8221; alignment=&#8221;center&#8221;][\/vc_column][\/vc_row][vc_row][vc_column][vc_column_text] Servicio de traslado desde y hacia el Aeropuerto El\u00a0mismo\u00a0es\u00a0un servicio privado, personalizado y est\u00e1 disponible 24&#215;7,\u00a0 adem\u00e1s es la forma m\u00e1s f\u00e1cil y rentable de movilizarse\u00a0desde\u00a0el aeropuerto a su\u00a0hotel en Costa Rica. El pa\u00eds\u00a0cuenta con\u00a02 aeropuertos internacionales, el m\u00e1s importante es el Juan Santamar\u00eda (SJO) a minutos\u00a0de\u00a0San Jos\u00e9, la capital. El [&hellip;]\" \/>\n<meta property=\"og:url\" content=\"https:\/\/costaricanaturaltours.com\/es\/airport-transfers\/\" \/>\n<meta property=\"og:site_name\" content=\"Costa Rica Natural Tours\" \/>\n<meta property=\"article:publisher\" content=\"https:\/\/www.facebook.com\/Costa-Rica-Natural-Tours-455340267965611\/?fref=ts\" \/>\n<meta property=\"article:modified_time\" content=\"2024-07-03T21:02:05+00:00\" \/>\n<meta name=\"twitter:card\" content=\"summary_large_image\" \/>\n<meta name=\"twitter:label1\" content=\"Tiempo de lectura\" \/>\n\t<meta name=\"twitter:data1\" content=\"2 minutos\" \/>\n<script type=\"application\/ld+json\" class=\"yoast-schema-graph\">{\"@context\":\"https:\\\/\\\/schema.org\",\"@graph\":[{\"@type\":\"WebPage\",\"@id\":\"https:\\\/\\\/costaricanaturaltours.com\\\/es\\\/airport-transfers\\\/\",\"url\":\"https:\\\/\\\/costaricanaturaltours.com\\\/es\\\/airport-transfers\\\/\",\"name\":\"Traslados Aeropuertos - Costa Rica Natural Tours\",\"isPartOf\":{\"@id\":\"https:\\\/\\\/costaricanaturaltours.com\\\/es\\\/#website\"},\"datePublished\":\"2017-03-17T21:18:32+00:00\",\"dateModified\":\"2024-07-03T21:02:05+00:00\",\"breadcrumb\":{\"@id\":\"https:\\\/\\\/costaricanaturaltours.com\\\/es\\\/airport-transfers\\\/#breadcrumb\"},\"inLanguage\":\"es\",\"potentialAction\":[{\"@type\":\"ReadAction\",\"target\":[[\"https:\\\/\\\/costaricanaturaltours.com\\\/es\\\/airport-transfers\\\/\"]]}]},{\"@type\":\"BreadcrumbList\",\"@id\":\"https:\\\/\\\/costaricanaturaltours.com\\\/es\\\/airport-transfers\\\/#breadcrumb\",\"itemListElement\":[{\"@type\":\"ListItem\",\"position\":1,\"name\":\"Home\",\"item\":\"https:\\\/\\\/costaricanaturaltours.com\\\/es\\\/\"},{\"@type\":\"ListItem\",\"position\":2,\"name\":\"Traslados Aeropuertos\"}]},{\"@type\":\"WebSite\",\"@id\":\"https:\\\/\\\/costaricanaturaltours.com\\\/es\\\/#website\",\"url\":\"https:\\\/\\\/costaricanaturaltours.com\\\/es\\\/\",\"name\":\"Costa Rica Natural Tours\",\"description\":\"La mejor manera de disfrutar Costa Rica\",\"publisher\":{\"@id\":\"https:\\\/\\\/costaricanaturaltours.com\\\/es\\\/#organization\"},\"potentialAction\":[{\"@type\":\"SearchAction\",\"target\":{\"@type\":\"EntryPoint\",\"urlTemplate\":\"https:\\\/\\\/costaricanaturaltours.com\\\/es\\\/?s={search_term_string}\"},\"query-input\":{\"@type\":\"PropertyValueSpecification\",\"valueRequired\":true,\"valueName\":\"search_term_string\"}}],\"inLanguage\":\"es\"},{\"@type\":\"Organization\",\"@id\":\"https:\\\/\\\/costaricanaturaltours.com\\\/es\\\/#organization\",\"name\":\"Costa Rica Natural Tours\",\"url\":\"https:\\\/\\\/costaricanaturaltours.com\\\/es\\\/\",\"logo\":{\"@type\":\"ImageObject\",\"inLanguage\":\"es\",\"@id\":\"https:\\\/\\\/costaricanaturaltours.com\\\/es\\\/#\\\/schema\\\/logo\\\/image\\\/\",\"url\":\"http:\\\/\\\/costaricanaturaltours.com\\\/wp-content\\\/uploads\\\/2015\\\/11\\\/small_logo1.png\",\"contentUrl\":\"http:\\\/\\\/costaricanaturaltours.com\\\/wp-content\\\/uploads\\\/2015\\\/11\\\/small_logo1.png\",\"width\":170,\"height\":140,\"caption\":\"Costa Rica Natural Tours\"},\"image\":{\"@id\":\"https:\\\/\\\/costaricanaturaltours.com\\\/es\\\/#\\\/schema\\\/logo\\\/image\\\/\"},\"sameAs\":[\"https:\\\/\\\/www.facebook.com\\\/Costa-Rica-Natural-Tours-455340267965611\\\/?fref=ts\"]}]}<\/script>\n<!-- \/ Yoast SEO plugin. -->","yoast_head_json":{"title":"Traslados Aeropuertos - Costa Rica Natural Tours","robots":{"index":"index","follow":"follow","max-snippet":"max-snippet:-1","max-image-preview":"max-image-preview:large","max-video-preview":"max-video-preview:-1"},"canonical":"https:\/\/costaricanaturaltours.com\/es\/airport-transfers\/","og_locale":"es_ES","og_type":"article","og_title":"Traslados Aeropuertos - Costa Rica Natural Tours","og_description":"[vc_row][vc_column][vc_single_image image=&#8221;4353&#8243; img_size=&#8221;full&#8221; alignment=&#8221;center&#8221;][\/vc_column][\/vc_row][vc_row][vc_column][vc_column_text] Servicio de traslado desde y hacia el Aeropuerto El\u00a0mismo\u00a0es\u00a0un servicio privado, personalizado y est\u00e1 disponible 24&#215;7,\u00a0 adem\u00e1s es la forma m\u00e1s f\u00e1cil y rentable de movilizarse\u00a0desde\u00a0el aeropuerto a su\u00a0hotel en Costa Rica. El pa\u00eds\u00a0cuenta con\u00a02 aeropuertos internacionales, el m\u00e1s importante es el Juan Santamar\u00eda (SJO) a minutos\u00a0de\u00a0San Jos\u00e9, la capital. El [&hellip;]","og_url":"https:\/\/costaricanaturaltours.com\/es\/airport-transfers\/","og_site_name":"Costa Rica Natural Tours","article_publisher":"https:\/\/www.facebook.com\/Costa-Rica-Natural-Tours-455340267965611\/?fref=ts","article_modified_time":"2024-07-03T21:02:05+00:00","twitter_card":"summary_large_image","twitter_misc":{"Tiempo de lectura":"2 minutos"},"schema":{"@context":"https:\/\/schema.org","@graph":[{"@type":"WebPage","@id":"https:\/\/costaricanaturaltours.com\/es\/airport-transfers\/","url":"https:\/\/costaricanaturaltours.com\/es\/airport-transfers\/","name":"Traslados Aeropuertos - Costa Rica Natural Tours","isPartOf":{"@id":"https:\/\/costaricanaturaltours.com\/es\/#website"},"datePublished":"2017-03-17T21:18:32+00:00","dateModified":"2024-07-03T21:02:05+00:00","breadcrumb":{"@id":"https:\/\/costaricanaturaltours.com\/es\/airport-transfers\/#breadcrumb"},"inLanguage":"es","potentialAction":[{"@type":"ReadAction","target":[["https:\/\/costaricanaturaltours.com\/es\/airport-transfers\/"]]}]},{"@type":"BreadcrumbList","@id":"https:\/\/costaricanaturaltours.com\/es\/airport-transfers\/#breadcrumb","itemListElement":[{"@type":"ListItem","position":1,"name":"Home","item":"https:\/\/costaricanaturaltours.com\/es\/"},{"@type":"ListItem","position":2,"name":"Traslados Aeropuertos"}]},{"@type":"WebSite","@id":"https:\/\/costaricanaturaltours.com\/es\/#website","url":"https:\/\/costaricanaturaltours.com\/es\/","name":"Costa Rica Natural Tours","description":"La mejor manera de disfrutar Costa Rica","publisher":{"@id":"https:\/\/costaricanaturaltours.com\/es\/#organization"},"potentialAction":[{"@type":"SearchAction","target":{"@type":"EntryPoint","urlTemplate":"https:\/\/costaricanaturaltours.com\/es\/?s={search_term_string}"},"query-input":{"@type":"PropertyValueSpecification","valueRequired":true,"valueName":"search_term_string"}}],"inLanguage":"es"},{"@type":"Organization","@id":"https:\/\/costaricanaturaltours.com\/es\/#organization","name":"Costa Rica Natural Tours","url":"https:\/\/costaricanaturaltours.com\/es\/","logo":{"@type":"ImageObject","inLanguage":"es","@id":"https:\/\/costaricanaturaltours.com\/es\/#\/schema\/logo\/image\/","url":"http:\/\/costaricanaturaltours.com\/wp-content\/uploads\/2015\/11\/small_logo1.png","contentUrl":"http:\/\/costaricanaturaltours.com\/wp-content\/uploads\/2015\/11\/small_logo1.png","width":170,"height":140,"caption":"Costa Rica Natural Tours"},"image":{"@id":"https:\/\/costaricanaturaltours.com\/es\/#\/schema\/logo\/image\/"},"sameAs":["https:\/\/www.facebook.com\/Costa-Rica-Natural-Tours-455340267965611\/?fref=ts"]}]}},"_links":{"self":[{"href":"https:\/\/costaricanaturaltours.com\/es\/wp-json\/wp\/v2\/pages\/3692","targetHints":{"allow":["GET"]}}],"collection":[{"href":"https:\/\/costaricanaturaltours.com\/es\/wp-json\/wp\/v2\/pages"}],"about":[{"href":"https:\/\/costaricanaturaltours.com\/es\/wp-json\/wp\/v2\/types\/page"}],"author":[{"embeddable":true,"href":"https:\/\/costaricanaturaltours.com\/es\/wp-json\/wp\/v2\/users\/1"}],"replies":[{"embeddable":true,"href":"https:\/\/costaricanaturaltours.com\/es\/wp-json\/wp\/v2\/comments?post=3692"}],"version-history":[{"count":44,"href":"https:\/\/costaricanaturaltours.com\/es\/wp-json\/wp\/v2\/pages\/3692\/revisions"}],"predecessor-version":[{"id":12707,"href":"https:\/\/costaricanaturaltours.com\/es\/wp-json\/wp\/v2\/pages\/3692\/revisions\/12707"}],"wp:attachment":[{"href":"https:\/\/costaricanaturaltours.com\/es\/wp-json\/wp\/v2\/media?parent=3692"}],"curies":[{"name":"wp","href":"https:\/\/api.w.org\/{rel}","templated":true}]}}