{"id":3522,"date":"2017-03-14T14:27:43","date_gmt":"2017-03-14T14:27:43","guid":{"rendered":"https:\/\/costaricanaturaltours.com\/es\/?page_id=3522"},"modified":"2024-07-03T14:39:06","modified_gmt":"2024-07-03T20:39:06","slug":"air-transport","status":"publish","type":"page","link":"https:\/\/costaricanaturaltours.com\/es\/air-transport\/","title":{"rendered":"Transporte A\u00e9reo"},"content":{"rendered":"<div class=\"wpb-content-wrapper\"><p>[vc_row css=&#8221;.vc_custom_1493379109661{background-color: #ffffff !important;}&#8221;][vc_column width=&#8221;1\/4&#8243;][vc_empty_space][vc_column_text]<\/p>\n<p style=\"text-align: center;\"><span style=\"color: #ff6600;\"><strong>Formulario de Reservaci\u00f3n Vuelo local<\/strong><\/span><\/p>\n<p style=\"text-align: justify;\">Por favor, rellena y env\u00ede este formulario con el fin de garantizar su reservaci\u00f3n. Vamos a confirmar su reserva tan pronto como sea posible. Toda la informaci\u00f3n enviada se mantendr\u00e1 de forma confidencial.<\/p>\n<p>[\/vc_column_text][vc_row_inner css=&#8221;.vc_custom_1489596303274{background-color: #ffffff !important;}&#8221;][vc_column_inner][vc_empty_space][vc_single_image image=&#8221;3515&#8243; img_size=&#8221;415&#215;277&#8243; style=&#8221;vc_box_circle_2&#8243; onclick=&#8221;link_image&#8221;][vc_single_image image=&#8221;3509&#8243; img_size=&#8221;415&#215;277&#8243; style=&#8221;vc_box_circle_2&#8243; onclick=&#8221;link_image&#8221;][vc_single_image image=&#8221;3531&#8243; img_size=&#8221;415&#215;277&#8243; style=&#8221;vc_box_circle_2&#8243; onclick=&#8221;link_image&#8221;][\/vc_column_inner][\/vc_row_inner][\/vc_column][vc_column width=&#8221;3\/4&#8243;][vc_empty_space]\n<div class=\"wpcf7 no-js\" id=\"wpcf7-f3525-o1\" lang=\"es-ES\" dir=\"ltr\" data-wpcf7-id=\"3525\">\n<div class=\"screen-reader-response\"><p role=\"status\" aria-live=\"polite\" aria-atomic=\"true\"><\/p> <ul><\/ul><\/div>\n<form action=\"\/es\/wp-json\/wp\/v2\/pages\/3522#wpcf7-f3525-o1\" method=\"post\" class=\"wpcf7-form init\" aria-label=\"Formulario de contacto\" novalidate=\"novalidate\" data-status=\"init\">\n<fieldset class=\"hidden-fields-container\"><input type=\"hidden\" name=\"_wpcf7\" value=\"3525\" \/><input type=\"hidden\" name=\"_wpcf7_version\" value=\"6.1.5\" \/><input type=\"hidden\" name=\"_wpcf7_locale\" value=\"es_ES\" \/><input type=\"hidden\" name=\"_wpcf7_unit_tag\" value=\"wpcf7-f3525-o1\" \/><input type=\"hidden\" name=\"_wpcf7_container_post\" value=\"0\" \/><input type=\"hidden\" name=\"_wpcf7_posted_data_hash\" value=\"\" \/><input type=\"hidden\" name=\"_wpcf7_recaptcha_response\" value=\"\" \/>\n<\/fieldset>\n<p><label> Nombre completo (requerido):<br \/>\n<span class=\"wpcf7-form-control-wrap\" data-name=\"your-name\"><input size=\"40\" maxlength=\"400\" class=\"wpcf7-form-control wpcf7-text wpcf7-validates-as-required\" aria-required=\"true\" aria-invalid=\"false\" value=\"\" type=\"text\" name=\"your-name\" \/><\/span> <\/label>\n<\/p>\n<p><label> Correo (requerido):<br \/>\n<span class=\"wpcf7-form-control-wrap\" data-name=\"your-email\"><input size=\"40\" maxlength=\"400\" class=\"wpcf7-form-control wpcf7-email wpcf7-validates-as-required wpcf7-text wpcf7-validates-as-email\" aria-required=\"true\" aria-invalid=\"false\" value=\"\" type=\"email\" name=\"your-email\" \/><\/span> <\/label>\n<\/p>\n<p><label> Tel\u00e9fono:<br \/>\n<span class=\"wpcf7-form-control-wrap\" data-name=\"telefono\"><input size=\"40\" maxlength=\"400\" class=\"wpcf7-form-control wpcf7-tel wpcf7-text wpcf7-validates-as-tel\" aria-invalid=\"false\" value=\"\" type=\"tel\" name=\"telefono\" \/><\/span> <\/label>\n<\/p>\n<p><label> Pa\u00eds:<br \/>\n<span class=\"wpcf7-form-control-wrap\" data-name=\"pais\"><input size=\"40\" maxlength=\"400\" class=\"wpcf7-form-control wpcf7-text\" aria-invalid=\"false\" value=\"\" type=\"text\" name=\"pais\" \/><\/span> <\/label>\n<\/p>\n<p><label> N\u00famero de adultos:<br \/>\n<span class=\"wpcf7-form-control-wrap\" data-name=\"adultos\"><input class=\"wpcf7-form-control wpcf7-number wpcf7-validates-as-number\" aria-invalid=\"false\" value=\"\" type=\"number\" name=\"adultos\" \/><\/span> <\/label>\n<\/p>\n<p><label> N\u00famero de Ni\u00f1os:<br \/>\n<span class=\"wpcf7-form-control-wrap\" data-name=\"ninos\"><input class=\"wpcf7-form-control wpcf7-number wpcf7-validates-as-number\" aria-invalid=\"false\" value=\"\" type=\"number\" name=\"ninos\" \/><\/span> <\/label>\n<\/p>\n<p><label> Edad de los Ni\u00f1os:<br \/>\n<span class=\"wpcf7-form-control-wrap\" data-name=\"edadninos\"><input size=\"40\" maxlength=\"400\" class=\"wpcf7-form-control wpcf7-text\" aria-invalid=\"false\" value=\"\" type=\"text\" name=\"edadninos\" \/><\/span> <\/label>\n<\/p>\n<p><label> Destino de ida:<br \/>\n<span class=\"wpcf7-form-control-wrap\" data-name=\"destinosansa\"><select class=\"wpcf7-form-control wpcf7-select\" aria-invalid=\"false\" name=\"destinosansa\"><option value=\"\">&#8212;Por favor, elige una opci\u00f3n&#8212;<\/option><option value=\"Puerto Jim\u00e9nez-San Jos\u00e9\">Puerto Jim\u00e9nez-San Jos\u00e9<\/option><option value=\"San Jos\u00e9- Puerto Jim\u00e9nez\">San Jos\u00e9- Puerto Jim\u00e9nez<\/option><option value=\"San Jos\u00e9-Golfito\">San Jos\u00e9-Golfito<\/option><option value=\"Golfito-San Jos\u00e9\">Golfito-San Jos\u00e9<\/option><option value=\"Palmar Sur-San Jos\u00e9\">Palmar Sur-San Jos\u00e9<\/option><option value=\"San Jos\u00e9-Palmar Sur\">San Jos\u00e9-Palmar Sur<\/option><option value=\"Drake Bay-San Jos\u00e9\">Drake Bay-San Jos\u00e9<\/option><option value=\"San Jos\u00e9-Drake Bay\">San Jos\u00e9-Drake Bay<\/option><option value=\"Manuel Antonio-San Jos\u00e9\">Manuel Antonio-San Jos\u00e9<\/option><option value=\"San Jos\u00e9-Manuel Antonio\">San Jos\u00e9-Manuel Antonio<\/option><option value=\"Tambor-San Jos\u00e9\">Tambor-San Jos\u00e9<\/option><option value=\"San Jos\u00e9-Tambor\">San Jos\u00e9-Tambor<\/option><option value=\"Liberia-San Jos\u00e9\">Liberia-San Jos\u00e9<\/option><option value=\"San Jos\u00e9-Liberia\">San Jos\u00e9-Liberia<\/option><option value=\"Liberia-Costa Esmeralda\">Liberia-Costa Esmeralda<\/option><option value=\"Costa Esmeralda-Liberia\">Costa Esmeralda-Liberia<\/option><option value=\"Liberia-Tambor\">Liberia-Tambor<\/option><option value=\"Tambor-Liberia\">Tambor-Liberia<\/option><option value=\"Liberia-Tamarindo\">Liberia-Tamarindo<\/option><option value=\"Tamarindo-Liberia\">Tamarindo-Liberia<\/option><option value=\"San Jos\u00e9-Fortuna\">San Jos\u00e9-Fortuna<\/option><option value=\"Fortuna-San Jos\u00e9\">Fortuna-San Jos\u00e9<\/option><option value=\"Tortuguero-Fortuna\">Tortuguero-Fortuna<\/option><option value=\"San Jos\u00e9-Tamarindo\">San Jos\u00e9-Tamarindo<\/option><option value=\"Tamarindo-San Jos\u00e9\">Tamarindo-San Jos\u00e9<\/option><option value=\"San Jos\u00e9-Lim\u00f3n\">San Jos\u00e9-Lim\u00f3n<\/option><option value=\"Lim\u00f3n-San Jos\u00e9\">Lim\u00f3n-San Jos\u00e9<\/option><option value=\"San Jos\u00e9-Costa Esmeralda\">San Jos\u00e9-Costa Esmeralda<\/option><option value=\"Costa Esmeralda-San Jos\u00e9\">Costa Esmeralda-San Jos\u00e9<\/option><option value=\"San Jos\u00e9-San Isidro\">San Jos\u00e9-San Isidro<\/option><option value=\"San Isidro-San Jos\u00e9\">San Isidro-San Jos\u00e9<\/option><option value=\"San Jos\u00e9-Tortuguero\">San Jos\u00e9-Tortuguero<\/option><option value=\"Tortuguero-San Jos\u00e9\">Tortuguero-San Jos\u00e9<\/option><option value=\"Fortuna-Quepos\">Fortuna-Quepos<\/option><option value=\"Quepos-Fortuna\">Quepos-Fortuna<\/option><option value=\"Nosara-Liberia\">Nosara-Liberia<\/option><option value=\"Liberia-Nosara\">Liberia-Nosara<\/option><option value=\"San Jos\u00e9-Nosara\">San Jos\u00e9-Nosara<\/option><option value=\"Nosara-San Jos\u00e9\">Nosara-San Jos\u00e9<\/option><option value=\"Nosara-Tamarindo\">Nosara-Tamarindo<\/option><option value=\"Tamarindo-Nosara\">Tamarindo-Nosara<\/option><option value=\"Golfito-Puerto Jim\u00e9nez\">Golfito-Puerto Jim\u00e9nez<\/option><option value=\"Puerto Jim\u00e9nez-Drake Bay\">Puerto Jim\u00e9nez-Drake Bay<\/option><option value=\"Drake Bay-Puerto Jim\u00e9nez\">Drake Bay-Puerto Jim\u00e9nez<\/option><option value=\"Puerto Jim\u00e9nez-Golfito\">Puerto Jim\u00e9nez-Golfito<\/option><\/select><\/span><\/label>\n<\/p>\n<p><label> Destino de regreso:<br \/>\n<span class=\"wpcf7-form-control-wrap\" data-name=\"destinonatureair\"><select class=\"wpcf7-form-control wpcf7-select\" aria-invalid=\"false\" name=\"destinonatureair\"><option value=\"\">&#8212;Por favor, elige una opci\u00f3n&#8212;<\/option><option value=\"Puerto Jim\u00e9nez-San Jos\u00e9\">Puerto Jim\u00e9nez-San Jos\u00e9<\/option><option value=\"San Jos\u00e9- Puerto Jim\u00e9nez\">San Jos\u00e9- Puerto Jim\u00e9nez<\/option><option value=\"San Jos\u00e9-Golfito\">San Jos\u00e9-Golfito<\/option><option value=\"Golfito-San Jos\u00e9\">Golfito-San Jos\u00e9<\/option><option value=\"Palmar Sur-San Jos\u00e9\">Palmar Sur-San Jos\u00e9<\/option><option value=\"San Jos\u00e9-Palmar Sur\">San Jos\u00e9-Palmar Sur<\/option><option value=\"Drake Bay-San Jos\u00e9\">Drake Bay-San Jos\u00e9<\/option><option value=\"San Jos\u00e9-Drake Bay\">San Jos\u00e9-Drake Bay<\/option><option value=\"Manuel Antonio-San Jos\u00e9\">Manuel Antonio-San Jos\u00e9<\/option><option value=\"San Jos\u00e9-Manuel Antonio\">San Jos\u00e9-Manuel Antonio<\/option><option value=\"Tambor-San Jos\u00e9\">Tambor-San Jos\u00e9<\/option><option value=\"San Jos\u00e9-Tambor\">San Jos\u00e9-Tambor<\/option><option value=\"Liberia-San Jos\u00e9\">Liberia-San Jos\u00e9<\/option><option value=\"San Jos\u00e9-Liberia\">San Jos\u00e9-Liberia<\/option><option value=\"Liberia-Costa Esmeralda\">Liberia-Costa Esmeralda<\/option><option value=\"Costa Esmeralda-Liberia\">Costa Esmeralda-Liberia<\/option><option value=\"Liberia-Tambor\">Liberia-Tambor<\/option><option value=\"Tambor-Liberia\">Tambor-Liberia<\/option><option value=\"Liberia-Tamarindo\">Liberia-Tamarindo<\/option><option value=\"Tamarindo-Liberia\">Tamarindo-Liberia<\/option><option value=\"San Jos\u00e9-Fortuna\">San Jos\u00e9-Fortuna<\/option><option value=\"Fortuna-San Jos\u00e9\">Fortuna-San Jos\u00e9<\/option><option value=\"Tortuguero-Fortuna\">Tortuguero-Fortuna<\/option><option value=\"San Jos\u00e9-Tamarindo\">San Jos\u00e9-Tamarindo<\/option><option value=\"Tamarindo-San Jos\u00e9\">Tamarindo-San Jos\u00e9<\/option><option value=\"San Jos\u00e9-Lim\u00f3n\">San Jos\u00e9-Lim\u00f3n<\/option><option value=\"Lim\u00f3n-San Jos\u00e9\">Lim\u00f3n-San Jos\u00e9<\/option><option value=\"San Jos\u00e9-Costa Esmeralda\">San Jos\u00e9-Costa Esmeralda<\/option><option value=\"Costa Esmeralda-San Jos\u00e9\">Costa Esmeralda-San Jos\u00e9<\/option><option value=\"San Jos\u00e9-San Isidro\">San Jos\u00e9-San Isidro<\/option><option value=\"San Isidro-San Jos\u00e9\">San Isidro-San Jos\u00e9<\/option><option value=\"San Jos\u00e9-Tortuguero\">San Jos\u00e9-Tortuguero<\/option><option value=\"Tortuguero-San Jos\u00e9\">Tortuguero-San Jos\u00e9<\/option><option value=\"Fortuna-Quepos\">Fortuna-Quepos<\/option><option value=\"Quepos-Fortuna\">Quepos-Fortuna<\/option><option value=\"Nosara-Liberia\">Nosara-Liberia<\/option><option value=\"Liberia-Nosara\">Liberia-Nosara<\/option><option value=\"San Jos\u00e9-Nosara\">San Jos\u00e9-Nosara<\/option><option value=\"Nosara-San Jos\u00e9\">Nosara-San Jos\u00e9<\/option><option value=\"Nosara-Tamarindo\">Nosara-Tamarindo<\/option><option value=\"Tamarindo-Nosara\">Tamarindo-Nosara<\/option><option value=\"Golfito-Puerto Jim\u00e9nez\">Golfito-Puerto Jim\u00e9nez<\/option><option value=\"Puerto Jim\u00e9nez-Drake Bay\">Puerto Jim\u00e9nez-Drake Bay<\/option><option value=\"Drake Bay-Puerto Jim\u00e9nez\">Drake Bay-Puerto Jim\u00e9nez<\/option><option value=\"Puerto Jim\u00e9nez-Golfito\">Puerto Jim\u00e9nez-Golfito<\/option><\/select><\/span><\/label>\n<\/p>\n<p>Tipo de vuelo:<br \/>\n<span class=\"wpcf7-form-control-wrap\" data-name=\"tipo\"><span class=\"wpcf7-form-control wpcf7-checkbox\"><span class=\"wpcf7-list-item first\"><label><input type=\"checkbox\" name=\"tipo[]\" value=\"Solo Ida\" \/><span class=\"wpcf7-list-item-label\">Solo Ida<\/span><\/label><\/span><span class=\"wpcf7-list-item last\"><label><input type=\"checkbox\" name=\"tipo[]\" value=\"Ida y Vuelta\" \/><span class=\"wpcf7-list-item-label\">Ida y Vuelta<\/span><\/label><\/span><\/span><\/span>\n<\/p>\n<p><label> L\u00ednea a\u00e9rea:<br \/>\n<span class=\"wpcf7-form-control-wrap\" data-name=\"linea\"><select class=\"wpcf7-form-control wpcf7-select\" aria-invalid=\"false\" name=\"linea\"><option value=\"\">&#8212;Por favor, elige una opci\u00f3n&#8212;<\/option><option value=\"Sansa\">Sansa<\/option><option value=\"Nature Air\">Nature Air<\/option><\/select><\/span> <\/label>\n<\/p>\n<p><label> Fecha de salida:<br \/>\n<span class=\"wpcf7-form-control-wrap\" data-name=\"fechasalida\"><input class=\"wpcf7-form-control wpcf7-date wpcf7-validates-as-date\" aria-invalid=\"false\" value=\"\" type=\"date\" name=\"fechasalida\" \/><\/span> <\/label>\n<\/p>\n<p><label> Fecha de regreso:<br \/>\n<span class=\"wpcf7-form-control-wrap\" data-name=\"fecharegreso\"><input class=\"wpcf7-form-control wpcf7-date wpcf7-validates-as-date\" aria-invalid=\"false\" value=\"\" type=\"date\" name=\"fecharegreso\" \/><\/span> <\/label>\n<\/p>\n<p><label> Pregunta\/Comentarios:<br \/>\n<span class=\"wpcf7-form-control-wrap\" data-name=\"comentarios\"><textarea cols=\"40\" rows=\"10\" maxlength=\"2000\" class=\"wpcf7-form-control wpcf7-textarea\" aria-invalid=\"false\" name=\"comentarios\"><\/textarea><\/span> <\/label>\n<\/p>\n<p><input class=\"wpcf7-form-control wpcf7-submit has-spinner\" type=\"submit\" value=\"ENVIAR\" \/>\n<\/p>\n<p><label>Verificaremos la disponibilidad y realizaremos sus reservaciones tan pronto recibamos este formulario.<\/label>\n<\/p><p style=\"display: none !important;\" class=\"akismet-fields-container\" data-prefix=\"_wpcf7_ak_\"><label>&#916;<textarea name=\"_wpcf7_ak_hp_textarea\" cols=\"45\" rows=\"8\" maxlength=\"100\"><\/textarea><\/label><input type=\"hidden\" id=\"ak_js_1\" name=\"_wpcf7_ak_js\" value=\"128\"\/><script type=\"text\/javascript\">\n\/* <![CDATA[ *\/\ndocument.getElementById( \"ak_js_1\" ).setAttribute( \"value\", ( new Date() ).getTime() );\n\/* ]]> *\/\n<\/script>\n<\/p><div class=\"wpcf7-response-output\" aria-hidden=\"true\"><\/div>\n<\/form>\n<\/div>\n[\/vc_column][\/vc_row]<\/p>\n<\/div>","protected":false},"excerpt":{"rendered":"<p>[vc_row css=&#8221;.vc_custom_1493379109661{background-color: #ffffff !important;}&#8221;][vc_column width=&#8221;1\/4&#8243;][vc_empty_space][vc_column_text] Formulario de Reservaci\u00f3n Vuelo local Por favor, rellena y env\u00ede este formulario con el fin de garantizar su reservaci\u00f3n. Vamos a confirmar su reserva tan pronto como sea posible. Toda la informaci\u00f3n enviada se mantendr\u00e1 de forma confidencial. [\/vc_column_text][vc_row_inner css=&#8221;.vc_custom_1489596303274{background-color: #ffffff !important;}&#8221;][vc_column_inner][vc_empty_space][vc_single_image image=&#8221;3515&#8243; img_size=&#8221;415&#215;277&#8243; style=&#8221;vc_box_circle_2&#8243; onclick=&#8221;link_image&#8221;][vc_single_image image=&#8221;3509&#8243; img_size=&#8221;415&#215;277&#8243; style=&#8221;vc_box_circle_2&#8243; onclick=&#8221;link_image&#8221;][vc_single_image [&hellip;]<\/p>\n","protected":false},"author":1,"featured_media":0,"parent":0,"menu_order":0,"comment_status":"closed","ping_status":"closed","template":"","meta":{"footnotes":""},"class_list":["post-3522","page","type-page","status-publish","hentry"],"yoast_head":"<!-- This site is optimized with the Yoast SEO plugin v27.5 - https:\/\/yoast.com\/product\/yoast-seo-wordpress\/ -->\n<title>Transporte A\u00e9reo - Costa Rica Natural Tours<\/title>\n<meta name=\"robots\" content=\"index, follow, max-snippet:-1, max-image-preview:large, max-video-preview:-1\" \/>\n<link rel=\"canonical\" href=\"https:\/\/costaricanaturaltours.com\/es\/air-transport\/\" \/>\n<meta property=\"og:locale\" content=\"es_ES\" \/>\n<meta property=\"og:type\" content=\"article\" \/>\n<meta property=\"og:title\" content=\"Transporte A\u00e9reo - Costa Rica Natural Tours\" \/>\n<meta property=\"og:description\" content=\"[vc_row css=&#8221;.vc_custom_1493379109661{background-color: #ffffff !important;}&#8221;][vc_column width=&#8221;1\/4&#8243;][vc_empty_space][vc_column_text] Formulario de Reservaci\u00f3n Vuelo local Por favor, rellena y env\u00ede este formulario con el fin de garantizar su reservaci\u00f3n. Vamos a confirmar su reserva tan pronto como sea posible. Toda la informaci\u00f3n enviada se mantendr\u00e1 de forma confidencial. [\/vc_column_text][vc_row_inner css=&#8221;.vc_custom_1489596303274{background-color: #ffffff !important;}&#8221;][vc_column_inner][vc_empty_space][vc_single_image image=&#8221;3515&#8243; img_size=&#8221;415&#215;277&#8243; style=&#8221;vc_box_circle_2&#8243; onclick=&#8221;link_image&#8221;][vc_single_image image=&#8221;3509&#8243; img_size=&#8221;415&#215;277&#8243; style=&#8221;vc_box_circle_2&#8243; onclick=&#8221;link_image&#8221;][vc_single_image [&hellip;]\" \/>\n<meta property=\"og:url\" content=\"https:\/\/costaricanaturaltours.com\/es\/air-transport\/\" \/>\n<meta property=\"og:site_name\" content=\"Costa Rica Natural Tours\" \/>\n<meta property=\"article:publisher\" content=\"https:\/\/www.facebook.com\/Costa-Rica-Natural-Tours-455340267965611\/?fref=ts\" \/>\n<meta property=\"article:modified_time\" content=\"2024-07-03T20:39:06+00:00\" \/>\n<meta name=\"twitter:card\" content=\"summary_large_image\" \/>\n<meta name=\"twitter:label1\" content=\"Tiempo de lectura\" \/>\n\t<meta name=\"twitter:data1\" content=\"1 minuto\" \/>\n<script type=\"application\/ld+json\" class=\"yoast-schema-graph\">{\"@context\":\"https:\\\/\\\/schema.org\",\"@graph\":[{\"@type\":\"WebPage\",\"@id\":\"https:\\\/\\\/costaricanaturaltours.com\\\/es\\\/air-transport\\\/\",\"url\":\"https:\\\/\\\/costaricanaturaltours.com\\\/es\\\/air-transport\\\/\",\"name\":\"Transporte A\u00e9reo - Costa Rica Natural Tours\",\"isPartOf\":{\"@id\":\"https:\\\/\\\/costaricanaturaltours.com\\\/es\\\/#website\"},\"datePublished\":\"2017-03-14T14:27:43+00:00\",\"dateModified\":\"2024-07-03T20:39:06+00:00\",\"breadcrumb\":{\"@id\":\"https:\\\/\\\/costaricanaturaltours.com\\\/es\\\/air-transport\\\/#breadcrumb\"},\"inLanguage\":\"es\",\"potentialAction\":[{\"@type\":\"ReadAction\",\"target\":[[\"https:\\\/\\\/costaricanaturaltours.com\\\/es\\\/air-transport\\\/\"]]}]},{\"@type\":\"BreadcrumbList\",\"@id\":\"https:\\\/\\\/costaricanaturaltours.com\\\/es\\\/air-transport\\\/#breadcrumb\",\"itemListElement\":[{\"@type\":\"ListItem\",\"position\":1,\"name\":\"Home\",\"item\":\"https:\\\/\\\/costaricanaturaltours.com\\\/es\\\/\"},{\"@type\":\"ListItem\",\"position\":2,\"name\":\"Transporte A\u00e9reo\"}]},{\"@type\":\"WebSite\",\"@id\":\"https:\\\/\\\/costaricanaturaltours.com\\\/es\\\/#website\",\"url\":\"https:\\\/\\\/costaricanaturaltours.com\\\/es\\\/\",\"name\":\"Costa Rica Natural Tours\",\"description\":\"La mejor manera de disfrutar Costa Rica\",\"publisher\":{\"@id\":\"https:\\\/\\\/costaricanaturaltours.com\\\/es\\\/#organization\"},\"potentialAction\":[{\"@type\":\"SearchAction\",\"target\":{\"@type\":\"EntryPoint\",\"urlTemplate\":\"https:\\\/\\\/costaricanaturaltours.com\\\/es\\\/?s={search_term_string}\"},\"query-input\":{\"@type\":\"PropertyValueSpecification\",\"valueRequired\":true,\"valueName\":\"search_term_string\"}}],\"inLanguage\":\"es\"},{\"@type\":\"Organization\",\"@id\":\"https:\\\/\\\/costaricanaturaltours.com\\\/es\\\/#organization\",\"name\":\"Costa Rica Natural Tours\",\"url\":\"https:\\\/\\\/costaricanaturaltours.com\\\/es\\\/\",\"logo\":{\"@type\":\"ImageObject\",\"inLanguage\":\"es\",\"@id\":\"https:\\\/\\\/costaricanaturaltours.com\\\/es\\\/#\\\/schema\\\/logo\\\/image\\\/\",\"url\":\"http:\\\/\\\/costaricanaturaltours.com\\\/wp-content\\\/uploads\\\/2015\\\/11\\\/small_logo1.png\",\"contentUrl\":\"http:\\\/\\\/costaricanaturaltours.com\\\/wp-content\\\/uploads\\\/2015\\\/11\\\/small_logo1.png\",\"width\":170,\"height\":140,\"caption\":\"Costa Rica Natural Tours\"},\"image\":{\"@id\":\"https:\\\/\\\/costaricanaturaltours.com\\\/es\\\/#\\\/schema\\\/logo\\\/image\\\/\"},\"sameAs\":[\"https:\\\/\\\/www.facebook.com\\\/Costa-Rica-Natural-Tours-455340267965611\\\/?fref=ts\"]}]}<\/script>\n<!-- \/ Yoast SEO plugin. -->","yoast_head_json":{"title":"Transporte A\u00e9reo - Costa Rica Natural Tours","robots":{"index":"index","follow":"follow","max-snippet":"max-snippet:-1","max-image-preview":"max-image-preview:large","max-video-preview":"max-video-preview:-1"},"canonical":"https:\/\/costaricanaturaltours.com\/es\/air-transport\/","og_locale":"es_ES","og_type":"article","og_title":"Transporte A\u00e9reo - Costa Rica Natural Tours","og_description":"[vc_row css=&#8221;.vc_custom_1493379109661{background-color: #ffffff !important;}&#8221;][vc_column width=&#8221;1\/4&#8243;][vc_empty_space][vc_column_text] Formulario de Reservaci\u00f3n Vuelo local Por favor, rellena y env\u00ede este formulario con el fin de garantizar su reservaci\u00f3n. Vamos a confirmar su reserva tan pronto como sea posible. Toda la informaci\u00f3n enviada se mantendr\u00e1 de forma confidencial. [\/vc_column_text][vc_row_inner css=&#8221;.vc_custom_1489596303274{background-color: #ffffff !important;}&#8221;][vc_column_inner][vc_empty_space][vc_single_image image=&#8221;3515&#8243; img_size=&#8221;415&#215;277&#8243; style=&#8221;vc_box_circle_2&#8243; onclick=&#8221;link_image&#8221;][vc_single_image image=&#8221;3509&#8243; img_size=&#8221;415&#215;277&#8243; style=&#8221;vc_box_circle_2&#8243; onclick=&#8221;link_image&#8221;][vc_single_image [&hellip;]","og_url":"https:\/\/costaricanaturaltours.com\/es\/air-transport\/","og_site_name":"Costa Rica Natural Tours","article_publisher":"https:\/\/www.facebook.com\/Costa-Rica-Natural-Tours-455340267965611\/?fref=ts","article_modified_time":"2024-07-03T20:39:06+00:00","twitter_card":"summary_large_image","twitter_misc":{"Tiempo de lectura":"1 minuto"},"schema":{"@context":"https:\/\/schema.org","@graph":[{"@type":"WebPage","@id":"https:\/\/costaricanaturaltours.com\/es\/air-transport\/","url":"https:\/\/costaricanaturaltours.com\/es\/air-transport\/","name":"Transporte A\u00e9reo - Costa Rica Natural Tours","isPartOf":{"@id":"https:\/\/costaricanaturaltours.com\/es\/#website"},"datePublished":"2017-03-14T14:27:43+00:00","dateModified":"2024-07-03T20:39:06+00:00","breadcrumb":{"@id":"https:\/\/costaricanaturaltours.com\/es\/air-transport\/#breadcrumb"},"inLanguage":"es","potentialAction":[{"@type":"ReadAction","target":[["https:\/\/costaricanaturaltours.com\/es\/air-transport\/"]]}]},{"@type":"BreadcrumbList","@id":"https:\/\/costaricanaturaltours.com\/es\/air-transport\/#breadcrumb","itemListElement":[{"@type":"ListItem","position":1,"name":"Home","item":"https:\/\/costaricanaturaltours.com\/es\/"},{"@type":"ListItem","position":2,"name":"Transporte A\u00e9reo"}]},{"@type":"WebSite","@id":"https:\/\/costaricanaturaltours.com\/es\/#website","url":"https:\/\/costaricanaturaltours.com\/es\/","name":"Costa Rica Natural Tours","description":"La mejor manera de disfrutar Costa Rica","publisher":{"@id":"https:\/\/costaricanaturaltours.com\/es\/#organization"},"potentialAction":[{"@type":"SearchAction","target":{"@type":"EntryPoint","urlTemplate":"https:\/\/costaricanaturaltours.com\/es\/?s={search_term_string}"},"query-input":{"@type":"PropertyValueSpecification","valueRequired":true,"valueName":"search_term_string"}}],"inLanguage":"es"},{"@type":"Organization","@id":"https:\/\/costaricanaturaltours.com\/es\/#organization","name":"Costa Rica Natural Tours","url":"https:\/\/costaricanaturaltours.com\/es\/","logo":{"@type":"ImageObject","inLanguage":"es","@id":"https:\/\/costaricanaturaltours.com\/es\/#\/schema\/logo\/image\/","url":"http:\/\/costaricanaturaltours.com\/wp-content\/uploads\/2015\/11\/small_logo1.png","contentUrl":"http:\/\/costaricanaturaltours.com\/wp-content\/uploads\/2015\/11\/small_logo1.png","width":170,"height":140,"caption":"Costa Rica Natural Tours"},"image":{"@id":"https:\/\/costaricanaturaltours.com\/es\/#\/schema\/logo\/image\/"},"sameAs":["https:\/\/www.facebook.com\/Costa-Rica-Natural-Tours-455340267965611\/?fref=ts"]}]}},"_links":{"self":[{"href":"https:\/\/costaricanaturaltours.com\/es\/wp-json\/wp\/v2\/pages\/3522","targetHints":{"allow":["GET"]}}],"collection":[{"href":"https:\/\/costaricanaturaltours.com\/es\/wp-json\/wp\/v2\/pages"}],"about":[{"href":"https:\/\/costaricanaturaltours.com\/es\/wp-json\/wp\/v2\/types\/page"}],"author":[{"embeddable":true,"href":"https:\/\/costaricanaturaltours.com\/es\/wp-json\/wp\/v2\/users\/1"}],"replies":[{"embeddable":true,"href":"https:\/\/costaricanaturaltours.com\/es\/wp-json\/wp\/v2\/comments?post=3522"}],"version-history":[{"count":29,"href":"https:\/\/costaricanaturaltours.com\/es\/wp-json\/wp\/v2\/pages\/3522\/revisions"}],"predecessor-version":[{"id":7442,"href":"https:\/\/costaricanaturaltours.com\/es\/wp-json\/wp\/v2\/pages\/3522\/revisions\/7442"}],"wp:attachment":[{"href":"https:\/\/costaricanaturaltours.com\/es\/wp-json\/wp\/v2\/media?parent=3522"}],"curies":[{"name":"wp","href":"https:\/\/api.w.org\/{rel}","templated":true}]}}