{"id":3423,"date":"2017-03-09T19:37:23","date_gmt":"2017-03-09T19:37:23","guid":{"rendered":"https:\/\/costaricanaturaltours.com\/es\/?page_id=3423"},"modified":"2024-07-02T10:33:01","modified_gmt":"2024-07-02T16:33:01","slug":"car-rental-reservation","status":"publish","type":"page","link":"https:\/\/costaricanaturaltours.com\/es\/car-rental-reservation\/","title":{"rendered":"Reservaci\u00f3n para Alquiler de Auto"},"content":{"rendered":"<div class=\"wpb-content-wrapper\"><p>[vc_row css=&#8221;.vc_custom_1493301437976{background-color: #ffffff !important;}&#8221;][vc_column width=&#8221;1\/4&#8243;][vc_column_text]<\/p>\n<p style=\"text-align: center;\"><span style=\"color: #ff6600;\"><strong>Formulario de Reservaci\u00f3n &#8211; Alquiler de Auto<\/strong><\/span><\/p>\n<p style=\"text-align: justify;\">Por favor, rellena y env\u00ede este formulario con el fin de garantizar su reservaci\u00f3n. Vamos a confirmar su reserva tan pronto como sea posible. Toda la informaci\u00f3n enviada se mantendr\u00e1 de forma confidencial.<\/p>\n<p>[\/vc_column_text][vc_empty_space][vc_empty_space][vc_empty_space][vc_single_image image=&#8221;6109&#8243; img_size=&#8221;medium&#8221; alignment=&#8221;center&#8221; style=&#8221;vc_box_circle_2&#8243;][vc_empty_space][vc_single_image image=&#8221;6126&#8243; img_size=&#8221;medium&#8221; alignment=&#8221;center&#8221; style=&#8221;vc_box_circle_2&#8243;][\/vc_column][vc_column width=&#8221;3\/4&#8243; css=&#8221;.vc_custom_1489089632772{background-color: #ffffff !important;}&#8221;]\n<div class=\"wpcf7 no-js\" id=\"wpcf7-f3429-o1\" lang=\"es-ES\" dir=\"ltr\" data-wpcf7-id=\"3429\">\n<div class=\"screen-reader-response\"><p role=\"status\" aria-live=\"polite\" aria-atomic=\"true\"><\/p> <ul><\/ul><\/div>\n<form action=\"\/es\/wp-json\/wp\/v2\/pages\/3423#wpcf7-f3429-o1\" method=\"post\" class=\"wpcf7-form init\" aria-label=\"Formulario de contacto\" novalidate=\"novalidate\" data-status=\"init\">\n<fieldset class=\"hidden-fields-container\"><input type=\"hidden\" name=\"_wpcf7\" value=\"3429\" \/><input type=\"hidden\" name=\"_wpcf7_version\" value=\"6.1.5\" \/><input type=\"hidden\" name=\"_wpcf7_locale\" value=\"es_ES\" \/><input type=\"hidden\" name=\"_wpcf7_unit_tag\" value=\"wpcf7-f3429-o1\" \/><input type=\"hidden\" name=\"_wpcf7_container_post\" value=\"0\" \/><input type=\"hidden\" name=\"_wpcf7_posted_data_hash\" value=\"\" \/><input type=\"hidden\" name=\"_wpcf7_recaptcha_response\" value=\"\" \/>\n<\/fieldset>\n<h4 class=\"box-title\">Informaci\u00f3n Personal\n<\/h4>\n<p><label> Nombre completo (requerido):<br \/>\n<span class=\"wpcf7-form-control-wrap\" data-name=\"your-name\"><input size=\"40\" maxlength=\"400\" class=\"wpcf7-form-control wpcf7-text wpcf7-validates-as-required\" aria-required=\"true\" aria-invalid=\"false\" value=\"\" type=\"text\" name=\"your-name\" \/><\/span> <\/label>\n<\/p>\n<p><label> Correo (requerido):<br \/>\n<span class=\"wpcf7-form-control-wrap\" data-name=\"your-email\"><input size=\"40\" maxlength=\"400\" class=\"wpcf7-form-control wpcf7-email wpcf7-validates-as-required wpcf7-text wpcf7-validates-as-email\" aria-required=\"true\" aria-invalid=\"false\" value=\"\" type=\"email\" name=\"your-email\" \/><\/span> <\/label>\n<\/p>\n<p><label> Tel\u00e9fono:<br \/>\n<span class=\"wpcf7-form-control-wrap\" data-name=\"telefono\"><input size=\"40\" maxlength=\"400\" class=\"wpcf7-form-control wpcf7-text\" aria-invalid=\"false\" value=\"\" type=\"text\" name=\"telefono\" \/><\/span> <\/label>\n<\/p>\n<p><label> Pa\u00eds:<br \/>\n<span class=\"wpcf7-form-control-wrap\" data-name=\"pais\"><input size=\"40\" maxlength=\"400\" class=\"wpcf7-form-control wpcf7-text\" aria-invalid=\"false\" value=\"\" type=\"text\" name=\"pais\" \/><\/span> <\/label>\n<\/p>\n<h4 class=\"box-title\">Informaci\u00f3n del Carro\n<\/h4>\n<p><label> Tipo de carro:<br \/>\n<span class=\"wpcf7-form-control-wrap\" data-name=\"tipodecarro\"><select class=\"wpcf7-form-control wpcf7-select\" aria-invalid=\"false\" name=\"tipodecarro\"><option value=\"Hyundai Grand I-10\">Hyundai Grand I-10<\/option><option value=\"Hyundai Tucson 4\u00d74\">Hyundai Tucson 4\u00d74<\/option><option value=\"Hyundai Santa Fe 4\u00d74\">Hyundai Santa Fe 4\u00d74<\/option><option value=\"Hyundai Grand I-10 Sedan Mini Elite\">Hyundai Grand I-10 Sedan Mini Elite<\/option><option value=\"Ssangyong Tivoli\">Ssangyong Tivoli<\/option><option value=\"Hyundai Accent Blue\">Hyundai Accent Blue<\/option><option value=\"Suzuki Jimmy\">Suzuki Jimmy<\/option><option value=\"Hyundai Creta\">Hyundai Creta<\/option><option value=\"Isuzo Dmax Doble Cabina 4\u00d74\">Isuzo Dmax Doble Cabina 4\u00d74<\/option><option value=\"Ford Explorer\">Ford Explorer<\/option><option value=\"Hyundai Elantra\">Hyundai Elantra<\/option><option value=\"Hyundai H-1\">Hyundai H-1<\/option><option value=\"Daihatsu Bego\">Daihatsu Bego<\/option><option value=\"Fiat Fiorino Panel\">Fiat Fiorino Panel<\/option><option value=\"Mitsubishi Montero Sport\">Mitsubishi Montero Sport<\/option><\/select><\/span> <\/label>\n<\/p>\n<p><label> N\u00famero de Adultos:<br \/>\n<span class=\"wpcf7-form-control-wrap\" data-name=\"adultos\"><input class=\"wpcf7-form-control wpcf7-number wpcf7-validates-as-number\" aria-invalid=\"false\" value=\"\" type=\"number\" name=\"adultos\" \/><\/span> <\/label>\n<\/p>\n<p><label> N\u00famero de Ni\u00f1os:<br \/>\n<span class=\"wpcf7-form-control-wrap\" data-name=\"ninos\"><input class=\"wpcf7-form-control wpcf7-number wpcf7-validates-as-number\" aria-invalid=\"false\" value=\"\" type=\"number\" name=\"ninos\" \/><\/span> <\/label>\n<\/p>\n<p><label> Edad de los ni\u00f1os:<br \/>\n<span class=\"wpcf7-form-control-wrap\" data-name=\"edad\"><input size=\"40\" maxlength=\"400\" class=\"wpcf7-form-control wpcf7-text\" aria-invalid=\"false\" value=\"\" type=\"text\" name=\"edad\" \/><\/span> <\/label>\n<\/p>\n<p><label> Lugar de entrega del veh\u00edculo:<br \/>\n<span class=\"wpcf7-form-control-wrap\" data-name=\"lugarentrega\"><input size=\"40\" maxlength=\"400\" class=\"wpcf7-form-control wpcf7-text\" aria-invalid=\"false\" value=\"\" type=\"text\" name=\"lugarentrega\" \/><\/span> <\/label>\n<\/p>\n<p><label> Fecha de entrega del veh\u00edculo:<br \/>\n<span class=\"wpcf7-form-control-wrap\" data-name=\"fechaentrega\"><input class=\"wpcf7-form-control wpcf7-date wpcf7-validates-as-date\" aria-invalid=\"false\" value=\"\" type=\"date\" name=\"fechaentrega\" \/><\/span> <\/label>\n<\/p>\n<p><label> Lugar de recogida del veh\u00edculo:<br \/>\n<span class=\"wpcf7-form-control-wrap\" data-name=\"lugarrecogida\"><input size=\"40\" maxlength=\"400\" class=\"wpcf7-form-control wpcf7-text\" aria-invalid=\"false\" value=\"\" type=\"text\" name=\"lugarrecogida\" \/><\/span> <\/label>\n<\/p>\n<p><label> Fecha de recogida del veh\u00edculo:<br \/>\n<span class=\"wpcf7-form-control-wrap\" data-name=\"fecharecogida\"><input class=\"wpcf7-form-control wpcf7-date wpcf7-validates-as-date\" aria-invalid=\"false\" value=\"\" type=\"date\" name=\"fecharecogida\" \/><\/span> <\/label>\n<\/p>\n<p><label> Comentarios o solicitudes adicionales :<br \/>\n<span class=\"wpcf7-form-control-wrap\" data-name=\"comentarios\"><textarea cols=\"40\" rows=\"10\" maxlength=\"2000\" class=\"wpcf7-form-control wpcf7-textarea\" aria-invalid=\"false\" name=\"comentarios\"><\/textarea><\/span> <\/label>\n<\/p>\n<p><input class=\"wpcf7-form-control wpcf7-submit has-spinner\" type=\"submit\" value=\"ENVIAR\" \/><br \/>\n<label>Verificaremos la disponibilidad y realizaremos sus reservaciones tan pronto recibamos este formulario.<\/label>\n<\/p><p style=\"display: none !important;\" class=\"akismet-fields-container\" data-prefix=\"_wpcf7_ak_\"><label>&#916;<textarea name=\"_wpcf7_ak_hp_textarea\" cols=\"45\" rows=\"8\" maxlength=\"100\"><\/textarea><\/label><input type=\"hidden\" id=\"ak_js_1\" name=\"_wpcf7_ak_js\" value=\"219\"\/><script>document.getElementById( \"ak_js_1\" ).setAttribute( \"value\", ( new Date() ).getTime() );<\/script><\/p><div class=\"wpcf7-response-output\" aria-hidden=\"true\"><\/div>\n<\/form>\n<\/div>\n[\/vc_column][\/vc_row]<\/p>\n<\/div>","protected":false},"excerpt":{"rendered":"<p>[vc_row css=&#8221;.vc_custom_1493301437976{background-color: #ffffff !important;}&#8221;][vc_column width=&#8221;1\/4&#8243;][vc_column_text] Formulario de Reservaci\u00f3n &#8211; Alquiler de Auto Por favor, rellena y env\u00ede este formulario con el fin de garantizar su reservaci\u00f3n. Vamos a confirmar su reserva tan pronto como sea posible. Toda la informaci\u00f3n enviada se mantendr\u00e1 de forma confidencial. [\/vc_column_text][vc_empty_space][vc_empty_space][vc_empty_space][vc_single_image image=&#8221;6109&#8243; img_size=&#8221;medium&#8221; alignment=&#8221;center&#8221; style=&#8221;vc_box_circle_2&#8243;][vc_empty_space][vc_single_image image=&#8221;6126&#8243; img_size=&#8221;medium&#8221; alignment=&#8221;center&#8221; style=&#8221;vc_box_circle_2&#8243;][\/vc_column][vc_column width=&#8221;3\/4&#8243; [&hellip;]<\/p>\n","protected":false},"author":1,"featured_media":0,"parent":0,"menu_order":0,"comment_status":"closed","ping_status":"closed","template":"","meta":{"footnotes":""},"class_list":["post-3423","page","type-page","status-publish","hentry"],"yoast_head":"<!-- This site is optimized with the Yoast SEO plugin v27.4 - https:\/\/yoast.com\/product\/yoast-seo-wordpress\/ -->\n<title>Reservaci\u00f3n para Alquiler de Auto - Costa Rica Natural Tours<\/title>\n<meta name=\"robots\" content=\"index, follow, max-snippet:-1, max-image-preview:large, max-video-preview:-1\" \/>\n<link rel=\"canonical\" href=\"https:\/\/costaricanaturaltours.com\/es\/car-rental-reservation\/\" \/>\n<meta property=\"og:locale\" content=\"es_ES\" \/>\n<meta property=\"og:type\" content=\"article\" \/>\n<meta property=\"og:title\" content=\"Reservaci\u00f3n para Alquiler de Auto - Costa Rica Natural Tours\" \/>\n<meta property=\"og:description\" content=\"[vc_row css=&#8221;.vc_custom_1493301437976{background-color: #ffffff !important;}&#8221;][vc_column width=&#8221;1\/4&#8243;][vc_column_text] Formulario de Reservaci\u00f3n &#8211; Alquiler de Auto Por favor, rellena y env\u00ede este formulario con el fin de garantizar su reservaci\u00f3n. Vamos a confirmar su reserva tan pronto como sea posible. Toda la informaci\u00f3n enviada se mantendr\u00e1 de forma confidencial. [\/vc_column_text][vc_empty_space][vc_empty_space][vc_empty_space][vc_single_image image=&#8221;6109&#8243; img_size=&#8221;medium&#8221; alignment=&#8221;center&#8221; style=&#8221;vc_box_circle_2&#8243;][vc_empty_space][vc_single_image image=&#8221;6126&#8243; img_size=&#8221;medium&#8221; alignment=&#8221;center&#8221; style=&#8221;vc_box_circle_2&#8243;][\/vc_column][vc_column width=&#8221;3\/4&#8243; [&hellip;]\" \/>\n<meta property=\"og:url\" content=\"https:\/\/costaricanaturaltours.com\/es\/car-rental-reservation\/\" \/>\n<meta property=\"og:site_name\" content=\"Costa Rica Natural Tours\" \/>\n<meta property=\"article:publisher\" content=\"https:\/\/www.facebook.com\/Costa-Rica-Natural-Tours-455340267965611\/?fref=ts\" \/>\n<meta property=\"article:modified_time\" content=\"2024-07-02T16:33:01+00:00\" \/>\n<meta name=\"twitter:card\" content=\"summary_large_image\" \/>\n<meta name=\"twitter:label1\" content=\"Tiempo de lectura\" \/>\n\t<meta name=\"twitter:data1\" content=\"1 minuto\" \/>\n<script type=\"application\/ld+json\" class=\"yoast-schema-graph\">{\"@context\":\"https:\\\/\\\/schema.org\",\"@graph\":[{\"@type\":\"WebPage\",\"@id\":\"https:\\\/\\\/costaricanaturaltours.com\\\/es\\\/car-rental-reservation\\\/\",\"url\":\"https:\\\/\\\/costaricanaturaltours.com\\\/es\\\/car-rental-reservation\\\/\",\"name\":\"Reservaci\u00f3n para Alquiler de Auto - Costa Rica Natural Tours\",\"isPartOf\":{\"@id\":\"https:\\\/\\\/costaricanaturaltours.com\\\/es\\\/#website\"},\"datePublished\":\"2017-03-09T19:37:23+00:00\",\"dateModified\":\"2024-07-02T16:33:01+00:00\",\"breadcrumb\":{\"@id\":\"https:\\\/\\\/costaricanaturaltours.com\\\/es\\\/car-rental-reservation\\\/#breadcrumb\"},\"inLanguage\":\"es\",\"potentialAction\":[{\"@type\":\"ReadAction\",\"target\":[[\"https:\\\/\\\/costaricanaturaltours.com\\\/es\\\/car-rental-reservation\\\/\"]]}]},{\"@type\":\"BreadcrumbList\",\"@id\":\"https:\\\/\\\/costaricanaturaltours.com\\\/es\\\/car-rental-reservation\\\/#breadcrumb\",\"itemListElement\":[{\"@type\":\"ListItem\",\"position\":1,\"name\":\"Home\",\"item\":\"https:\\\/\\\/costaricanaturaltours.com\\\/es\\\/\"},{\"@type\":\"ListItem\",\"position\":2,\"name\":\"Reservaci\u00f3n para Alquiler de Auto\"}]},{\"@type\":\"WebSite\",\"@id\":\"https:\\\/\\\/costaricanaturaltours.com\\\/es\\\/#website\",\"url\":\"https:\\\/\\\/costaricanaturaltours.com\\\/es\\\/\",\"name\":\"Costa Rica Natural Tours\",\"description\":\"La mejor manera de disfrutar Costa Rica\",\"publisher\":{\"@id\":\"https:\\\/\\\/costaricanaturaltours.com\\\/es\\\/#organization\"},\"potentialAction\":[{\"@type\":\"SearchAction\",\"target\":{\"@type\":\"EntryPoint\",\"urlTemplate\":\"https:\\\/\\\/costaricanaturaltours.com\\\/es\\\/?s={search_term_string}\"},\"query-input\":{\"@type\":\"PropertyValueSpecification\",\"valueRequired\":true,\"valueName\":\"search_term_string\"}}],\"inLanguage\":\"es\"},{\"@type\":\"Organization\",\"@id\":\"https:\\\/\\\/costaricanaturaltours.com\\\/es\\\/#organization\",\"name\":\"Costa Rica Natural Tours\",\"url\":\"https:\\\/\\\/costaricanaturaltours.com\\\/es\\\/\",\"logo\":{\"@type\":\"ImageObject\",\"inLanguage\":\"es\",\"@id\":\"https:\\\/\\\/costaricanaturaltours.com\\\/es\\\/#\\\/schema\\\/logo\\\/image\\\/\",\"url\":\"http:\\\/\\\/costaricanaturaltours.com\\\/wp-content\\\/uploads\\\/2015\\\/11\\\/small_logo1.png\",\"contentUrl\":\"http:\\\/\\\/costaricanaturaltours.com\\\/wp-content\\\/uploads\\\/2015\\\/11\\\/small_logo1.png\",\"width\":170,\"height\":140,\"caption\":\"Costa Rica Natural Tours\"},\"image\":{\"@id\":\"https:\\\/\\\/costaricanaturaltours.com\\\/es\\\/#\\\/schema\\\/logo\\\/image\\\/\"},\"sameAs\":[\"https:\\\/\\\/www.facebook.com\\\/Costa-Rica-Natural-Tours-455340267965611\\\/?fref=ts\"]}]}<\/script>\n<!-- \/ Yoast SEO plugin. -->","yoast_head_json":{"title":"Reservaci\u00f3n para Alquiler de Auto - Costa Rica Natural Tours","robots":{"index":"index","follow":"follow","max-snippet":"max-snippet:-1","max-image-preview":"max-image-preview:large","max-video-preview":"max-video-preview:-1"},"canonical":"https:\/\/costaricanaturaltours.com\/es\/car-rental-reservation\/","og_locale":"es_ES","og_type":"article","og_title":"Reservaci\u00f3n para Alquiler de Auto - Costa Rica Natural Tours","og_description":"[vc_row css=&#8221;.vc_custom_1493301437976{background-color: #ffffff !important;}&#8221;][vc_column width=&#8221;1\/4&#8243;][vc_column_text] Formulario de Reservaci\u00f3n &#8211; Alquiler de Auto Por favor, rellena y env\u00ede este formulario con el fin de garantizar su reservaci\u00f3n. Vamos a confirmar su reserva tan pronto como sea posible. Toda la informaci\u00f3n enviada se mantendr\u00e1 de forma confidencial. [\/vc_column_text][vc_empty_space][vc_empty_space][vc_empty_space][vc_single_image image=&#8221;6109&#8243; img_size=&#8221;medium&#8221; alignment=&#8221;center&#8221; style=&#8221;vc_box_circle_2&#8243;][vc_empty_space][vc_single_image image=&#8221;6126&#8243; img_size=&#8221;medium&#8221; alignment=&#8221;center&#8221; style=&#8221;vc_box_circle_2&#8243;][\/vc_column][vc_column width=&#8221;3\/4&#8243; [&hellip;]","og_url":"https:\/\/costaricanaturaltours.com\/es\/car-rental-reservation\/","og_site_name":"Costa Rica Natural Tours","article_publisher":"https:\/\/www.facebook.com\/Costa-Rica-Natural-Tours-455340267965611\/?fref=ts","article_modified_time":"2024-07-02T16:33:01+00:00","twitter_card":"summary_large_image","twitter_misc":{"Tiempo de lectura":"1 minuto"},"schema":{"@context":"https:\/\/schema.org","@graph":[{"@type":"WebPage","@id":"https:\/\/costaricanaturaltours.com\/es\/car-rental-reservation\/","url":"https:\/\/costaricanaturaltours.com\/es\/car-rental-reservation\/","name":"Reservaci\u00f3n para Alquiler de Auto - Costa Rica Natural Tours","isPartOf":{"@id":"https:\/\/costaricanaturaltours.com\/es\/#website"},"datePublished":"2017-03-09T19:37:23+00:00","dateModified":"2024-07-02T16:33:01+00:00","breadcrumb":{"@id":"https:\/\/costaricanaturaltours.com\/es\/car-rental-reservation\/#breadcrumb"},"inLanguage":"es","potentialAction":[{"@type":"ReadAction","target":[["https:\/\/costaricanaturaltours.com\/es\/car-rental-reservation\/"]]}]},{"@type":"BreadcrumbList","@id":"https:\/\/costaricanaturaltours.com\/es\/car-rental-reservation\/#breadcrumb","itemListElement":[{"@type":"ListItem","position":1,"name":"Home","item":"https:\/\/costaricanaturaltours.com\/es\/"},{"@type":"ListItem","position":2,"name":"Reservaci\u00f3n para Alquiler de Auto"}]},{"@type":"WebSite","@id":"https:\/\/costaricanaturaltours.com\/es\/#website","url":"https:\/\/costaricanaturaltours.com\/es\/","name":"Costa Rica Natural Tours","description":"La mejor manera de disfrutar Costa Rica","publisher":{"@id":"https:\/\/costaricanaturaltours.com\/es\/#organization"},"potentialAction":[{"@type":"SearchAction","target":{"@type":"EntryPoint","urlTemplate":"https:\/\/costaricanaturaltours.com\/es\/?s={search_term_string}"},"query-input":{"@type":"PropertyValueSpecification","valueRequired":true,"valueName":"search_term_string"}}],"inLanguage":"es"},{"@type":"Organization","@id":"https:\/\/costaricanaturaltours.com\/es\/#organization","name":"Costa Rica Natural Tours","url":"https:\/\/costaricanaturaltours.com\/es\/","logo":{"@type":"ImageObject","inLanguage":"es","@id":"https:\/\/costaricanaturaltours.com\/es\/#\/schema\/logo\/image\/","url":"http:\/\/costaricanaturaltours.com\/wp-content\/uploads\/2015\/11\/small_logo1.png","contentUrl":"http:\/\/costaricanaturaltours.com\/wp-content\/uploads\/2015\/11\/small_logo1.png","width":170,"height":140,"caption":"Costa Rica Natural Tours"},"image":{"@id":"https:\/\/costaricanaturaltours.com\/es\/#\/schema\/logo\/image\/"},"sameAs":["https:\/\/www.facebook.com\/Costa-Rica-Natural-Tours-455340267965611\/?fref=ts"]}]}},"_links":{"self":[{"href":"https:\/\/costaricanaturaltours.com\/es\/wp-json\/wp\/v2\/pages\/3423","targetHints":{"allow":["GET"]}}],"collection":[{"href":"https:\/\/costaricanaturaltours.com\/es\/wp-json\/wp\/v2\/pages"}],"about":[{"href":"https:\/\/costaricanaturaltours.com\/es\/wp-json\/wp\/v2\/types\/page"}],"author":[{"embeddable":true,"href":"https:\/\/costaricanaturaltours.com\/es\/wp-json\/wp\/v2\/users\/1"}],"replies":[{"embeddable":true,"href":"https:\/\/costaricanaturaltours.com\/es\/wp-json\/wp\/v2\/comments?post=3423"}],"version-history":[{"count":25,"href":"https:\/\/costaricanaturaltours.com\/es\/wp-json\/wp\/v2\/pages\/3423\/revisions"}],"predecessor-version":[{"id":12688,"href":"https:\/\/costaricanaturaltours.com\/es\/wp-json\/wp\/v2\/pages\/3423\/revisions\/12688"}],"wp:attachment":[{"href":"https:\/\/costaricanaturaltours.com\/es\/wp-json\/wp\/v2\/media?parent=3423"}],"curies":[{"name":"wp","href":"https:\/\/api.w.org\/{rel}","templated":true}]}}