{"id":3023,"date":"2017-02-07T20:46:42","date_gmt":"2017-02-07T20:46:42","guid":{"rendered":"https:\/\/costaricanaturaltours.com\/es\/?page_id=3023"},"modified":"2024-07-07T12:32:54","modified_gmt":"2024-07-07T18:32:54","slug":"tropical-forest-adventure-package","status":"publish","type":"page","link":"https:\/\/costaricanaturaltours.com\/es\/tropical-forest-adventure-package\/","title":{"rendered":"Aventura en el Bosque Tropical"},"content":{"rendered":"<div class=\"wpb-content-wrapper\"><p>[vc_row][vc_column width=&#8221;1\/2&#8243;][vc_column_text]<strong>D\u00cdA 1.- AEROPUERTO\u00a0SAN JOS\u00c9 \/ HOTEL SAN JOS\u00c9<\/strong><\/p>\n<p>Llegada a Costa Rica, al Aeropuerto Internacional Juan Santamar\u00eda, ubicado en la ciudad de Alajuela, muy cerca de la capital, San Jos\u00e9, a tan solo 25 minutos. Despu\u00e9s de recoger su equipaje y pasar por migraci\u00f3n, nuestro\u00a0chofer le estar\u00e1 esperando fuera de la puerta principal del Aeropuerto, \u00e9l tendr\u00e1 un r\u00f3tulo con su nombre, para luego trasladarle hacia su hotel en San Jos\u00e9, este traslado privado tiene una duraci\u00f3n aproximada de 25 minutos. Hospedaje en el Hotel Palma Real. Acomodados en habitaci\u00f3n Standard.<\/p>\n<p><strong>D\u00cdA 2. &#8211; HOTEL SAN JOS\u00c9\/ HOTEL VOLC\u00c1N\u00a0ARENAL<\/strong>.-<\/p>\n<p>Salida de San Jos\u00e9, con 3 horas de recorrido aproximadamente, para dirigirse rumbo hac\u00eda el Parque Nacional Volc\u00e1n Arenal. Alrededor de las 8.30 hrs un personal del transporte tur\u00edstico &#8220;Puerta a puerta&#8221;, les pasara a recoger en recepci\u00f3n de su hotel para dirigirse a su destino final como es el Volc\u00e1n Arenal. El impresionante Volc\u00e1n Arenal es una maravilla natural que se encuentra en La Fortuna de San Carlos, Alajuela, ofreciendo a miles de turistas la oportunidad de apreciar las columnas de humo blanco, ceniza y actividad fumar\u00f3lica que emana del coloso de forma c\u00f3nica. Es importante tomar en cuenta que el volc\u00e1n se hab\u00eda mantenido dormido por al menos unos 450 a\u00f1os, hasta que el 29 de Julio de 1968 volvi\u00f3 a experimentar una gran erupci\u00f3n, dando inicio a un nuevo periodo de actividad pirocl\u00e1stica, dicha actividad ha disminuido considerablemente durante los \u00faltimos a\u00f1os.<\/p>\n<p>En ruta al Volc\u00e1n Arenal, haremos una parada en el famoso poblado de Sarch\u00ed, conocido como la cuna de los artesanos de Costa Rica, donde tendr\u00e1n la mejor oportunidad de adquirir los souvenir como maderas, ropa y recuerdos en general.<\/p>\n<p>En Sarch\u00ed, es muy posible que vea una carreta de bueyes que ostenta el t\u00edtulo de ser la m\u00e1s grande del mundo, la cual est\u00e1 construida de madera (cedro) y decorada con colores sorprendentes, como un color naranja brillante. El dise\u00f1o es t\u00edpico y complejo, cuenta con dos niveles de altura y tom\u00f3 70 d\u00edas en ser completada, tiene adem\u00e1s una honorable menci\u00f3n en el libro mundial de record Guinness.<\/p>\n<p>El viaje contin\u00faa, atravesando zonas de bosque, as\u00ed como tambi\u00e9n plantaciones de diversos productos agr\u00edcolas, incluyendo plantaciones de caf\u00e9, pi\u00f1a, adem\u00e1s de plantas ornamentales, fincas de ganado, y a su vez experimentando la variedad de microclimas presentes en el pa\u00eds, hasta llegar al hermoso pueblo de La Fortuna, para detenerse y disfrutar de un almuerzo en un acogedor restaurante con vista espectacular del Volc\u00e1n Arenal.<\/p>\n<p>Luego del almuerzo se realizar\u00e1 una visita a un mirador cercano al pie del volc\u00e1n para apreciar m\u00e1s de cerca la vista del volc\u00e1n y adem\u00e1s la vista del lago Arenal.<\/p>\n<p>Eventualmente el turista disfrutar\u00e1 y se relajar\u00e1 en una de las mejores aguas termales del pa\u00eds, donde podr\u00e1 disfrutar de los efectos rejuvenecedores de las mismas cuya temperatura oscila entre los 33 a 66 grados Celsius (93-152 Fahrenheit) proporcionando a los clientes una amplia gama de opciones que se adapten a sus necesidades, as\u00ed como un masaje (actividad opcional) u otros tratamientos especiales que deben ser reservados con anticipaci\u00f3n para asegurar disponibilidad.<\/p>\n<p>Las aguas termales de Tabac\u00f3n combinan los cuatro elementos de la naturaleza, el calor del volc\u00e1n, las aguas que fluyen de los manantiales de agua caliente, el aire puro de la selva, y la tierra f\u00e9rtil de la regi\u00f3n de La Fortuna de San Carlos.<\/p>\n<p>Y para un final perfecto, antes de llevarle a su hotel, disfrutaremos de una maravillosa y deliciosa cena estilo buffet en el Tabac\u00f3n Resort. Hospedaje en el Hotel La Pradera o alguno similar. Acomodados en Bungalow con vista al volc\u00e1n (D) (A) (C)<\/p>\n<p><strong>D\u00cdA 3.- VOLC\u00c1N\u00a0ARENAL<\/strong>.-<\/p>\n<p>Hospedaje en el Hotel La Pradera o alguno similar. Acomodados en bungalow con vista al volc\u00e1n<\/p>\n<p>(D) (A)<\/p>\n<p>8 hrs TOUR DE CABALGATA A LA CATARATA LA FORTUNA<\/p>\n<p>El tour comienza al descender por un sendero de aproximadamente 500 metros hasta llegar a la impresionante Catarata R\u00edo Fortuna caracterizada por su ca\u00edda de m\u00e1s de 60 metros y su agua fresca, limpia y clara.<\/p>\n<p>En el recorrido podr\u00e1 observar algunas plantas, \u00e1rboles y animales de la zona como lo son perezosos, tucanes, orop\u00e9ndolas, mariposas, entre otros. Si usted lo desea podr\u00e1 refrescarse en sus aguas, tomar fotograf\u00edas del lugar o simplemente descansar y admirar la belleza de la Catarata R\u00edo Fortuna.\u00a0 Al final del recorrido disfrutaremos de un delicioso refrigerio de frutas frescas para cargar energ\u00edas.<\/p>\n<p>Al visitar la Catarata R\u00edo Fortuna adem\u00e1s de poder conocer esta gran maravilla natural, usted ayudar\u00e1 a generar recursos a la Asociaci\u00f3n de Desarrollo de la comunidad para invertir en obras de inter\u00e9s social, beneficiando escuelas, centro de nutrici\u00f3n, el hogarcito del ni\u00f1o abandonado, infraestructura vial y otros.<\/p>\n<p>Lo que necesita llevar:<\/p>\n<p>Zapatos de monta\u00f1a o deportivos, ropa c\u00f3moda, ropa de cambio, toalla, traje de ba\u00f1o, capa para la lluvia, repelente contra mosquitos.<\/p>\n<p>Le incluimos:<\/p>\n<p>Transporte desde el hotel en microb\u00fas con A\/C,\u00a0 gu\u00eda naturalista biling\u00fce certificado por el ICT, entrada a la reserva, agua embotellada, frutas frescas, material con informaci\u00f3n de apoyo y p\u00f3liza de responsabilidad civil.<\/p>\n<p>Salida: 8:00 hrs\u00a0 Llegada: 11:00 hrs y 16:00 hrs Duraci\u00f3n: 3 horas.<\/p>\n<p>14.00 hrs Caminata Guiada a los Puentes Colgantes<\/p>\n<p>Este tour es uno de los proyectos ambientales m\u00e1s bellos de Costa Rica. Se trata de una serie de senderos y puentes colgantes ubicados en las cercan\u00edas del Volc\u00e1n Arenal. Est\u00e1 ubicado en la ruta de las aves que migran entre el norte y el sur de Am\u00e9rica, lo que hace que esta zona sea un para\u00edso para los observadores de aves. Tiene una superficie de 250 hect\u00e1reas de bosque primario que ofrece vistas del Volc\u00e1n Arenal, as\u00ed como el Lago Arenal. Este paseo de 3,1 kil\u00f3metros con 8 puentes fijos y 6 puentes colgantes fue construido con la \u00faltima tecnolog\u00eda de seguridad y comodidad, as\u00ed como el respeto por el medio ambiente. El sendero tiene una calificaci\u00f3n m\u00e1xima de 7 grados para todas las edades y habilidades. Incluye: transporte, gu\u00eda naturalista, agua embotellada y entradas. Recomendaciones: ropa c\u00f3moda, zapatillas o zapatos para caminar, repelente de insectos y c\u00e1mara.<\/p>\n<p><strong>D\u00cdA 4.- VOLC\u00c1N\u00a0ARENAL \/ RESERVA BIOL\u00d3GICA\u00a0MONTEVERDE<\/strong>.-<\/p>\n<p>Salida de Arenal rumbo a la Reserva Biol\u00f3gica de Monteverde, este trayecto tiene una duraci\u00f3n aproximada de 2 horas y se har\u00e1 a trav\u00e9s del Lago Arenal. Hospedaje en el Hotel Cloud Forest Lodge Acomodados en\u00a0 habitaci\u00f3n standard. (D)<\/p>\n<p>La Reserva Biol\u00f3gica Bosque Nuboso Monteverde es famosa por ser uno de los santuarios de vida silvestre m\u00e1s destacados de los Tr\u00f3picos del Nuevo Mundo. Los bosques enanos espectacularmente esculpidos por el viento en los cerros expuestos contrastan con los bosques protegidos del viento, cuyos arboles lucen majestuosamente altos adornados con orqu\u00eddeas, bromelias, helechos, enredaderas y musgos.<\/p>\n<p>El clima variable y la inclinada gradiente de altitudes han ayudado a producir una biodiversidad bastante alta. Se reportan m\u00e1s de 100 especies de mam\u00edferos, 400 especies de aves, 120 especies de anfibios y reptiles y 3000 especies de plantas (entre ellas 420 tipos diferentes de orqu\u00eddeas), as\u00ed como decenas de miles de especies de insectos. Esta impresionante vida silvestre incluye al jaguar, el ocelote, la danta, el p\u00e1jaro campana y el quetzal.<\/p>\n<p><strong>D\u00cdA 5.- RESERVA BIOL\u00d3GICA\u00a0MONTEVERDE<\/strong>.-<\/p>\n<p>Hospedaje en el Hotel Cloud Forest Lodge o alguno similar. Acomodados en habitaci\u00f3n standard (D)<\/p>\n<p>7.00 hrs Tour Guiado a la Reserva Monteverde<\/p>\n<p>La Reserva Monteverde se encuentra localizada sobre la Divisi\u00f3n Continental al noroeste de Costa Rica. En las partes m\u00e1s altas se pueden experimentar la fortaleza de los vientos alisios que vienen desde la costa atl\u00e1ntica. El clima variado y los niveles latitudinales ayudan a que se produzca una alta biodiversidad, por lo que dentro del bosque se encuentra abundante vida silvestre; entre ella el Jaguar, la Pava Negra, el Ocelote, el Tucancito Esmeralda, el P\u00e1jaro Campana, el P\u00e1jaro Sombrilla, el P\u00e1jaro Bobo, el Quetzal, Colibr\u00edes y decenas de miles de insectos.<\/p>\n<p>El tour se extiende por nueve diferentes senderos dentro del bosque nuboso. En el trayecto, el gu\u00eda le explicar\u00e1 sobre la flora y fauna del ecosistema y aprender\u00e1 la relaci\u00f3n que existe entre las diferentes especies de animales y plantas. A mitad del recorrido, llegar\u00e1 a uno de los puntos m\u00e1s altos de la reserva, el mirador &#8220;la Ventana&#8221;, en este punto apreciar\u00e1 un hermoso paisaje compuesto por la divisoria continental de Costa Rica y sentir\u00e1 los fuertes vientos h\u00famedos que descienden hacia las planicies del Pac\u00edfico Central y Norte del pa\u00eds.<\/p>\n<p>En su recorrido tambi\u00e9n podr\u00e1 visitar el puente colgante &#8220;Wilford Guindon&#8221;, donde tendr\u00e1 la oportunidad de observar gran cantidad de plantas epifitas, como las bromelias, orqu\u00eddeas, helechos, bejucos y musgos. Este puente tiene una longitud de 100 metros, en medio de las copas de los \u00e1rboles. Durante la visita por el bosque h\u00famedo de Monteverde se encontrar\u00e1 con diferentes riachuelos cargados de aguas cristalinas y gigantescos \u00e1rboles que sirven de vida a muchos animales. El gu\u00eda le ense\u00f1ar\u00e1 algunos de los secretos ocultos en el bosque.<\/p>\n<p>Al final del tour usted puede pasar por la tienda de recuerdos ubicada dentro de las instalaciones, la cual promueve la artesan\u00eda de la comunidad local.<\/p>\n<p>Descubra la magia del Bosque Nuboso de Costa Rica.<\/p>\n<p>14.00 hrs\u00a0\u00a0 Canopy Tour: Sin duda alguna, el canopy es una de las actividades m\u00e1s atractivas y excitantes que usted podr\u00e1 disfrutar. Este consiste en cruzar de un \u00e1rbol a otro por medio de un cable haciendo todo el recorrido por las copas del bosque lluvioso. Es una combinaci\u00f3n perfecta de adrenalina, aventura y naturaleza, que junto con los hermosos paisajes de la zona, har\u00e1n de este tour, una experiencia inolvidable.<\/p>\n<p>La excursi\u00f3n da inicio con una peque\u00f1a charla acerca del equipo que usted utilizar\u00e1, adem\u00e1s de otras indicaciones por parte del gu\u00eda, para darle confianza y hacerlo re\u00edr un poco.<\/p>\n<p>El Tour de Canopy le ofrece, Rappel, Tarzan Swing y ante todo diversi\u00f3n y seguridad con el mejor personal posible y la mejor atenci\u00f3n. Aqu\u00ed podr\u00e1 tener el privilegio de observar el bosque desde una perspectiva diferente a la habitual.<\/p>\n<p>El recorrido le llevara por distintas etapas del bosque nuboso como lo es el bosque primario, pasando luego al bosque secundario en donde tendr\u00e1 la oportunidad de observar majestuosas vistas, escuchar los sonidos inconfundibles del bosque, en adici\u00f3n a esto sentir\u00e1s la adrenalina fluyendo mientras est\u00e1 realizando el Tarzan swing y l\u00edneas que van desde los 70m hasta los 800m de longitud.<\/p>\n<p>Las dos horas de tour, que cuenta con m\u00e1s de 2 kil\u00f3metros de cables, son ideales para cualquier edad. El equipo utilizado es \u00fanicamente de primera calidad y con una m\u00e1xima seguridad debidamente probado, para que usted disfrute al m\u00e1ximo su experiencia.<\/p>\n<p>Es una experiencia que recordar\u00e1 por siempre.<\/p>\n<p><strong>CONSEJOS<\/strong>:<\/p>\n<ul>\n<li>Vestir preferiblemente pantal\u00f3n.<\/li>\n<li>Llevar zapatos cerrados o sandalias con amarre.<\/li>\n<li>No recargarse de art\u00edculos innecesarios.<\/li>\n<\/ul>\n<p><strong>D\u00cdA 6- RESERVA BIOL\u00d3GICA\u00a0MONTEVERDE \/ PLAYAS DE GUANACASTE<\/strong>&#8211;<\/p>\n<p>Despu\u00e9s de desayunar salida del hotel, por medio de su chofer regular tur\u00edstico rumbo a la hermosa playa Pan de Az\u00facar, con 4 1\/2 horas de recorrido aproximadamente. Hospedaje en el Hotel Sugar Beach. Acomodados en Deluxe con vista al Mar (D)<\/p>\n<p><strong>D\u00cdA 7.- PLAYAS DE GUANACASTE<\/strong>&#8211;<\/p>\n<p>Hospedaje en el Hotel Sugar Beach o alguno similar. Acomodados en Deluxe con vista al Mar (D)<\/p>\n<p><strong>D\u00cdA 8.- PLAYAS DE GUANACASTE \/ SAN JOS\u00c9.-<\/strong><\/p>\n<p><strong>\u00a0<\/strong><\/p>\n<p>Salida del Hotel a la hora requerida, su chofer les estar\u00e1 recogiendo en el Lobby de su hotel para regresar a San Jos\u00e9, con 5 horas de recorrido. Hospedaje en el Hotel Palma Real. (D)<\/p>\n<p><strong>D\u00cdA 9.- REGRESO A SU PA\u00cdS DE ORIGEN Y FIN DE UNAS INOLVIDABLES VACACIONES.-<\/strong><\/p>\n<p>A la hora requerida salida del hotel y con su desayuno incluido, su chofer le estar\u00e1 recogiendo en la recepci\u00f3n de su hotel para luego transportarle al Aeropuerto Internacional, para que puedan tomar su vuelo de regreso\u00a0 (D).<\/p>\n<p><strong>DETALLES DEL PAQUETE<\/strong><\/p>\n<p><strong>LO QUE ESTA INCLUIDO<\/strong>:<\/p>\n<p>8 Noches de hospedaje:<\/p>\n<p>1 Noche en San Jos\u00e9 Hotel Palma Real (Habitaci\u00f3n tipo standard)<\/p>\n<p>2 noches en el Volc\u00e1n Arenal Hotel Arenal Paraiso (Habitaci\u00f3n tipo Bungalow)<\/p>\n<p>2 noches en La Reserva Biol\u00f3gica Monteverde Hotel Cloud Forest Lodge (Habitaci\u00f3n tipo standard)<\/p>\n<p>2 noches en Playas de Guanacaste Hotel Sugar Beach (Habitaci\u00f3n tipo Deluxe)<\/p>\n<p>1 Noche en San Jos\u00e9 Hotel Palma Real (Habitaci\u00f3n tipo standard)<\/p>\n<p><strong>ADEMAS<\/strong>:<\/p>\n<p>Impuestos<\/p>\n<p>Traslado Privado Aeropuerto-Hotel-Aeropuerto<\/p>\n<p>Alimentaci\u00f3n donde se indica: Desayuno (D), Almuerzo (A) y Cena (C)<\/p>\n<p>Traslados Regulares tur\u00edsticos entre destinos<\/p>\n<p>Visita al pueblo pintoresco de Sarchi<\/p>\n<p>Entrada a las Aguas termales del TABACON SPA con cena incluida<\/p>\n<p>Tour de Cabalgata a La Catarata La Fortuna<\/p>\n<p>Caminata Guiada a los Puentes Colgantes en Arenal<\/p>\n<p>Canopy Tour en Monteverde<\/p>\n<p>Caminata guiada a La Reserva Monteverde<\/p>\n<p><strong>LO QUE NO ESTA INCLUIDO<\/strong>:<\/p>\n<p>Impuestos de salida ($29.00 por persona) (Obligatorio y pagados en el Aeropuerto Internacional)<\/p>\n<p>Gastos personales como; bebidas, llamadas telef\u00f3nicas, lavander\u00eda, etc.<\/p>\n<p>Propinas para ch\u00f3feres y\/o gu\u00edas.<\/p>\n<p>Vuelos internacionales[\/vc_column_text][\/vc_column][vc_column width=&#8221;1\/2&#8243;][vc_single_image image=&#8221;3086&#8243; img_size=&#8221;415&#215;277&#8243;][vc_empty_space height=&#8221;62px&#8221;][vc_single_image image=&#8221;3016&#8243; img_size=&#8221;415&#215;277&#8243;][vc_empty_space height=&#8221;62px&#8221;][vc_single_image image=&#8221;3087&#8243; img_size=&#8221;415&#215;277&#8243;][vc_empty_space height=&#8221;62px&#8221;][vc_single_image image=&#8221;2868&#8243; img_size=&#8221;415&#215;277&#8243;][vc_empty_space height=&#8221;62px&#8221;][vc_single_image image=&#8221;2869&#8243; img_size=&#8221;415&#215;277&#8243;][vc_empty_space height=&#8221;62px&#8221;][vc_single_image image=&#8221;3088&#8243; img_size=&#8221;415&#215;277&#8243;][vc_empty_space height=&#8221;62px&#8221;][vc_single_image image=&#8221;3089&#8243; img_size=&#8221;415&#215;277&#8243;][vc_empty_space height=&#8221;62px&#8221;][vc_single_image image=&#8221;2982&#8243; img_size=&#8221;415&#215;277&#8243;][vc_empty_space height=&#8221;62px&#8221;][vc_single_image image=&#8221;2872&#8243; img_size=&#8221;415&#215;277&#8243;][vc_empty_space height=&#8221;62px&#8221;][vc_single_image image=&#8221;2995&#8243; img_size=&#8221;415&#215;277&#8243;][vc_empty_space height=&#8221;202px&#8221;][vc_btn title=&#8221;Reserve Aqu\u00ed&#8230;&#8221; style=&#8221;flat&#8221; shape=&#8221;square&#8221; color=&#8221;green&#8221; size=&#8221;lg&#8221; align=&#8221;center&#8221; link=&#8221;url:https%3A%2F%2Fcostaricanaturaltours.com%2Fes%2Fcontacto%2F||&#8221;][\/vc_column][\/vc_row]<\/p>\n<\/div>","protected":false},"excerpt":{"rendered":"<p>[vc_row][vc_column width=&#8221;1\/2&#8243;][vc_column_text]D\u00cdA 1.- AEROPUERTO\u00a0SAN JOS\u00c9 \/ HOTEL SAN JOS\u00c9 Llegada a Costa Rica, al Aeropuerto Internacional Juan Santamar\u00eda, ubicado en la ciudad de Alajuela, muy cerca de la capital, San Jos\u00e9, a tan solo 25 minutos. Despu\u00e9s de recoger su equipaje y pasar por migraci\u00f3n, nuestro\u00a0chofer le estar\u00e1 esperando fuera de la puerta principal del [&hellip;]<\/p>\n","protected":false},"author":1,"featured_media":0,"parent":0,"menu_order":0,"comment_status":"closed","ping_status":"closed","template":"","meta":{"footnotes":""},"class_list":["post-3023","page","type-page","status-publish","hentry"],"yoast_head":"<!-- This site is optimized with the Yoast SEO plugin v27.4 - https:\/\/yoast.com\/product\/yoast-seo-wordpress\/ -->\n<title>Aventura en el Bosque Tropical - Costa Rica Natural Tours<\/title>\n<meta name=\"robots\" content=\"index, follow, max-snippet:-1, max-image-preview:large, max-video-preview:-1\" \/>\n<link rel=\"canonical\" href=\"https:\/\/costaricanaturaltours.com\/es\/tropical-forest-adventure-package\/\" \/>\n<meta property=\"og:locale\" content=\"es_ES\" \/>\n<meta property=\"og:type\" content=\"article\" \/>\n<meta property=\"og:title\" content=\"Aventura en el Bosque Tropical - Costa Rica Natural Tours\" \/>\n<meta property=\"og:description\" content=\"[vc_row][vc_column width=&#8221;1\/2&#8243;][vc_column_text]D\u00cdA 1.- AEROPUERTO\u00a0SAN JOS\u00c9 \/ HOTEL SAN JOS\u00c9 Llegada a Costa Rica, al Aeropuerto Internacional Juan Santamar\u00eda, ubicado en la ciudad de Alajuela, muy cerca de la capital, San Jos\u00e9, a tan solo 25 minutos. Despu\u00e9s de recoger su equipaje y pasar por migraci\u00f3n, nuestro\u00a0chofer le estar\u00e1 esperando fuera de la puerta principal del [&hellip;]\" \/>\n<meta property=\"og:url\" content=\"https:\/\/costaricanaturaltours.com\/es\/tropical-forest-adventure-package\/\" \/>\n<meta property=\"og:site_name\" content=\"Costa Rica Natural Tours\" \/>\n<meta property=\"article:publisher\" content=\"https:\/\/www.facebook.com\/Costa-Rica-Natural-Tours-455340267965611\/?fref=ts\" \/>\n<meta property=\"article:modified_time\" content=\"2024-07-07T18:32:54+00:00\" \/>\n<meta name=\"twitter:card\" content=\"summary_large_image\" \/>\n<meta name=\"twitter:label1\" content=\"Tiempo de lectura\" \/>\n\t<meta name=\"twitter:data1\" content=\"10 minutos\" \/>\n<script type=\"application\/ld+json\" class=\"yoast-schema-graph\">{\"@context\":\"https:\\\/\\\/schema.org\",\"@graph\":[{\"@type\":\"WebPage\",\"@id\":\"https:\\\/\\\/costaricanaturaltours.com\\\/es\\\/tropical-forest-adventure-package\\\/\",\"url\":\"https:\\\/\\\/costaricanaturaltours.com\\\/es\\\/tropical-forest-adventure-package\\\/\",\"name\":\"Aventura en el Bosque Tropical - Costa Rica Natural Tours\",\"isPartOf\":{\"@id\":\"https:\\\/\\\/costaricanaturaltours.com\\\/es\\\/#website\"},\"datePublished\":\"2017-02-07T20:46:42+00:00\",\"dateModified\":\"2024-07-07T18:32:54+00:00\",\"breadcrumb\":{\"@id\":\"https:\\\/\\\/costaricanaturaltours.com\\\/es\\\/tropical-forest-adventure-package\\\/#breadcrumb\"},\"inLanguage\":\"es\",\"potentialAction\":[{\"@type\":\"ReadAction\",\"target\":[[\"https:\\\/\\\/costaricanaturaltours.com\\\/es\\\/tropical-forest-adventure-package\\\/\"]]}]},{\"@type\":\"BreadcrumbList\",\"@id\":\"https:\\\/\\\/costaricanaturaltours.com\\\/es\\\/tropical-forest-adventure-package\\\/#breadcrumb\",\"itemListElement\":[{\"@type\":\"ListItem\",\"position\":1,\"name\":\"Home\",\"item\":\"https:\\\/\\\/costaricanaturaltours.com\\\/es\\\/\"},{\"@type\":\"ListItem\",\"position\":2,\"name\":\"Aventura en el Bosque Tropical\"}]},{\"@type\":\"WebSite\",\"@id\":\"https:\\\/\\\/costaricanaturaltours.com\\\/es\\\/#website\",\"url\":\"https:\\\/\\\/costaricanaturaltours.com\\\/es\\\/\",\"name\":\"Costa Rica Natural Tours\",\"description\":\"La mejor manera de disfrutar Costa Rica\",\"publisher\":{\"@id\":\"https:\\\/\\\/costaricanaturaltours.com\\\/es\\\/#organization\"},\"potentialAction\":[{\"@type\":\"SearchAction\",\"target\":{\"@type\":\"EntryPoint\",\"urlTemplate\":\"https:\\\/\\\/costaricanaturaltours.com\\\/es\\\/?s={search_term_string}\"},\"query-input\":{\"@type\":\"PropertyValueSpecification\",\"valueRequired\":true,\"valueName\":\"search_term_string\"}}],\"inLanguage\":\"es\"},{\"@type\":\"Organization\",\"@id\":\"https:\\\/\\\/costaricanaturaltours.com\\\/es\\\/#organization\",\"name\":\"Costa Rica Natural Tours\",\"url\":\"https:\\\/\\\/costaricanaturaltours.com\\\/es\\\/\",\"logo\":{\"@type\":\"ImageObject\",\"inLanguage\":\"es\",\"@id\":\"https:\\\/\\\/costaricanaturaltours.com\\\/es\\\/#\\\/schema\\\/logo\\\/image\\\/\",\"url\":\"http:\\\/\\\/costaricanaturaltours.com\\\/wp-content\\\/uploads\\\/2015\\\/11\\\/small_logo1.png\",\"contentUrl\":\"http:\\\/\\\/costaricanaturaltours.com\\\/wp-content\\\/uploads\\\/2015\\\/11\\\/small_logo1.png\",\"width\":170,\"height\":140,\"caption\":\"Costa Rica Natural Tours\"},\"image\":{\"@id\":\"https:\\\/\\\/costaricanaturaltours.com\\\/es\\\/#\\\/schema\\\/logo\\\/image\\\/\"},\"sameAs\":[\"https:\\\/\\\/www.facebook.com\\\/Costa-Rica-Natural-Tours-455340267965611\\\/?fref=ts\"]}]}<\/script>\n<!-- \/ Yoast SEO plugin. -->","yoast_head_json":{"title":"Aventura en el Bosque Tropical - Costa Rica Natural Tours","robots":{"index":"index","follow":"follow","max-snippet":"max-snippet:-1","max-image-preview":"max-image-preview:large","max-video-preview":"max-video-preview:-1"},"canonical":"https:\/\/costaricanaturaltours.com\/es\/tropical-forest-adventure-package\/","og_locale":"es_ES","og_type":"article","og_title":"Aventura en el Bosque Tropical - Costa Rica Natural Tours","og_description":"[vc_row][vc_column width=&#8221;1\/2&#8243;][vc_column_text]D\u00cdA 1.- AEROPUERTO\u00a0SAN JOS\u00c9 \/ HOTEL SAN JOS\u00c9 Llegada a Costa Rica, al Aeropuerto Internacional Juan Santamar\u00eda, ubicado en la ciudad de Alajuela, muy cerca de la capital, San Jos\u00e9, a tan solo 25 minutos. Despu\u00e9s de recoger su equipaje y pasar por migraci\u00f3n, nuestro\u00a0chofer le estar\u00e1 esperando fuera de la puerta principal del [&hellip;]","og_url":"https:\/\/costaricanaturaltours.com\/es\/tropical-forest-adventure-package\/","og_site_name":"Costa Rica Natural Tours","article_publisher":"https:\/\/www.facebook.com\/Costa-Rica-Natural-Tours-455340267965611\/?fref=ts","article_modified_time":"2024-07-07T18:32:54+00:00","twitter_card":"summary_large_image","twitter_misc":{"Tiempo de lectura":"10 minutos"},"schema":{"@context":"https:\/\/schema.org","@graph":[{"@type":"WebPage","@id":"https:\/\/costaricanaturaltours.com\/es\/tropical-forest-adventure-package\/","url":"https:\/\/costaricanaturaltours.com\/es\/tropical-forest-adventure-package\/","name":"Aventura en el Bosque Tropical - Costa Rica Natural Tours","isPartOf":{"@id":"https:\/\/costaricanaturaltours.com\/es\/#website"},"datePublished":"2017-02-07T20:46:42+00:00","dateModified":"2024-07-07T18:32:54+00:00","breadcrumb":{"@id":"https:\/\/costaricanaturaltours.com\/es\/tropical-forest-adventure-package\/#breadcrumb"},"inLanguage":"es","potentialAction":[{"@type":"ReadAction","target":[["https:\/\/costaricanaturaltours.com\/es\/tropical-forest-adventure-package\/"]]}]},{"@type":"BreadcrumbList","@id":"https:\/\/costaricanaturaltours.com\/es\/tropical-forest-adventure-package\/#breadcrumb","itemListElement":[{"@type":"ListItem","position":1,"name":"Home","item":"https:\/\/costaricanaturaltours.com\/es\/"},{"@type":"ListItem","position":2,"name":"Aventura en el Bosque Tropical"}]},{"@type":"WebSite","@id":"https:\/\/costaricanaturaltours.com\/es\/#website","url":"https:\/\/costaricanaturaltours.com\/es\/","name":"Costa Rica Natural Tours","description":"La mejor manera de disfrutar Costa Rica","publisher":{"@id":"https:\/\/costaricanaturaltours.com\/es\/#organization"},"potentialAction":[{"@type":"SearchAction","target":{"@type":"EntryPoint","urlTemplate":"https:\/\/costaricanaturaltours.com\/es\/?s={search_term_string}"},"query-input":{"@type":"PropertyValueSpecification","valueRequired":true,"valueName":"search_term_string"}}],"inLanguage":"es"},{"@type":"Organization","@id":"https:\/\/costaricanaturaltours.com\/es\/#organization","name":"Costa Rica Natural Tours","url":"https:\/\/costaricanaturaltours.com\/es\/","logo":{"@type":"ImageObject","inLanguage":"es","@id":"https:\/\/costaricanaturaltours.com\/es\/#\/schema\/logo\/image\/","url":"http:\/\/costaricanaturaltours.com\/wp-content\/uploads\/2015\/11\/small_logo1.png","contentUrl":"http:\/\/costaricanaturaltours.com\/wp-content\/uploads\/2015\/11\/small_logo1.png","width":170,"height":140,"caption":"Costa Rica Natural Tours"},"image":{"@id":"https:\/\/costaricanaturaltours.com\/es\/#\/schema\/logo\/image\/"},"sameAs":["https:\/\/www.facebook.com\/Costa-Rica-Natural-Tours-455340267965611\/?fref=ts"]}]}},"_links":{"self":[{"href":"https:\/\/costaricanaturaltours.com\/es\/wp-json\/wp\/v2\/pages\/3023","targetHints":{"allow":["GET"]}}],"collection":[{"href":"https:\/\/costaricanaturaltours.com\/es\/wp-json\/wp\/v2\/pages"}],"about":[{"href":"https:\/\/costaricanaturaltours.com\/es\/wp-json\/wp\/v2\/types\/page"}],"author":[{"embeddable":true,"href":"https:\/\/costaricanaturaltours.com\/es\/wp-json\/wp\/v2\/users\/1"}],"replies":[{"embeddable":true,"href":"https:\/\/costaricanaturaltours.com\/es\/wp-json\/wp\/v2\/comments?post=3023"}],"version-history":[{"count":10,"href":"https:\/\/costaricanaturaltours.com\/es\/wp-json\/wp\/v2\/pages\/3023\/revisions"}],"predecessor-version":[{"id":12792,"href":"https:\/\/costaricanaturaltours.com\/es\/wp-json\/wp\/v2\/pages\/3023\/revisions\/12792"}],"wp:attachment":[{"href":"https:\/\/costaricanaturaltours.com\/es\/wp-json\/wp\/v2\/media?parent=3023"}],"curies":[{"name":"wp","href":"https:\/\/api.w.org\/{rel}","templated":true}]}}