{"id":2968,"date":"2017-02-03T20:08:36","date_gmt":"2017-02-03T20:08:36","guid":{"rendered":"https:\/\/costaricanaturaltours.com\/?page_id=2968"},"modified":"2024-07-06T23:35:27","modified_gmt":"2024-07-07T05:35:27","slug":"costa-rica-tropical-nature","status":"publish","type":"page","link":"https:\/\/costaricanaturaltours.com\/es\/costa-rica-tropical-nature\/","title":{"rendered":"Costa Rica Naturaleza Tropical"},"content":{"rendered":"<div class=\"wpb-content-wrapper\"><p>[vc_row][vc_column][vc_empty_space height=&#8221;62px&#8221;][\/vc_column][\/vc_row][vc_row][vc_column width=&#8221;1\/2&#8243;][vc_column_text]<strong>D\u00cdA 1.- AEROPUERTO SAN JOS\u00c9.- HOTEL SAN JOS\u00c9<\/strong><\/p>\n<p>Llegada a Costa Rica, al Aeropuerto Internacional Juan Santamar\u00eda, ubicado en la ciudad de Alajuela, muy cerca de la capital, San Jos\u00e9, a tan solo 25 minutos. Despu\u00e9s de recoger su equipaje y pasar por migraci\u00f3n, nuestro\u00a0chofer le estar\u00e1 esperando fuera de la puerta principal del Aeropuerto, \u00e9l tendr\u00e1 un r\u00f3tulo con su nombre, para luego trasladarle hacia su hotel en San Jos\u00e9, este traslado privado tiene una duraci\u00f3n aproximada de 25 minutos. Hospedaje en el Hotel Crowne Plaza Corobici. Acomodados en habitaci\u00f3n Standard.<\/p>\n<p><strong>D\u00cdA 2.- SAN JOS\u00c9\/COMBO TOUR (Doka, Volc\u00e1n Po\u00e1s &amp; Cataratas La Paz)\/SAN JOS\u00c9<\/strong><\/p>\n<p>Hospedaje en el Hotel Crowne Plaza Corobici. Acomodados en habitaci\u00f3n Standard (D) (A)<\/p>\n<p>Se toma la carretera Panamericana con destino a la Ciudad de Alajuela, observando el Monumento al Agricultor, el Monumento a Juan Santamar\u00eda y el famoso Parque de los Mangos. En el ascenso al Volc\u00e1n haremos una parada para una breve explicaci\u00f3n sobre nuestro grano de oro, el caf\u00e9, y continuaremos el recorrido a trav\u00e9s de cultivos de helechos, flores y fresas.<\/p>\n<p>En este momento se hace notorio el cambio en la temperatura y la variada vegetaci\u00f3n, prepar\u00e1ndonos para disfrutar los placeres del exuberante bosque nuboso del Volc\u00e1n Po\u00e1s. En el Volc\u00e1n se tomar\u00e1 el tiempo necesario para observar el impresionante cr\u00e1ter principal, con fumarolas de azufre. Posteriormente realizaremos una caminata por el sendero hasta la hermosa Laguna Botos que nos permitir\u00e1 conocer acerca de los diferentes ecosistemas del parque. Continuando hacia la zona caribe\u00f1a, nos detendremos para descubrir los Jardines de la Catarata La Paz, un parque natural, donde caminaremos por verdaderos senderos espectaculares que nos conducir\u00e1n a la Catarata Magia Blanca (la m\u00e1s grande y espectacular del \u00e1rea).<\/p>\n<p>En el parque tambi\u00e9n visitaremos los observatorios de mariposas y aves, adem\u00e1s de la impresionante galer\u00eda de colibries, el aviario, la casa antigua, un ranario y serpentario. Finalizada la caminata tomaremos un delicioso almuerzo tipo buffet, para luego iniciar el regreso a San Jos\u00e9<\/p>\n<p>Recomendaciones: Sombrero, jacket ligera, zapatos c\u00f3modos, repelente, binoculares y c\u00e1mara.<\/p>\n<p><strong>D\u00cdA 3- HOTEL SAN JOS\u00c9\/ HOTEL VOLC\u00c1N\u00a0ARENAL<\/strong>.-<\/p>\n<p>Salida de San Jos\u00e9, con 3 horas de recorrido aproximadamente, para dirigirse rumbo hac\u00eda el Parque Nacional Volc\u00e1n Arenal. Alrededor de las 8.30 hrs un personal del transporte tur\u00edstico &#8220;Puerta a puerta&#8221; les pasara a recoger en recepci\u00f3n de su hotel para dirigirse a su destino final como es el Volc\u00e1n Arenal. El impresionante Volc\u00e1n Arenal es una maravilla natural que se encuentra en La Fortuna de San Carlos, Alajuela, ofreciendo a miles de turistas la oportunidad de apreciar las columnas de humo blanco, ceniza y actividad fumar\u00f3lica que emana del coloso de forma c\u00f3nica. Es importante tomar en cuenta que el volc\u00e1n se hab\u00eda mantenido dormido por al menos unos 450 a\u00f1os, hasta que el 29 de Julio de 1968 volvi\u00f3 a experimentar una gran erupci\u00f3n, dando inicio a un nuevo periodo de actividad pirocl\u00e1stica, dicha actividad ha disminuido considerablemente durante los \u00faltimos a\u00f1os.<\/p>\n<p>En ruta al Volc\u00e1n Arenal, haremos una parada en el famoso poblado de Sarch\u00ed, conocido como la cuna de los artesanos de Costa Rica, donde tendr\u00e1n la mejor oportunidad de adquirir los souvenir como maderas, ropa y recuerdos en general.<\/p>\n<p>En Sarch\u00ed, es muy posible que vea una carreta de bueyes que ostenta el t\u00edtulo de ser la m\u00e1s grande del mundo, la cual est\u00e1 construida de madera (cedro) y decorada con colores sorprendentes, como un color naranja brillante. El dise\u00f1o es t\u00edpico y complejo, cuenta con dos niveles de altura y tom\u00f3 70 d\u00edas en ser completada, tiene adem\u00e1s una honorable menci\u00f3n en el libro mundial de record Guinness.<\/p>\n<p>El viaje contin\u00faa, atravesando zonas de bosque, as\u00ed como tambi\u00e9n plantaciones de diversos productos agr\u00edcolas, incluyendo plantaciones de caf\u00e9, pi\u00f1a, adem\u00e1s de plantas ornamentales, fincas de ganado, y a su vez experimentando la variedad de microclimas presentes en el pa\u00eds, hasta llegar al hermoso pueblo de La Fortuna, para detenerse y disfrutar de un almuerzo en un acogedor restaurante con vista espectacular del Volc\u00e1n Arenal.<\/p>\n<p>Luego del almuerzo se realizar\u00e1 una visita a un mirador cercano al pie del volc\u00e1n para apreciar m\u00e1s de cerca la vista del volc\u00e1n y adem\u00e1s la vista del lago Arenal.<\/p>\n<p>Eventualmente el turista disfrutar\u00e1 y se relajar\u00e1 en una de las mejores aguas termales del pa\u00eds, donde podr\u00e1 disfrutar de los efectos rejuvenecedores de las mismas cuya temperatura oscila entre los 33 a 66 grados Celsius (93-152 Fahrenheit) proporcionando a los clientes una amplia gama de opciones que se adapten a sus necesidades, as\u00ed como un masaje (actividad opcional) u otros tratamientos especiales que deben ser reservados con anticipaci\u00f3n para asegurar disponibilidad.<\/p>\n<p>Las aguas termales de Tabac\u00f3n combinan los cuatro elementos de la naturaleza, el calor del volc\u00e1n, las aguas que fluyen de los manantiales de agua caliente, el aire puro de la selva, y la tierra f\u00e9rtil de la regi\u00f3n de La Fortuna de San Carlos.<\/p>\n<p>Y para un final perfecto, antes de llevarle a su hotel, disfrutaremos de una maravillosa y deliciosa cena estilo buffet en el Tabac\u00f3n Resort. Hospedaje en el Hotel La Pradera. Acomodados en Bungalow con vista al volc\u00e1n (D) (A) (C)<\/p>\n<p><strong>D\u00cdA 4.- VOLC\u00c1N\u00a0ARENAL<\/strong>.-<\/p>\n<p>Hospedaje en el <span style=\"color: #339966;\"><a style=\"color: #339966;\" href=\"https:\/\/costaricanaturaltours.com\/es\/alojamiento\/hotel-la-pradera-de-arenal\/\">Hotel\u00a0 LA PRADERA<\/a><\/span>. Acomodados en bungalow con vista al volc\u00e1n\u00a0 (D) (A)<\/p>\n<p>7.00 HRS. TOUR DE RAPPELL Y CANYONING (descenso con cuerdas por ca\u00f1\u00f3n).<\/p>\n<p>Con una de las empresas m\u00e1s especializadas en la pr\u00e1ctica de esta actividad, muy temprano se les recoger\u00e1 en el hotel para iniciar con esta aventura. Una pr\u00e1ctica de rappelling muy novedosa que consiste en descenso en cataratas en un ca\u00f1\u00f3n asesorado por los mejores gu\u00edas especializados y con el equipo m\u00e1s seguro en este campo. Una experiencia que no se deben perder.<\/p>\n<p>Descender cataratas de hasta 65 metros de altura, mojarse y caminar dentro de un ca\u00f1\u00f3n es la aventura que le espera en La Fortuna de San Carlos. No es necesario tener experiencia con las cuerdas, s\u00f3lo necesita querer pasarla bien.<\/p>\n<p>Una cuerda le ayudar\u00e1 a superar la primera prueba.<\/p>\n<p>Caminata.<\/p>\n<p>Siga el camino del agua. Tambi\u00e9n se atraviesan cataratas peque\u00f1as.<\/p>\n<p>El rapel con ca\u00ed\u00adda libre es lo mejor. Un gu\u00ed\u00ada le cuida abajo.<\/p>\n<p>Ponga atenci\u00f3n.<\/p>\n<p>Antes de iniciar, un gu\u00ed\u00ada le explicar\u00e1 como<\/p>\n<p>Lo primero es la seguridad y lo segundo es divertirse. Esas son las dos reglas que se deben seguir para hacer el tour de ca\u00f1onismo en La Fortuna de San Carlos.<\/p>\n<p>Bueno, hay una tercera: mojarse. Algo que viene incluido en el paquete.<\/p>\n<p>El tour consiste en recorrer un ca\u00f1\u00f3n, caminando o con la ayuda de cuerdas. Ocho cataratas, de diferente altura, son parte del camino y del hermoso escenario que va a disfrutar.<\/p>\n<p>La emoci\u00f3n inicia cuando en pick up se empieza el recorrido por la monta\u00f1a, hasta llegar a lo m\u00e1s alto del ca\u00f1\u00f3n, donde todo inicia.<\/p>\n<p>Antes se debe hacer una parada obligatoria en el camino para ponerse el equipo de ca\u00f1onismo. Un arn\u00e9s, un casco y unos guantes conforman lo necesario para poder hacer el recorrido, adem\u00e1s de ropa c\u00f3moda y tenis o sandalias que se amarren.<\/p>\n<p>Tras los primeros pasos en la monta\u00f1a, un gu\u00ed\u00ada le dar\u00e1 toda la explicaci\u00f3n de como rapelear, descender y caminar en el r\u00ed\u00ado, para evitar inconvenientes y sorpresas.<\/p>\n<p>Empieza lo bueno<\/p>\n<p>Son seis metros de altura, es la entrada y como tal sorprende un poco al principio, pero ya en el descenso se acaban los nervios en la primera catarata que se baja en el ca\u00f1\u00f3n. Conforme avanza la caminata, que dura entre dos horas y media y tres, las ca\u00ed\u00addas de agua son m\u00e1s y m\u00e1s grandes.<\/p>\n<p>\u201cLos descensos de 45 y 65 metros, en rapel con ca\u00ed\u00adda libre y un poquito de pared al final, y un hueco donde las personas saltan al agua, es lo m\u00e1s divertido del recorrido\u201d, coment\u00f3 Esteban Mora, gu\u00ed\u00ada de ca\u00f1onismo.<\/p>\n<p>No deja de tener raz\u00f3n, pues es all\u00ed\u00ad donde la adrenalina sube al tope y se ve desde otro \u00e1ngulo las cataratas.<\/p>\n<p>Respirar aire puro, tomar agua del r\u00ed\u00ado y estar en medio de la monta\u00f1a es parte de la expedici\u00f3n, \u201cque termina con la visita a una catarata m\u00e1s, para que las personas tomen fotos y disfruten de la vista\u201d,<\/p>\n<p>Tome en cuenta<\/p>\n<p>\u201cRecomendamos el tour para personas de 13 a 55 a\u00f1os, en algunos casos se llevan ni\u00f1os menores a esa edad, entonces llevamos un gu\u00ed\u00ada extra para el cuidado especial del ni\u00f1o\u201d.<\/p>\n<p>Adem\u00e1s, personas con problemas del coraz\u00f3n o quebraduras recientes es preferible que se abstengan.<\/p>\n<p>Recuerde que es imposible no mojarse, as\u00ed\u00ad que lleve ropa extra.<\/p>\n<p>14.00 hrs disfrutar\u00e1n de un tour de Canopy: Sin duda alguna, el canopy en el \u00e1rea de Arenal es una de las actividades m\u00e1s atractivas y excitantes que usted podr\u00e1 disfrutar. Este consiste en cruzar de un \u00e1rbol a otro por medio de un cable haciendo todo el recorrido por las copas del bosque lluvioso. Es una combinaci\u00f3n perfecta de adrenalina, aventura y naturaleza, que junto con los hermosos paisajes de la zona, har\u00e1n de este tour, una experiencia inolvidable.<\/p>\n<p>La excursi\u00f3n da inicio con una peque\u00f1a charla acerca del equipo que usted utilizar\u00e1, adem\u00e1s de otras indicaciones por parte del gu\u00eda, para darle confianza y hacerlo re\u00edr un poco.<\/p>\n<p>El canopy tour consta de 11 cables y 12 plataformas, lo que le permite explorar el bosque desde un punto de vista inigualable. Disfrute del panorama de los bosques, r\u00edos y volcanes, mientras se desplaza\u00a0 a trav\u00e9s del\u00a0 magn\u00edfico bosque primario.<\/p>\n<p>Las dos horas de tour, que cuenta con m\u00e1s de 2 kil\u00f3metros de cables, son ideales para cualquier edad. El equipo utilizado es \u00fanicamente de primera calidad y con una m\u00e1xima seguridad debidamente probado, para que usted disfrute al m\u00e1ximo su experiencia.<\/p>\n<p>Es una experiencia que recordar\u00e1 por siempre.<\/p>\n<p><strong>CONSEJOS<\/strong>:<\/p>\n<ul>\n<li>Vestir preferiblemente pantal\u00f3n.<\/li>\n<li>Llevar zapatos cerrados o sandalias con amarre.<\/li>\n<li>No recargarse de art\u00edculos innecesarios.<\/li>\n<\/ul>\n<p><strong>D\u00cdA 5.- VOLC\u00c1N\u00a0ARENAL\/ISLA TORTUGA (PUNTARENAS) \/ SAN JOS\u00c9<\/strong>.-<\/p>\n<p>Temprano por la ma\u00f1ana su chofer les recoger\u00e1 para llevarle a Puntarenas, ah\u00ed tomaran un barco para dirigirse a la preciosas Isla Tortuga.<\/p>\n<p>Costa Rica es famosa por los rom\u00e1nticos cruceros de un d\u00eda que visitan las ex\u00f3ticas Islas del Golfo de Nicoya.\u00a0 Despu\u00e9s de un c\u00f3modo recorrido hacia la costa del Pac\u00edfico abordaremos un lujoso yate para iniciar esta aventura mar\u00edtima.\u00a0 Nuestro destino final es la Isla Tortuga, reconocida por sus playas de arena blanca y aguas cristalinas que nos permitir\u00e1n disfrutar de un sin n\u00famero de actividades.\u00a0 En la playa disfrutaremos de un relajante almuerzo tipo buffet de mariscos.\u00a0 Usted no debe perderse de la aventura a esta bella isla tropical.\u00a0 (Incluye bocadillos y almuerzo).<\/p>\n<p>Recomendaciones: Su\u00e9ter, c\u00e1mara, binoculares, traje de ba\u00f1o y toalla. (D) (A)<\/p>\n<p><strong>D\u00cdA 6.-<\/strong><strong>\u00a0 REGRESO A SU PA\u00cdS DE ORIGEN Y FIN DE UNAS INOLVIDABLES VACACIONES.-<\/strong><\/p>\n<p>A la hora requerida salida del hotel y con su desayuno incluido, su chofer le estar\u00e1 recogiendo en\u00a0 la recepci\u00f3n de su hotel para luego transportarle al Aeropuerto Internacional, para que puedan tomar su vuelo de regreso\u00a0 (D)<\/p>\n<p>.<\/p>\n<p><strong>DETALLES DEL PAQUETE<\/strong><\/p>\n<p><strong>LO QUE ESTA INCLUIDO<\/strong>:<\/p>\n<p>5 Noches de hospedaje:<\/p>\n<p>2 Noches en San Jos\u00e9 Crowne Plaza Corobici (Habitaci\u00f3n tipo standard)<\/p>\n<p>2 noches en el Volc\u00e1n Arenal <span style=\"color: #339966;\"><a style=\"color: #339966;\" href=\"https:\/\/costaricanaturaltours.com\/es\/alojamiento\/hotel-la-pradera-de-arenal\/\">Hotel La Pradera<\/a><\/span> (Habitaci\u00f3n tipo Bungalow)<\/p>\n<p>1 Noche en San Jos\u00e9 Crowne Plaza Corobici (Habitaci\u00f3n tipo standard)<\/p>\n<p><strong>ADEMAS<\/strong>:<\/p>\n<p>Impuestos<\/p>\n<p>Traslado Privado Aeropuerto-Hotel-Aeropuerto<\/p>\n<p>Alimentaci\u00f3n donde se indica: Desayuno (D), Almuerzo (A) y Cena (C)<\/p>\n<p>Traslados Regulares tur\u00edsticos entre destinos<\/p>\n<p>COMBO TOUR (Doka, Volc\u00e1n Po\u00e1s &amp; Cataratas La Paz)<\/p>\n<p>Visita al pueblo pintoresco de Sarchi<\/p>\n<p>Entrada a las Aguas termales del TABACON SPA con cena incluida<\/p>\n<p>TOUR DE RAPPELL Y CANYONING (descenso con cuerdas por ca\u00f1\u00f3n).<\/p>\n<p>Canopy Tour en Arenal<\/p>\n<p>Traslado privado Volc\u00e1n Arenal\/Muelle de Puntarenas<\/p>\n<p>Tour a Isla Tortuga<\/p>\n<p><strong>LO QUE NO ESTA INCLUIDO<\/strong>:<\/p>\n<p>Impuestos de salida ($29.00 por persona) (Obligatorio y pagados en el Aeropuerto Internacional)<\/p>\n<p>Gastos personales como; bebidas, llamadas telef\u00f3nicas, lavander\u00eda, etc.<\/p>\n<p>Propinas para ch\u00f3feres y\/o gu\u00edas.<\/p>\n<p>Vuelos internacionales[\/vc_column_text][\/vc_column][vc_column width=&#8221;1\/2&#8243;][vc_single_image image=&#8221;2866&#8243; img_size=&#8221;415&#215;277&#8243;][vc_empty_space height=&#8221;62px&#8221;][vc_single_image image=&#8221;2902&#8243; img_size=&#8221;415&#215;277&#8243;][vc_empty_space height=&#8221;62px&#8221;][vc_single_image image=&#8221;2977&#8243; img_size=&#8221;415&#215;277&#8243;][vc_empty_space height=&#8221;62px&#8221;][vc_single_image image=&#8221;2983&#8243; img_size=&#8221;415&#215;277&#8243;][vc_empty_space height=&#8221;62px&#8221;][vc_single_image image=&#8221;2982&#8243; img_size=&#8221;415&#215;277&#8243;][vc_empty_space height=&#8221;62px&#8221;][vc_single_image image=&#8221;2986&#8243; img_size=&#8221;415&#215;277&#8243;][vc_empty_space height=&#8221;62px&#8221;][vc_single_image image=&#8221;2988&#8243; img_size=&#8221;415&#215;277&#8243;][vc_empty_space height=&#8221;62px&#8221;][vc_single_image image=&#8221;2987&#8243; img_size=&#8221;415&#215;277&#8243;][vc_empty_space height=&#8221;62px&#8221;][vc_single_image image=&#8221;2994&#8243; img_size=&#8221;415&#215;277&#8243;][vc_empty_space height=&#8221;62px&#8221;][vc_single_image image=&#8221;2995&#8243; img_size=&#8221;415&#215;277&#8243;][vc_empty_space height=&#8221;202px&#8221;][vc_btn title=&#8221;Reserve Aqu\u00ed&#8230;&#8221; style=&#8221;flat&#8221; shape=&#8221;square&#8221; color=&#8221;green&#8221; size=&#8221;lg&#8221; align=&#8221;center&#8221; css=&#8221;&#8221; link=&#8221;url:https%3A%2F%2Fcostaricanaturaltours.com%2Fes%2Fcontact-us%2F&#8221;][\/vc_column][\/vc_row]<\/p>\n<\/div>","protected":false},"excerpt":{"rendered":"<p>[vc_row][vc_column][vc_empty_space height=&#8221;62px&#8221;][\/vc_column][\/vc_row][vc_row][vc_column width=&#8221;1\/2&#8243;][vc_column_text]D\u00cdA 1.- AEROPUERTO SAN JOS\u00c9.- HOTEL SAN JOS\u00c9 Llegada a Costa Rica, al Aeropuerto Internacional Juan Santamar\u00eda, ubicado en la ciudad de Alajuela, muy cerca de la capital, San Jos\u00e9, a tan solo 25 minutos. Despu\u00e9s de recoger su equipaje y pasar por migraci\u00f3n, nuestro\u00a0chofer le estar\u00e1 esperando fuera de la puerta principal [&hellip;]<\/p>\n","protected":false},"author":1,"featured_media":0,"parent":0,"menu_order":0,"comment_status":"closed","ping_status":"closed","template":"","meta":{"footnotes":""},"class_list":["post-2968","page","type-page","status-publish","hentry"],"yoast_head":"<!-- This site is optimized with the Yoast SEO plugin v27.4 - https:\/\/yoast.com\/product\/yoast-seo-wordpress\/ -->\n<title>Costa Rica Naturaleza Tropical - Costa Rica Natural Tours<\/title>\n<meta name=\"robots\" content=\"index, follow, max-snippet:-1, max-image-preview:large, max-video-preview:-1\" \/>\n<link rel=\"canonical\" href=\"https:\/\/costaricanaturaltours.com\/es\/costa-rica-tropical-nature\/\" \/>\n<meta property=\"og:locale\" content=\"es_ES\" \/>\n<meta property=\"og:type\" content=\"article\" \/>\n<meta property=\"og:title\" content=\"Costa Rica Naturaleza Tropical - Costa Rica Natural Tours\" \/>\n<meta property=\"og:description\" content=\"[vc_row][vc_column][vc_empty_space height=&#8221;62px&#8221;][\/vc_column][\/vc_row][vc_row][vc_column width=&#8221;1\/2&#8243;][vc_column_text]D\u00cdA 1.- AEROPUERTO SAN JOS\u00c9.- HOTEL SAN JOS\u00c9 Llegada a Costa Rica, al Aeropuerto Internacional Juan Santamar\u00eda, ubicado en la ciudad de Alajuela, muy cerca de la capital, San Jos\u00e9, a tan solo 25 minutos. Despu\u00e9s de recoger su equipaje y pasar por migraci\u00f3n, nuestro\u00a0chofer le estar\u00e1 esperando fuera de la puerta principal [&hellip;]\" \/>\n<meta property=\"og:url\" content=\"https:\/\/costaricanaturaltours.com\/es\/costa-rica-tropical-nature\/\" \/>\n<meta property=\"og:site_name\" content=\"Costa Rica Natural Tours\" \/>\n<meta property=\"article:publisher\" content=\"https:\/\/www.facebook.com\/Costa-Rica-Natural-Tours-455340267965611\/?fref=ts\" \/>\n<meta property=\"article:modified_time\" content=\"2024-07-07T05:35:27+00:00\" \/>\n<meta name=\"twitter:card\" content=\"summary_large_image\" \/>\n<meta name=\"twitter:label1\" content=\"Tiempo de lectura\" \/>\n\t<meta name=\"twitter:data1\" content=\"9 minutos\" \/>\n<script type=\"application\/ld+json\" class=\"yoast-schema-graph\">{\"@context\":\"https:\\\/\\\/schema.org\",\"@graph\":[{\"@type\":\"WebPage\",\"@id\":\"https:\\\/\\\/costaricanaturaltours.com\\\/es\\\/costa-rica-tropical-nature\\\/\",\"url\":\"https:\\\/\\\/costaricanaturaltours.com\\\/es\\\/costa-rica-tropical-nature\\\/\",\"name\":\"Costa Rica Naturaleza Tropical - Costa Rica Natural Tours\",\"isPartOf\":{\"@id\":\"https:\\\/\\\/costaricanaturaltours.com\\\/es\\\/#website\"},\"datePublished\":\"2017-02-03T20:08:36+00:00\",\"dateModified\":\"2024-07-07T05:35:27+00:00\",\"breadcrumb\":{\"@id\":\"https:\\\/\\\/costaricanaturaltours.com\\\/es\\\/costa-rica-tropical-nature\\\/#breadcrumb\"},\"inLanguage\":\"es\",\"potentialAction\":[{\"@type\":\"ReadAction\",\"target\":[[\"https:\\\/\\\/costaricanaturaltours.com\\\/es\\\/costa-rica-tropical-nature\\\/\"]]}]},{\"@type\":\"BreadcrumbList\",\"@id\":\"https:\\\/\\\/costaricanaturaltours.com\\\/es\\\/costa-rica-tropical-nature\\\/#breadcrumb\",\"itemListElement\":[{\"@type\":\"ListItem\",\"position\":1,\"name\":\"Home\",\"item\":\"https:\\\/\\\/costaricanaturaltours.com\\\/es\\\/\"},{\"@type\":\"ListItem\",\"position\":2,\"name\":\"Costa Rica Naturaleza Tropical\"}]},{\"@type\":\"WebSite\",\"@id\":\"https:\\\/\\\/costaricanaturaltours.com\\\/es\\\/#website\",\"url\":\"https:\\\/\\\/costaricanaturaltours.com\\\/es\\\/\",\"name\":\"Costa Rica Natural Tours\",\"description\":\"La mejor manera de disfrutar Costa Rica\",\"publisher\":{\"@id\":\"https:\\\/\\\/costaricanaturaltours.com\\\/es\\\/#organization\"},\"potentialAction\":[{\"@type\":\"SearchAction\",\"target\":{\"@type\":\"EntryPoint\",\"urlTemplate\":\"https:\\\/\\\/costaricanaturaltours.com\\\/es\\\/?s={search_term_string}\"},\"query-input\":{\"@type\":\"PropertyValueSpecification\",\"valueRequired\":true,\"valueName\":\"search_term_string\"}}],\"inLanguage\":\"es\"},{\"@type\":\"Organization\",\"@id\":\"https:\\\/\\\/costaricanaturaltours.com\\\/es\\\/#organization\",\"name\":\"Costa Rica Natural Tours\",\"url\":\"https:\\\/\\\/costaricanaturaltours.com\\\/es\\\/\",\"logo\":{\"@type\":\"ImageObject\",\"inLanguage\":\"es\",\"@id\":\"https:\\\/\\\/costaricanaturaltours.com\\\/es\\\/#\\\/schema\\\/logo\\\/image\\\/\",\"url\":\"http:\\\/\\\/costaricanaturaltours.com\\\/wp-content\\\/uploads\\\/2015\\\/11\\\/small_logo1.png\",\"contentUrl\":\"http:\\\/\\\/costaricanaturaltours.com\\\/wp-content\\\/uploads\\\/2015\\\/11\\\/small_logo1.png\",\"width\":170,\"height\":140,\"caption\":\"Costa Rica Natural Tours\"},\"image\":{\"@id\":\"https:\\\/\\\/costaricanaturaltours.com\\\/es\\\/#\\\/schema\\\/logo\\\/image\\\/\"},\"sameAs\":[\"https:\\\/\\\/www.facebook.com\\\/Costa-Rica-Natural-Tours-455340267965611\\\/?fref=ts\"]}]}<\/script>\n<!-- \/ Yoast SEO plugin. -->","yoast_head_json":{"title":"Costa Rica Naturaleza Tropical - Costa Rica Natural Tours","robots":{"index":"index","follow":"follow","max-snippet":"max-snippet:-1","max-image-preview":"max-image-preview:large","max-video-preview":"max-video-preview:-1"},"canonical":"https:\/\/costaricanaturaltours.com\/es\/costa-rica-tropical-nature\/","og_locale":"es_ES","og_type":"article","og_title":"Costa Rica Naturaleza Tropical - Costa Rica Natural Tours","og_description":"[vc_row][vc_column][vc_empty_space height=&#8221;62px&#8221;][\/vc_column][\/vc_row][vc_row][vc_column width=&#8221;1\/2&#8243;][vc_column_text]D\u00cdA 1.- AEROPUERTO SAN JOS\u00c9.- HOTEL SAN JOS\u00c9 Llegada a Costa Rica, al Aeropuerto Internacional Juan Santamar\u00eda, ubicado en la ciudad de Alajuela, muy cerca de la capital, San Jos\u00e9, a tan solo 25 minutos. Despu\u00e9s de recoger su equipaje y pasar por migraci\u00f3n, nuestro\u00a0chofer le estar\u00e1 esperando fuera de la puerta principal [&hellip;]","og_url":"https:\/\/costaricanaturaltours.com\/es\/costa-rica-tropical-nature\/","og_site_name":"Costa Rica Natural Tours","article_publisher":"https:\/\/www.facebook.com\/Costa-Rica-Natural-Tours-455340267965611\/?fref=ts","article_modified_time":"2024-07-07T05:35:27+00:00","twitter_card":"summary_large_image","twitter_misc":{"Tiempo de lectura":"9 minutos"},"schema":{"@context":"https:\/\/schema.org","@graph":[{"@type":"WebPage","@id":"https:\/\/costaricanaturaltours.com\/es\/costa-rica-tropical-nature\/","url":"https:\/\/costaricanaturaltours.com\/es\/costa-rica-tropical-nature\/","name":"Costa Rica Naturaleza Tropical - Costa Rica Natural Tours","isPartOf":{"@id":"https:\/\/costaricanaturaltours.com\/es\/#website"},"datePublished":"2017-02-03T20:08:36+00:00","dateModified":"2024-07-07T05:35:27+00:00","breadcrumb":{"@id":"https:\/\/costaricanaturaltours.com\/es\/costa-rica-tropical-nature\/#breadcrumb"},"inLanguage":"es","potentialAction":[{"@type":"ReadAction","target":[["https:\/\/costaricanaturaltours.com\/es\/costa-rica-tropical-nature\/"]]}]},{"@type":"BreadcrumbList","@id":"https:\/\/costaricanaturaltours.com\/es\/costa-rica-tropical-nature\/#breadcrumb","itemListElement":[{"@type":"ListItem","position":1,"name":"Home","item":"https:\/\/costaricanaturaltours.com\/es\/"},{"@type":"ListItem","position":2,"name":"Costa Rica Naturaleza Tropical"}]},{"@type":"WebSite","@id":"https:\/\/costaricanaturaltours.com\/es\/#website","url":"https:\/\/costaricanaturaltours.com\/es\/","name":"Costa Rica Natural Tours","description":"La mejor manera de disfrutar Costa Rica","publisher":{"@id":"https:\/\/costaricanaturaltours.com\/es\/#organization"},"potentialAction":[{"@type":"SearchAction","target":{"@type":"EntryPoint","urlTemplate":"https:\/\/costaricanaturaltours.com\/es\/?s={search_term_string}"},"query-input":{"@type":"PropertyValueSpecification","valueRequired":true,"valueName":"search_term_string"}}],"inLanguage":"es"},{"@type":"Organization","@id":"https:\/\/costaricanaturaltours.com\/es\/#organization","name":"Costa Rica Natural Tours","url":"https:\/\/costaricanaturaltours.com\/es\/","logo":{"@type":"ImageObject","inLanguage":"es","@id":"https:\/\/costaricanaturaltours.com\/es\/#\/schema\/logo\/image\/","url":"http:\/\/costaricanaturaltours.com\/wp-content\/uploads\/2015\/11\/small_logo1.png","contentUrl":"http:\/\/costaricanaturaltours.com\/wp-content\/uploads\/2015\/11\/small_logo1.png","width":170,"height":140,"caption":"Costa Rica Natural Tours"},"image":{"@id":"https:\/\/costaricanaturaltours.com\/es\/#\/schema\/logo\/image\/"},"sameAs":["https:\/\/www.facebook.com\/Costa-Rica-Natural-Tours-455340267965611\/?fref=ts"]}]}},"_links":{"self":[{"href":"https:\/\/costaricanaturaltours.com\/es\/wp-json\/wp\/v2\/pages\/2968","targetHints":{"allow":["GET"]}}],"collection":[{"href":"https:\/\/costaricanaturaltours.com\/es\/wp-json\/wp\/v2\/pages"}],"about":[{"href":"https:\/\/costaricanaturaltours.com\/es\/wp-json\/wp\/v2\/types\/page"}],"author":[{"embeddable":true,"href":"https:\/\/costaricanaturaltours.com\/es\/wp-json\/wp\/v2\/users\/1"}],"replies":[{"embeddable":true,"href":"https:\/\/costaricanaturaltours.com\/es\/wp-json\/wp\/v2\/comments?post=2968"}],"version-history":[{"count":24,"href":"https:\/\/costaricanaturaltours.com\/es\/wp-json\/wp\/v2\/pages\/2968\/revisions"}],"predecessor-version":[{"id":12787,"href":"https:\/\/costaricanaturaltours.com\/es\/wp-json\/wp\/v2\/pages\/2968\/revisions\/12787"}],"wp:attachment":[{"href":"https:\/\/costaricanaturaltours.com\/es\/wp-json\/wp\/v2\/media?parent=2968"}],"curies":[{"name":"wp","href":"https:\/\/api.w.org\/{rel}","templated":true}]}}