{"id":2928,"date":"2017-02-02T19:20:59","date_gmt":"2017-02-02T19:20:59","guid":{"rendered":"https:\/\/costaricanaturaltours.com\/?page_id=2928"},"modified":"2024-06-27T11:45:07","modified_gmt":"2024-06-27T17:45:07","slug":"customized-itinerary","status":"publish","type":"page","link":"https:\/\/costaricanaturaltours.com\/es\/customized-itinerary\/","title":{"rendered":"Vacaciones Personalizadas"},"content":{"rendered":"<div class=\"wpb-content-wrapper\"><p>[vc_row equal_height=&#8221;yes&#8221;][vc_column width=&#8221;1\/3&#8243; css=&#8221;.vc_custom_1489074308388{background-color: #ffffff !important;}&#8221;][vc_empty_space][vc_column_text]<\/p>\n<h2 style=\"text-align: center;\"><span style=\"color: #ff6600;\"><strong>Vacaciones Personalizadas<\/strong><\/span><\/h2>\n<p style=\"text-align: justify;\">Complete el formulario a\u00a0continuaci\u00f3n y lo\u00a0estaremos asesorando a la brevedad\u00a0con\u00a0un plan a su medida para hacer de su visita\u00a0a\u00a0Costa Rica una experiencia\u00a0\u00fanica. En base a nuestra\u00a0experiencia le\u00a0enviaremos nuestras mejores sugerencias para que la\u00a0log\u00edstica de su viaje sea perfecta y podamos crear\u00a0as\u00ed\u00a0el itinerario de\u00a0acuerdo a sus\u00a0preferencias.<\/p>\n<p style=\"text-align: justify;\">Ser\u00e1 un placer hacer sus sue\u00f1os de vacaciones en Costa Rica una realidad.<\/p>\n<p>[\/vc_column_text][vc_row_inner css=&#8221;.vc_custom_1489074244053{background-color: #ffffff !important;}&#8221;][vc_column_inner][vc_empty_space][vc_single_image image=&#8221;3296&#8243; img_size=&#8221;medium&#8221; alignment=&#8221;center&#8221; css_animation=&#8221;right-to-left&#8221;][vc_single_image image=&#8221;3093&#8243; img_size=&#8221;medium&#8221; alignment=&#8221;center&#8221; css_animation=&#8221;right-to-left&#8221;][vc_single_image image=&#8221;1846&#8243; img_size=&#8221;medium&#8221; alignment=&#8221;center&#8221; css_animation=&#8221;right-to-left&#8221;][\/vc_column_inner][\/vc_row_inner][\/vc_column][vc_column width=&#8221;2\/3&#8243; css=&#8221;.vc_custom_1489070834952{background-color: #ffffff !important;}&#8221;][vc_empty_space]\n<div class=\"wpcf7 no-js\" id=\"wpcf7-f3407-o1\" lang=\"es-ES\" dir=\"ltr\" data-wpcf7-id=\"3407\">\n<div class=\"screen-reader-response\"><p role=\"status\" aria-live=\"polite\" aria-atomic=\"true\"><\/p> <ul><\/ul><\/div>\n<form action=\"\/es\/wp-json\/wp\/v2\/pages\/2928#wpcf7-f3407-o1\" method=\"post\" class=\"wpcf7-form init\" aria-label=\"Formulario de contacto\" novalidate=\"novalidate\" data-status=\"init\">\n<fieldset class=\"hidden-fields-container\"><input type=\"hidden\" name=\"_wpcf7\" value=\"3407\" \/><input type=\"hidden\" name=\"_wpcf7_version\" value=\"6.1.5\" \/><input type=\"hidden\" name=\"_wpcf7_locale\" value=\"es_ES\" \/><input type=\"hidden\" name=\"_wpcf7_unit_tag\" value=\"wpcf7-f3407-o1\" \/><input type=\"hidden\" name=\"_wpcf7_container_post\" value=\"0\" \/><input type=\"hidden\" name=\"_wpcf7_posted_data_hash\" value=\"\" \/><input type=\"hidden\" name=\"_wpcf7_recaptcha_response\" value=\"\" \/>\n<\/fieldset>\n<p><label> Nombre Completo (requerido)<br \/>\n<span class=\"wpcf7-form-control-wrap\" data-name=\"your-name\"><input size=\"40\" maxlength=\"400\" class=\"wpcf7-form-control wpcf7-text wpcf7-validates-as-required\" aria-required=\"true\" aria-invalid=\"false\" value=\"\" type=\"text\" name=\"your-name\" \/><\/span> <\/label>\n<\/p>\n<p><label> email (requerido)<br \/>\n<span class=\"wpcf7-form-control-wrap\" data-name=\"your-email\"><input size=\"40\" maxlength=\"400\" class=\"wpcf7-form-control wpcf7-email wpcf7-validates-as-required wpcf7-text wpcf7-validates-as-email\" aria-required=\"true\" aria-invalid=\"false\" value=\"\" type=\"email\" name=\"your-email\" \/><\/span> <\/label>\n<\/p>\n<p><label> Tel\u00e9fono (Incluir c\u00f3digo de pa\u00eds & \u00e1rea)<br \/>\n<span class=\"wpcf7-form-control-wrap\" data-name=\"telefono\"><input size=\"40\" maxlength=\"400\" class=\"wpcf7-form-control wpcf7-tel wpcf7-text wpcf7-validates-as-tel\" aria-invalid=\"false\" value=\"\" type=\"tel\" name=\"telefono\" \/><\/span> <\/label>\n<\/p>\n<p><label>Desde donde nos visita<br \/>\n<span class=\"wpcf7-form-control-wrap\" data-name=\"visita\"><input size=\"40\" maxlength=\"400\" class=\"wpcf7-form-control wpcf7-text\" aria-invalid=\"false\" value=\"\" type=\"text\" name=\"visita\" \/><\/span> <\/label>\n<\/p>\n<p><label> Fecha de arribo<br \/>\n<span class=\"wpcf7-form-control-wrap\" data-name=\"arribo\"><input class=\"wpcf7-form-control wpcf7-date wpcf7-validates-as-date\" aria-invalid=\"false\" value=\"\" type=\"date\" name=\"arribo\" \/><\/span> <\/label>\n<\/p>\n<p><label> Fecha de salida<br \/>\n<span class=\"wpcf7-form-control-wrap\" data-name=\"salida\"><input class=\"wpcf7-form-control wpcf7-date wpcf7-validates-as-date\" aria-invalid=\"false\" value=\"\" type=\"date\" name=\"salida\" \/><\/span> <\/label>\n<\/p>\n<p><label> Total adultos<br \/>\n<span class=\"wpcf7-form-control-wrap\" data-name=\"adultos\"><input class=\"wpcf7-form-control wpcf7-number wpcf7-validates-as-number\" aria-invalid=\"false\" value=\"\" type=\"number\" name=\"adultos\" \/><\/span> <\/label>\n<\/p>\n<p><label> Total de ni\u00f1os<br \/>\n<span class=\"wpcf7-form-control-wrap\" data-name=\"ninos\"><input class=\"wpcf7-form-control wpcf7-number wpcf7-validates-as-required wpcf7-validates-as-number\" aria-required=\"true\" aria-invalid=\"false\" value=\"\" type=\"number\" name=\"ninos\" \/><\/span> <\/label>\n<\/p>\n<p><label> Edad de los ni\u00f1os<br \/>\n<span class=\"wpcf7-form-control-wrap\" data-name=\"edadninos\"><input size=\"40\" maxlength=\"400\" class=\"wpcf7-form-control wpcf7-text wpcf7-validates-as-required\" aria-required=\"true\" aria-invalid=\"false\" value=\"\" type=\"text\" name=\"edadninos\" \/><\/span> <\/label>\n<\/p>\n<p><label> Categor\u00eda del hotel<br \/>\n<span class=\"wpcf7-form-control-wrap\" data-name=\"cathotel\"><select class=\"wpcf7-form-control wpcf7-select\" aria-invalid=\"false\" name=\"cathotel\"><option value=\"\">&#8212;Por favor, elige una opci\u00f3n&#8212;<\/option><option value=\"Hotel 3 Estrellas\">Hotel 3 Estrellas<\/option><option value=\"Hotel 4 Estrellas\">Hotel 4 Estrellas<\/option><option value=\"Hotel 5 Estrellas\">Hotel 5 Estrellas<\/option><\/select><\/span> <\/label>\n<\/p>\n<p><label> Presupuesto<br \/>\n<span class=\"wpcf7-form-control-wrap\" data-name=\"presup\"><select class=\"wpcf7-form-control wpcf7-select\" aria-invalid=\"false\" name=\"presup\"><option value=\"\">&#8212;Por favor, elige una opci\u00f3n&#8212;<\/option><option value=\"Econ\u00f3mico\">Econ\u00f3mico<\/option><option value=\"Medio\">Medio<\/option><option value=\"Alto\">Alto<\/option><\/select><\/span> <\/label>\n<\/p>\n<p><label> Tipo de viaje<br \/>\n<span class=\"wpcf7-form-control-wrap\" data-name=\"tipoviaje\"><select class=\"wpcf7-form-control wpcf7-select\" aria-invalid=\"false\" name=\"tipoviaje\"><option value=\"\">&#8212;Por favor, elige una opci\u00f3n&#8212;<\/option><option value=\"Aventura\">Aventura<\/option><option value=\"Naturaleza\">Naturaleza<\/option><option value=\"Descanso\">Descanso<\/option><option value=\"Viaje Rom\u00e1ntico\">Viaje Rom\u00e1ntico<\/option><option value=\"Vacaciones Familiares\">Vacaciones Familiares<\/option><option value=\"Negocios\">Negocios<\/option><\/select><\/span> <\/label>\n<\/p>\n<p><label> Destinos que desea visitar <\/label><br \/>\n<span class=\"wpcf7-form-control-wrap\" data-name=\"destinos\"><span class=\"wpcf7-form-control wpcf7-checkbox\"><span class=\"wpcf7-list-item first\"><input type=\"checkbox\" name=\"destinos[]\" value=\"Valle Central\" \/><span class=\"wpcf7-list-item-label\">Valle Central<\/span><\/span><span class=\"wpcf7-list-item\"><input type=\"checkbox\" name=\"destinos[]\" value=\"Canales de Tortuguero\" \/><span class=\"wpcf7-list-item-label\">Canales de Tortuguero<\/span><\/span><span class=\"wpcf7-list-item\"><input type=\"checkbox\" name=\"destinos[]\" value=\"Caribe\/Puerto Viejo\" \/><span class=\"wpcf7-list-item-label\">Caribe\/Puerto Viejo<\/span><\/span><span class=\"wpcf7-list-item\"><input type=\"checkbox\" name=\"destinos[]\" value=\"Volc\u00e1n Poas\" \/><span class=\"wpcf7-list-item-label\">Volc\u00e1n Poas<\/span><\/span><span class=\"wpcf7-list-item\"><input type=\"checkbox\" name=\"destinos[]\" value=\"Monteverde\" \/><span class=\"wpcf7-list-item-label\">Monteverde<\/span><\/span><span class=\"wpcf7-list-item\"><input type=\"checkbox\" name=\"destinos[]\" value=\"Zona Norte\/ Volc\u00e1n Arenal\" \/><span class=\"wpcf7-list-item-label\">Zona Norte\/ Volc\u00e1n Arenal<\/span><\/span><span class=\"wpcf7-list-item\"><input type=\"checkbox\" name=\"destinos[]\" value=\"Pac\u00edfico Norte \/Guanacaste\" \/><span class=\"wpcf7-list-item-label\">Pac\u00edfico Norte \/Guanacaste<\/span><\/span><span class=\"wpcf7-list-item\"><input type=\"checkbox\" name=\"destinos[]\" value=\"Pacifico Central\" \/><span class=\"wpcf7-list-item-label\">Pacifico Central<\/span><\/span><span class=\"wpcf7-list-item\"><input type=\"checkbox\" name=\"destinos[]\" value=\"Pacifico Sur (Corcovado)\" \/><span class=\"wpcf7-list-item-label\">Pacifico Sur (Corcovado)<\/span><\/span><span class=\"wpcf7-list-item\"><input type=\"checkbox\" name=\"destinos[]\" value=\"Manuel Antonio y Quepos\" \/><span class=\"wpcf7-list-item-label\">Manuel Antonio y Quepos<\/span><\/span><span class=\"wpcf7-list-item last\"><input type=\"checkbox\" name=\"destinos[]\" value=\"Talamanca\" \/><span class=\"wpcf7-list-item-label\">Talamanca<\/span><\/span><\/span><\/span>\n<\/p>\n<p><label> \u00c1reas que desea visitar <\/label><br \/>\n<span class=\"wpcf7-form-control-wrap\" data-name=\"areasvisitar\"><span class=\"wpcf7-form-control wpcf7-checkbox\"><span class=\"wpcf7-list-item first\"><label><input type=\"checkbox\" name=\"areasvisitar[]\" value=\"Playas\" \/><span class=\"wpcf7-list-item-label\">Playas<\/span><\/label><\/span><span class=\"wpcf7-list-item\"><label><input type=\"checkbox\" name=\"areasvisitar[]\" value=\"Volcanes\" \/><span class=\"wpcf7-list-item-label\">Volcanes<\/span><\/label><\/span><span class=\"wpcf7-list-item\"><label><input type=\"checkbox\" name=\"areasvisitar[]\" value=\"Bosque Lluvioso\" \/><span class=\"wpcf7-list-item-label\">Bosque Lluvioso<\/span><\/label><\/span><span class=\"wpcf7-list-item\"><label><input type=\"checkbox\" name=\"areasvisitar[]\" value=\"Bosque Nuboso\" \/><span class=\"wpcf7-list-item-label\">Bosque Nuboso<\/span><\/label><\/span><span class=\"wpcf7-list-item last\"><label><input type=\"checkbox\" name=\"areasvisitar[]\" value=\"Otros\" \/><span class=\"wpcf7-list-item-label\">Otros<\/span><\/label><\/span><\/span><\/span>\n<\/p>\n<p><label> Actividades de interes <\/label><br \/>\n<span class=\"wpcf7-form-control-wrap\" data-name=\"actividades\"><span class=\"wpcf7-form-control wpcf7-checkbox\"><span class=\"wpcf7-list-item first\"><label><input type=\"checkbox\" name=\"actividades[]\" value=\"Canopy\" \/><span class=\"wpcf7-list-item-label\">Canopy<\/span><\/label><\/span><span class=\"wpcf7-list-item\"><label><input type=\"checkbox\" name=\"actividades[]\" value=\"Aguas Termales\" \/><span class=\"wpcf7-list-item-label\">Aguas Termales<\/span><\/label><\/span><span class=\"wpcf7-list-item\"><label><input type=\"checkbox\" name=\"actividades[]\" value=\"Surf\" \/><span class=\"wpcf7-list-item-label\">Surf<\/span><\/label><\/span><span class=\"wpcf7-list-item\"><label><input type=\"checkbox\" name=\"actividades[]\" value=\"Rafting\" \/><span class=\"wpcf7-list-item-label\">Rafting<\/span><\/label><\/span><span class=\"wpcf7-list-item\"><label><input type=\"checkbox\" name=\"actividades[]\" value=\"Buceo\" \/><span class=\"wpcf7-list-item-label\">Buceo<\/span><\/label><\/span><span class=\"wpcf7-list-item\"><label><input type=\"checkbox\" name=\"actividades[]\" value=\"Snorkeling\" \/><span class=\"wpcf7-list-item-label\">Snorkeling<\/span><\/label><\/span><span class=\"wpcf7-list-item\"><label><input type=\"checkbox\" name=\"actividades[]\" value=\"Cabalgata\" \/><span class=\"wpcf7-list-item-label\">Cabalgata<\/span><\/label><\/span><span class=\"wpcf7-list-item\"><label><input type=\"checkbox\" name=\"actividades[]\" value=\"Paseo en bote\" \/><span class=\"wpcf7-list-item-label\">Paseo en bote<\/span><\/label><\/span><span class=\"wpcf7-list-item\"><label><input type=\"checkbox\" name=\"actividades[]\" value=\"Caminatas\" \/><span class=\"wpcf7-list-item-label\">Caminatas<\/span><\/label><\/span><span class=\"wpcf7-list-item\"><label><input type=\"checkbox\" name=\"actividades[]\" value=\"Cuadriciclos\" \/><span class=\"wpcf7-list-item-label\">Cuadriciclos<\/span><\/label><\/span><span class=\"wpcf7-list-item\"><label><input type=\"checkbox\" name=\"actividades[]\" value=\"Observaci\u00f3n de aves\" \/><span class=\"wpcf7-list-item-label\">Observaci\u00f3n de aves<\/span><\/label><\/span><span class=\"wpcf7-list-item\"><label><input type=\"checkbox\" name=\"actividades[]\" value=\"Descansar y relajarse\" \/><span class=\"wpcf7-list-item-label\">Descansar y relajarse<\/span><\/label><\/span><span class=\"wpcf7-list-item last\"><label><input type=\"checkbox\" name=\"actividades[]\" value=\"Otros\" \/><span class=\"wpcf7-list-item-label\">Otros<\/span><\/label><\/span><\/span><\/span>\n<\/p>\n<p><label> Tipo de transporte<br \/>\n<span class=\"wpcf7-form-control-wrap\" data-name=\"transporte\"><select class=\"wpcf7-form-control wpcf7-select\" aria-invalid=\"false\" name=\"transporte\"><option value=\"\">&#8212;Por favor, elige una opci\u00f3n&#8212;<\/option><option value=\"Privado\">Privado<\/option><option value=\"Auto Alquilado\">Auto Alquilado<\/option><option value=\"Vuelo Local\">Vuelo Local<\/option><option value=\"Transporte Compartido\">Transporte Compartido<\/option><\/select><\/span> <\/label>\n<\/p>\n<p><label> Preguntas y Comentarios<br \/>\n<span class=\"wpcf7-form-control-wrap\" data-name=\"preguntas\"><textarea cols=\"40\" rows=\"10\" maxlength=\"2000\" class=\"wpcf7-form-control wpcf7-textarea\" aria-invalid=\"false\" name=\"preguntas\"><\/textarea><\/span> <\/label>\n<\/p>\n<p><input class=\"wpcf7-form-control wpcf7-submit has-spinner\" type=\"submit\" value=\"ENVIAR\" \/>\n<\/p><p style=\"display: none !important;\" class=\"akismet-fields-container\" data-prefix=\"_wpcf7_ak_\"><label>&#916;<textarea name=\"_wpcf7_ak_hp_textarea\" cols=\"45\" rows=\"8\" maxlength=\"100\"><\/textarea><\/label><input type=\"hidden\" id=\"ak_js_1\" name=\"_wpcf7_ak_js\" value=\"207\"\/><script>document.getElementById( \"ak_js_1\" ).setAttribute( \"value\", ( new Date() ).getTime() );<\/script><\/p><div class=\"wpcf7-response-output\" aria-hidden=\"true\"><\/div>\n<\/form>\n<\/div>\n[\/vc_column][\/vc_row]<\/p>\n<\/div>","protected":false},"excerpt":{"rendered":"<p>[vc_row equal_height=&#8221;yes&#8221;][vc_column width=&#8221;1\/3&#8243; css=&#8221;.vc_custom_1489074308388{background-color: #ffffff !important;}&#8221;][vc_empty_space][vc_column_text] Vacaciones Personalizadas Complete el formulario a\u00a0continuaci\u00f3n y lo\u00a0estaremos asesorando a la brevedad\u00a0con\u00a0un plan a su medida para hacer de su visita\u00a0a\u00a0Costa Rica una experiencia\u00a0\u00fanica. En base a nuestra\u00a0experiencia le\u00a0enviaremos nuestras mejores sugerencias para que la\u00a0log\u00edstica de su viaje sea perfecta y podamos crear\u00a0as\u00ed\u00a0el itinerario de\u00a0acuerdo a sus\u00a0preferencias. Ser\u00e1 un [&hellip;]<\/p>\n","protected":false},"author":1,"featured_media":0,"parent":0,"menu_order":0,"comment_status":"closed","ping_status":"closed","template":"","meta":{"footnotes":""},"class_list":["post-2928","page","type-page","status-publish","hentry"],"yoast_head":"<!-- This site is optimized with the Yoast SEO plugin v27.4 - https:\/\/yoast.com\/product\/yoast-seo-wordpress\/ -->\n<title>Vacaciones Personalizadas - Costa Rica Natural Tours<\/title>\n<meta name=\"robots\" content=\"index, follow, max-snippet:-1, max-image-preview:large, max-video-preview:-1\" \/>\n<link rel=\"canonical\" href=\"https:\/\/costaricanaturaltours.com\/es\/customized-itinerary\/\" \/>\n<meta property=\"og:locale\" content=\"es_ES\" \/>\n<meta property=\"og:type\" content=\"article\" \/>\n<meta property=\"og:title\" content=\"Vacaciones Personalizadas - Costa Rica Natural Tours\" \/>\n<meta property=\"og:description\" content=\"[vc_row equal_height=&#8221;yes&#8221;][vc_column width=&#8221;1\/3&#8243; css=&#8221;.vc_custom_1489074308388{background-color: #ffffff !important;}&#8221;][vc_empty_space][vc_column_text] Vacaciones Personalizadas Complete el formulario a\u00a0continuaci\u00f3n y lo\u00a0estaremos asesorando a la brevedad\u00a0con\u00a0un plan a su medida para hacer de su visita\u00a0a\u00a0Costa Rica una experiencia\u00a0\u00fanica. En base a nuestra\u00a0experiencia le\u00a0enviaremos nuestras mejores sugerencias para que la\u00a0log\u00edstica de su viaje sea perfecta y podamos crear\u00a0as\u00ed\u00a0el itinerario de\u00a0acuerdo a sus\u00a0preferencias. Ser\u00e1 un [&hellip;]\" \/>\n<meta property=\"og:url\" content=\"https:\/\/costaricanaturaltours.com\/es\/customized-itinerary\/\" \/>\n<meta property=\"og:site_name\" content=\"Costa Rica Natural Tours\" \/>\n<meta property=\"article:publisher\" content=\"https:\/\/www.facebook.com\/Costa-Rica-Natural-Tours-455340267965611\/?fref=ts\" \/>\n<meta property=\"article:modified_time\" content=\"2024-06-27T17:45:07+00:00\" \/>\n<meta name=\"twitter:card\" content=\"summary_large_image\" \/>\n<meta name=\"twitter:label1\" content=\"Tiempo de lectura\" \/>\n\t<meta name=\"twitter:data1\" content=\"1 minuto\" \/>\n<script type=\"application\/ld+json\" class=\"yoast-schema-graph\">{\"@context\":\"https:\\\/\\\/schema.org\",\"@graph\":[{\"@type\":\"WebPage\",\"@id\":\"https:\\\/\\\/costaricanaturaltours.com\\\/es\\\/customized-itinerary\\\/\",\"url\":\"https:\\\/\\\/costaricanaturaltours.com\\\/es\\\/customized-itinerary\\\/\",\"name\":\"Vacaciones Personalizadas - Costa Rica Natural Tours\",\"isPartOf\":{\"@id\":\"https:\\\/\\\/costaricanaturaltours.com\\\/es\\\/#website\"},\"datePublished\":\"2017-02-02T19:20:59+00:00\",\"dateModified\":\"2024-06-27T17:45:07+00:00\",\"breadcrumb\":{\"@id\":\"https:\\\/\\\/costaricanaturaltours.com\\\/es\\\/customized-itinerary\\\/#breadcrumb\"},\"inLanguage\":\"es\",\"potentialAction\":[{\"@type\":\"ReadAction\",\"target\":[[\"https:\\\/\\\/costaricanaturaltours.com\\\/es\\\/customized-itinerary\\\/\"]]}]},{\"@type\":\"BreadcrumbList\",\"@id\":\"https:\\\/\\\/costaricanaturaltours.com\\\/es\\\/customized-itinerary\\\/#breadcrumb\",\"itemListElement\":[{\"@type\":\"ListItem\",\"position\":1,\"name\":\"Home\",\"item\":\"https:\\\/\\\/costaricanaturaltours.com\\\/es\\\/\"},{\"@type\":\"ListItem\",\"position\":2,\"name\":\"Vacaciones Personalizadas\"}]},{\"@type\":\"WebSite\",\"@id\":\"https:\\\/\\\/costaricanaturaltours.com\\\/es\\\/#website\",\"url\":\"https:\\\/\\\/costaricanaturaltours.com\\\/es\\\/\",\"name\":\"Costa Rica Natural Tours\",\"description\":\"La mejor manera de disfrutar Costa Rica\",\"publisher\":{\"@id\":\"https:\\\/\\\/costaricanaturaltours.com\\\/es\\\/#organization\"},\"potentialAction\":[{\"@type\":\"SearchAction\",\"target\":{\"@type\":\"EntryPoint\",\"urlTemplate\":\"https:\\\/\\\/costaricanaturaltours.com\\\/es\\\/?s={search_term_string}\"},\"query-input\":{\"@type\":\"PropertyValueSpecification\",\"valueRequired\":true,\"valueName\":\"search_term_string\"}}],\"inLanguage\":\"es\"},{\"@type\":\"Organization\",\"@id\":\"https:\\\/\\\/costaricanaturaltours.com\\\/es\\\/#organization\",\"name\":\"Costa Rica Natural Tours\",\"url\":\"https:\\\/\\\/costaricanaturaltours.com\\\/es\\\/\",\"logo\":{\"@type\":\"ImageObject\",\"inLanguage\":\"es\",\"@id\":\"https:\\\/\\\/costaricanaturaltours.com\\\/es\\\/#\\\/schema\\\/logo\\\/image\\\/\",\"url\":\"http:\\\/\\\/costaricanaturaltours.com\\\/wp-content\\\/uploads\\\/2015\\\/11\\\/small_logo1.png\",\"contentUrl\":\"http:\\\/\\\/costaricanaturaltours.com\\\/wp-content\\\/uploads\\\/2015\\\/11\\\/small_logo1.png\",\"width\":170,\"height\":140,\"caption\":\"Costa Rica Natural Tours\"},\"image\":{\"@id\":\"https:\\\/\\\/costaricanaturaltours.com\\\/es\\\/#\\\/schema\\\/logo\\\/image\\\/\"},\"sameAs\":[\"https:\\\/\\\/www.facebook.com\\\/Costa-Rica-Natural-Tours-455340267965611\\\/?fref=ts\"]}]}<\/script>\n<!-- \/ Yoast SEO plugin. -->","yoast_head_json":{"title":"Vacaciones Personalizadas - Costa Rica Natural Tours","robots":{"index":"index","follow":"follow","max-snippet":"max-snippet:-1","max-image-preview":"max-image-preview:large","max-video-preview":"max-video-preview:-1"},"canonical":"https:\/\/costaricanaturaltours.com\/es\/customized-itinerary\/","og_locale":"es_ES","og_type":"article","og_title":"Vacaciones Personalizadas - Costa Rica Natural Tours","og_description":"[vc_row equal_height=&#8221;yes&#8221;][vc_column width=&#8221;1\/3&#8243; css=&#8221;.vc_custom_1489074308388{background-color: #ffffff !important;}&#8221;][vc_empty_space][vc_column_text] Vacaciones Personalizadas Complete el formulario a\u00a0continuaci\u00f3n y lo\u00a0estaremos asesorando a la brevedad\u00a0con\u00a0un plan a su medida para hacer de su visita\u00a0a\u00a0Costa Rica una experiencia\u00a0\u00fanica. En base a nuestra\u00a0experiencia le\u00a0enviaremos nuestras mejores sugerencias para que la\u00a0log\u00edstica de su viaje sea perfecta y podamos crear\u00a0as\u00ed\u00a0el itinerario de\u00a0acuerdo a sus\u00a0preferencias. Ser\u00e1 un [&hellip;]","og_url":"https:\/\/costaricanaturaltours.com\/es\/customized-itinerary\/","og_site_name":"Costa Rica Natural Tours","article_publisher":"https:\/\/www.facebook.com\/Costa-Rica-Natural-Tours-455340267965611\/?fref=ts","article_modified_time":"2024-06-27T17:45:07+00:00","twitter_card":"summary_large_image","twitter_misc":{"Tiempo de lectura":"1 minuto"},"schema":{"@context":"https:\/\/schema.org","@graph":[{"@type":"WebPage","@id":"https:\/\/costaricanaturaltours.com\/es\/customized-itinerary\/","url":"https:\/\/costaricanaturaltours.com\/es\/customized-itinerary\/","name":"Vacaciones Personalizadas - Costa Rica Natural Tours","isPartOf":{"@id":"https:\/\/costaricanaturaltours.com\/es\/#website"},"datePublished":"2017-02-02T19:20:59+00:00","dateModified":"2024-06-27T17:45:07+00:00","breadcrumb":{"@id":"https:\/\/costaricanaturaltours.com\/es\/customized-itinerary\/#breadcrumb"},"inLanguage":"es","potentialAction":[{"@type":"ReadAction","target":[["https:\/\/costaricanaturaltours.com\/es\/customized-itinerary\/"]]}]},{"@type":"BreadcrumbList","@id":"https:\/\/costaricanaturaltours.com\/es\/customized-itinerary\/#breadcrumb","itemListElement":[{"@type":"ListItem","position":1,"name":"Home","item":"https:\/\/costaricanaturaltours.com\/es\/"},{"@type":"ListItem","position":2,"name":"Vacaciones Personalizadas"}]},{"@type":"WebSite","@id":"https:\/\/costaricanaturaltours.com\/es\/#website","url":"https:\/\/costaricanaturaltours.com\/es\/","name":"Costa Rica Natural Tours","description":"La mejor manera de disfrutar Costa Rica","publisher":{"@id":"https:\/\/costaricanaturaltours.com\/es\/#organization"},"potentialAction":[{"@type":"SearchAction","target":{"@type":"EntryPoint","urlTemplate":"https:\/\/costaricanaturaltours.com\/es\/?s={search_term_string}"},"query-input":{"@type":"PropertyValueSpecification","valueRequired":true,"valueName":"search_term_string"}}],"inLanguage":"es"},{"@type":"Organization","@id":"https:\/\/costaricanaturaltours.com\/es\/#organization","name":"Costa Rica Natural Tours","url":"https:\/\/costaricanaturaltours.com\/es\/","logo":{"@type":"ImageObject","inLanguage":"es","@id":"https:\/\/costaricanaturaltours.com\/es\/#\/schema\/logo\/image\/","url":"http:\/\/costaricanaturaltours.com\/wp-content\/uploads\/2015\/11\/small_logo1.png","contentUrl":"http:\/\/costaricanaturaltours.com\/wp-content\/uploads\/2015\/11\/small_logo1.png","width":170,"height":140,"caption":"Costa Rica Natural Tours"},"image":{"@id":"https:\/\/costaricanaturaltours.com\/es\/#\/schema\/logo\/image\/"},"sameAs":["https:\/\/www.facebook.com\/Costa-Rica-Natural-Tours-455340267965611\/?fref=ts"]}]}},"_links":{"self":[{"href":"https:\/\/costaricanaturaltours.com\/es\/wp-json\/wp\/v2\/pages\/2928","targetHints":{"allow":["GET"]}}],"collection":[{"href":"https:\/\/costaricanaturaltours.com\/es\/wp-json\/wp\/v2\/pages"}],"about":[{"href":"https:\/\/costaricanaturaltours.com\/es\/wp-json\/wp\/v2\/types\/page"}],"author":[{"embeddable":true,"href":"https:\/\/costaricanaturaltours.com\/es\/wp-json\/wp\/v2\/users\/1"}],"replies":[{"embeddable":true,"href":"https:\/\/costaricanaturaltours.com\/es\/wp-json\/wp\/v2\/comments?post=2928"}],"version-history":[{"count":74,"href":"https:\/\/costaricanaturaltours.com\/es\/wp-json\/wp\/v2\/pages\/2928\/revisions"}],"predecessor-version":[{"id":7444,"href":"https:\/\/costaricanaturaltours.com\/es\/wp-json\/wp\/v2\/pages\/2928\/revisions\/7444"}],"wp:attachment":[{"href":"https:\/\/costaricanaturaltours.com\/es\/wp-json\/wp\/v2\/media?parent=2928"}],"curies":[{"name":"wp","href":"https:\/\/api.w.org\/{rel}","templated":true}]}}