{"id":2842,"date":"2017-02-01T16:26:05","date_gmt":"2017-02-01T16:26:05","guid":{"rendered":"https:\/\/costaricanaturaltours.com\/?page_id=2842"},"modified":"2024-07-07T12:42:14","modified_gmt":"2024-07-07T18:42:14","slug":"espanol-itinerarios","status":"publish","type":"page","link":"https:\/\/costaricanaturaltours.com\/es\/espanol-itinerarios\/","title":{"rendered":"Paquetes Vacacionales"},"content":{"rendered":"<div class=\"wpb-content-wrapper\"><p>[vc_row][vc_column width=&#8221;2\/3&#8243;][vc_column_text css_animation=&#8221;none&#8221; css=&#8221;&#8221;]<\/p>\n<h2 style=\"text-align: center;\">\u00a0<span style=\"color: #50c9f6;\"><strong>PAQUETES DE VACACIONES EN COSTA RICA<\/strong><\/span><\/h2>\n<p style=\"text-align: justify;\">En esta secci\u00f3n encontrar\u00e1 algunos de nuestros mejores paquetes de vacaciones\u00a0con los cuales usted podr\u00e1 empezar a planear junto con nuestros asesores\u00a0sus vacaciones so\u00f1adas en Costa Rica desde la comodidad de su hogar.<\/p>\n<p style=\"text-align: justify;\">Los paquetes vacacionales est\u00e1n dirigidos a los visitantes que deseen explorar los tesoros naturales, la belleza ex\u00f3tica del pa\u00eds y para aquellos que deseen incluir turismo de aventura\u00a0en sus actividades.<\/p>\n<p style=\"text-align: justify;\">Ofrecemos varios paquetes\u00a0especialmente dise\u00f1ados para satisfacer sus gustos, intereses, necesidades y presupuesto.<\/p>\n<p style=\"text-align: justify;\">Todos nuestros paquetes especiales incluyen traslados confortables y seguros, hospedaje, emocionantes excursiones y mucho m\u00e1s de lo que usted espera.<\/p>\n<p>[\/vc_column_text][vc_empty_space height=&#8221;62px&#8221;][\/vc_column][vc_column width=&#8221;1\/3&#8243;][vc_single_image image=&#8221;3093&#8243; img_size=&#8221;415&#215;277&#8243; style=&#8221;vc_box_circle_2&#8243; onclick=&#8221;link_image&#8221; css_animation=&#8221;none&#8221; css=&#8221;&#8221;][\/vc_column][\/vc_row][vc_row][vc_column width=&#8221;1\/2&#8243;][vc_custom_heading text=&#8221;PAQUETE ESPECIAL# 1: (6 D\u00cdAS \/ 5 NOCHES) COSTA RICA NATURALEZA TROPICAL&#8221; use_theme_fonts=&#8221;yes&#8221;][vc_single_image image=&#8221;2902&#8243; img_size=&#8221;277&#215;116&#8243; alignment=&#8221;center&#8221; style=&#8221;vc_box_circle_2&#8243; onclick=&#8221;link_image&#8221; css_animation=&#8221;none&#8221; css=&#8221;&#8221;][vc_column_text css=&#8221;&#8221;]<\/p>\n<p style=\"text-align: justify;\">Disfrute de una\u00a0experiencia \u00fanica\u00a0en Costa Rica recorriendo los lugares esenciales\u00a0m\u00e1s bonitos como\u00a0el\u00a0Parque Nacional Volc\u00e1n Po\u00e1s, las Cataratas de la Paz, el\u00a0Parque Nacional Volc\u00e1n Arenal y la Isla Tortuga.<\/p>\n<p><span style=\"color: #50c9f6;\"><a style=\"color: #50c9f6;\" href=\"https:\/\/costaricanaturaltours.com\/es\/costa-rica-tropical-nature\/\"><strong>LEER M\u00c1S<\/strong><\/a><\/span>[\/vc_column_text][vc_empty_space][vc_custom_heading text=&#8221;PAQUETE ESPECIAL# 3: (9 D\u00cdAS \/ 8 NOCHES) AVENTURA EN EL BOSQUE TROPICAL&#8221; use_theme_fonts=&#8221;yes&#8221;][vc_single_image image=&#8221;3262&#8243; img_size=&#8221;277&#215;116&#8243; alignment=&#8221;center&#8221; style=&#8221;vc_box_circle_2&#8243; onclick=&#8221;link_image&#8221; css_animation=&#8221;none&#8221; css=&#8221;&#8221;][vc_column_text css=&#8221;&#8221;]<\/p>\n<p style=\"text-align: justify;\">Conozca la belleza de Costa Rica aventur\u00e1ndose por el\u00a0pueblo de artesan\u00eda Sarchi, el\u00a0Parque Nacional Volc\u00e1n Arenal, la\u00a0Reserva Biol\u00f3gica de Monteverde y las hermosas Playas de Guanacaste.<\/p>\n<p><span style=\"color: #50c9f6;\"><a style=\"color: #50c9f6;\" href=\"https:\/\/costaricanaturaltours.com\/es\/tropical-forest-adventure-package\/\"><strong>LEER M\u00c1S<\/strong><\/a><\/span>[\/vc_column_text][vc_empty_space][vc_custom_heading text=&#8221;PAQUETE ESPECIAL# 5: (10 D\u00cdAS \/ 9 NOCHES) COSTA RICA SAFARI&#8221; use_theme_fonts=&#8221;yes&#8221;][vc_single_image image=&#8221;3274&#8243; img_size=&#8221;277&#215;116&#8243; alignment=&#8221;center&#8221; style=&#8221;vc_box_circle_2&#8243; onclick=&#8221;link_image&#8221; css_animation=&#8221;none&#8221; css=&#8221;&#8221;][vc_column_text]<\/p>\n<p style=\"text-align: justify;\">D\u00e9jese llevar por el encanto\u00a0de\u00a0Costa Rica explorando el\u00a0Parque Nacional Volc\u00e1n Arenal, el\u00a0Parque Nacional Volc\u00e1n Po\u00e1s, las\u00a0Cataratas de la Paz, el\u00a0Refugio de Vida Silvestre de Barra del Colorado y las hermosas playas de Guanacaste.<\/p>\n<p><span style=\"color: #50c9f6;\"><a style=\"color: #50c9f6;\" href=\"https:\/\/costaricanaturaltours.com\/es\/tour\/costa-rica-safari\/\"><strong>LEER M\u00c1S<\/strong><\/a><\/span>[\/vc_column_text][vc_empty_space][vc_custom_heading text=&#8221;PAQUETE ESPECIAL# 7: (11 D\u00cdAS \/ 10 NOCHES) COSTA RICA, PURA VIDA&#8221; use_theme_fonts=&#8221;yes&#8221;][vc_single_image image=&#8221;3296&#8243; img_size=&#8221;277&#215;116&#8243; alignment=&#8221;center&#8221; style=&#8221;vc_box_circle_2&#8243; onclick=&#8221;link_image&#8221; css_animation=&#8221;none&#8221; css=&#8221;&#8221;][vc_column_text]<\/p>\n<p style=\"text-align: justify;\">Dec\u00eddase a conocer Costa Rica con este tour de aventura conociendo el\u00a0Parque Nacional Tortuguero, las\u00a0Playas del Caribe Sur\u00a0&#8211; Puerto Viejo, el\u00a0R\u00edo Pacuare, el\u00a0Parque Nacional Volc\u00e1n Arenal y las inolvidables playas del Parque Nacional Manuel Antonio.<\/p>\n<p><span style=\"color: #50c9f6;\"><a style=\"color: #50c9f6;\" href=\"https:\/\/costaricanaturaltours.com\/es\/tour\/costa-rica-pura-vida\/\"><strong>LEER M\u00c1S<\/strong><\/a><\/span>[\/vc_column_text][vc_empty_space][vc_custom_heading text=&#8221;PAQUETE ESPECIAL# 9: (19 D\u00cdAS \/ 18 NOCHES) DESAF\u00cdO EN COSTA RICA&#8221; font_container=&#8221;tag:h2|font_size:20|text_align:left&#8221; use_theme_fonts=&#8221;yes&#8221; el_class=&#8221;heading-title-3&#8243;][vc_single_image image=&#8221;3268&#8243; img_size=&#8221;277&#215;116&#8243; alignment=&#8221;center&#8221; style=&#8221;vc_box_circle_2&#8243; onclick=&#8221;link_image&#8221; css_animation=&#8221;none&#8221; css=&#8221;&#8221;][vc_column_text]<\/p>\n<p style=\"text-align: justify;\">Aproveche un recorrido desafiante e inspirador paseando por el\u00a0Parque Nacional Volc\u00e1n Po\u00e1s, las Cataratas de la Paz, el\u00a0Parque Nacional Chirrip\u00f3 y\u00a0Volc\u00e1n Arenal, la\u00a0Reserva Biol\u00f3gica de Monteverde; las bellas\u00a0playas de Guanacaste, el\u00a0Parque Nacional Manuel Antonio y Corcovado.<\/p>\n<p>&nbsp;<\/p>\n<p dir=\"ltr\" data-placeholder=\"Traducci\u00f3n\"><span style=\"color: #50c9f6;\"><strong><a style=\"color: #50c9f6;\" href=\"https:\/\/costaricanaturaltours.com\/es\/tour\/desafio-en-costa-rica\/\">LEER M\u00c1S<\/a><\/strong><\/span><\/p>\n<p>[\/vc_column_text][\/vc_column][vc_column width=&#8221;1\/2&#8243;][vc_custom_heading text=&#8221;PAQUETE ESPECIAL# 2: (8 D\u00cdAS \/ 7 NOCHES) UNA EXPERIENCIA CL\u00c1SICA&#8221; use_theme_fonts=&#8221;yes&#8221;][vc_single_image image=&#8221;3231&#8243; img_size=&#8221;277&#215;116&#8243; alignment=&#8221;center&#8221; style=&#8221;vc_box_circle_2&#8243; onclick=&#8221;link_image&#8221; css_animation=&#8221;none&#8221; css=&#8221;&#8221;][vc_column_text css=&#8221;&#8221;]<\/p>\n<p style=\"text-align: justify;\">Viva un\u00a0inigualable viaje por\u00a0Costa Rica recorriendo\u00a0el\u00a0Parque Nacional Volc\u00e1n Po\u00e1s, las\u00a0Cataratas de la Paz, el\u00a0Parque Nacional Volc\u00e1n Arenal y las hermosas Playas de Guanacaste.<\/p>\n<p id=\"tw-target-text\" class=\"tw-data-text tw-ta tw-text-medium\" dir=\"ltr\" data-placeholder=\"Traducci\u00f3n\"><span style=\"color: #50c9f6;\"><a style=\"color: #50c9f6;\" href=\"https:\/\/costaricanaturaltours.com\/es\/the-classic-experience-package\"><strong><span lang=\"en\">LEER M\u00c1S<\/span><\/strong><\/a><\/span><\/p>\n<p>[\/vc_column_text][vc_empty_space][vc_custom_heading text=&#8221;PAQUETE ESPECIAL# 4: (9 D\u00cdAS \/ 8 NOCHES) AVENTURA EN R\u00cdO CELESTE&#8221; use_theme_fonts=&#8221;yes&#8221;][vc_single_image image=&#8221;3094&#8243; img_size=&#8221;277&#215;116&#8243; alignment=&#8221;center&#8221; style=&#8221;vc_box_circle_2&#8243; onclick=&#8221;link_image&#8221; css_animation=&#8221;none&#8221; css=&#8221;&#8221;][vc_column_text]<\/p>\n<p style=\"text-align: justify;\">Le fascinar\u00e1\u00a0deleitarse con\u00a0la combinaci\u00f3n perfecta del\u00a0Parque Nacional Volc\u00e1n Arenal, el\u00a0R\u00edo Celeste, la\u00a0Reserva Biol\u00f3gica Monteverde y las hermosas playas del Parque Nacional Manuel Antonio.<\/p>\n<p style=\"text-align: justify;\"><span style=\"color: #50c9f6;\"><a style=\"color: #50c9f6;\" href=\"https:\/\/costaricanaturaltours.com\/es\/tour\/aventura-en-rio-celeste\/\"><strong><span lang=\"en\">LEER M\u00c1S<\/span><\/strong><\/a><\/span><\/p>\n<p>[\/vc_column_text][vc_empty_space][vc_custom_heading text=&#8221;PAQUETE ESPECIAL# 6:(10 D\u00cdAS \/ 9 NOCHES) COSTA RICA, PARA\u00cdSO TROPICAL&#8221; use_theme_fonts=&#8221;yes&#8221;][vc_single_image image=&#8221;3297&#8243; img_size=&#8221;277&#215;116&#8243; alignment=&#8221;center&#8221; style=&#8221;vc_box_circle_2&#8243; onclick=&#8221;link_image&#8221; css_animation=&#8221;none&#8221; css=&#8221;&#8221;][vc_column_text]<\/p>\n<p style=\"text-align: justify;\">Jam\u00e1s\u00a0olvidar\u00e1 la imponente belleza del Parque Nac. Volc\u00e1n Arenal y el\u00a0Volc\u00e1n Po\u00e1s, las Cataratas de la Paz, el\u00a0Parque Nac. Tortuguero y las paradis\u00edacas playas de Guanacaste.<\/p>\n<p><span style=\"color: #50c9f6;\"><a style=\"color: #50c9f6;\" href=\"https:\/\/costaricanaturaltours.com\/es\/tour\/costa-rica-paraiso-tropical\/\"><strong>LEER M\u00c1S<\/strong><\/a><\/span>[\/vc_column_text][vc_empty_space][vc_custom_heading text=&#8221;PAQUETE ESPECIAL# 8: (12 D\u00cdAS \/ 11 NOCHES) COSTA RICA EX\u00d3TICA&#8221; use_theme_fonts=&#8221;yes&#8221;][vc_single_image image=&#8221;3292&#8243; img_size=&#8221;277&#215;116&#8243; alignment=&#8221;center&#8221; style=&#8221;vc_box_circle_2&#8243; onclick=&#8221;link_image&#8221; css_animation=&#8221;none&#8221; css=&#8221;&#8221;][vc_column_text css=&#8221;&#8221;]<\/p>\n<p style=\"text-align: justify;\">Enamorarse de Costa Rica al alcance de su mano recorriendo el Parque Nacional Volc\u00e1n Arenal, la\u00a0Reserva Biol\u00f3gica de Monteverde y las\u00a0playas del Parque Nacional Manuel Antonio y Corcovado.<\/p>\n<p>&nbsp;<\/p>\n<p class=\"tw-data-text tw-ta tw-text-small\" dir=\"ltr\" data-placeholder=\"Traducci\u00f3n\"><span style=\"color: #50c9f6;\"><a style=\"color: #50c9f6;\" href=\"https:\/\/costaricanaturaltours.com\/es\/exotic-costa-rica\/\"><strong>LEER M\u00c1S<\/strong><\/a><\/span><\/p>\n<p>[\/vc_column_text][\/vc_column][\/vc_row][vc_row][vc_column width=&#8221;1\/2&#8243;][\/vc_column][vc_column width=&#8221;1\/2&#8243;][\/vc_column][\/vc_row][vc_row][vc_column width=&#8221;1\/2&#8243;][\/vc_column][vc_column width=&#8221;1\/2&#8243;][\/vc_column][\/vc_row][vc_row][vc_column][vc_empty_space height=&#8221;62px&#8221;][\/vc_column][\/vc_row][vc_row][vc_column][vc_cta h2=&#8221;\u00bfNo encontr\u00f3 lo que buscaba?&#8221; h2_font_container=&#8221;font_size:24|color:%236dab3c&#8221; h2_use_theme_fonts=&#8221;yes&#8221; h4=&#8221;Cu\u00e9ntenos los lugares de Costa Rica que desee conocer y nosotros le ayudaremos a hacerlo realidad&#8230;&#8221; txt_align=&#8221;center&#8221; shape=&#8221;square&#8221; style=&#8221;flat&#8221; el_width=&#8221;md&#8221; add_button=&#8221;right&#8221; btn_title=&#8221;Clic aqu\u00ed&#8221; btn_style=&#8221;flat&#8221; btn_shape=&#8221;square&#8221; btn_color=&#8221;green&#8221; btn_size=&#8221;lg&#8221; btn_align=&#8221;right&#8221; btn_i_align=&#8221;right&#8221; btn_i_icon_fontawesome=&#8221;fa fa-check-square-o&#8221; use_custom_fonts_h2=&#8221;true&#8221; btn_button_block=&#8221;true&#8221; btn_add_icon=&#8221;true&#8221; h2_link=&#8221;||&#8221; btn_link=&#8221;url:https%3A%2F%2Fcostaricanaturaltours.com%2Fes%2Fcontacto%2F||&#8221;][\/vc_cta][vc_empty_space][\/vc_column][\/vc_row][vc_row][vc_column][vc_single_image image=&#8221;9221&#8243; img_size=&#8221;full&#8221; alignment=&#8221;center&#8221; onclick=&#8221;custom_link&#8221; link=&#8221;https:\/\/costaricanaturaltours.com\/es\/itinerario-personalizado\/&#8221;][vc_empty_space][\/vc_column][\/vc_row][vc_row][vc_column][vc_media_grid element_width=&#8221;3&#8243; css=&#8221;&#8221; initial_loading_animation=&#8221;none&#8221; grid_id=&#8221;vc_gid:1720377262779-d043becf-135c-8&#8243; include=&#8221;2900,2902,2904,2905&#8243;][vc_empty_space][\/vc_column][\/vc_row]<\/p>\n<\/div>","protected":false},"excerpt":{"rendered":"<p>[vc_row][vc_column width=&#8221;2\/3&#8243;][vc_column_text css_animation=&#8221;none&#8221; css=&#8221;&#8221;] \u00a0PAQUETES DE VACACIONES EN COSTA RICA En esta secci\u00f3n encontrar\u00e1 algunos de nuestros mejores paquetes de vacaciones\u00a0con los cuales usted podr\u00e1 empezar a planear junto con nuestros asesores\u00a0sus vacaciones so\u00f1adas en Costa Rica desde la comodidad de su hogar. Los paquetes vacacionales est\u00e1n dirigidos a los visitantes que deseen explorar los [&hellip;]<\/p>\n","protected":false},"author":1,"featured_media":0,"parent":0,"menu_order":0,"comment_status":"closed","ping_status":"closed","template":"","meta":{"footnotes":""},"class_list":["post-2842","page","type-page","status-publish","hentry"],"yoast_head":"<!-- This site is optimized with the Yoast SEO plugin v27.5 - https:\/\/yoast.com\/product\/yoast-seo-wordpress\/ -->\n<title>Paquetes Vacacionales - Costa Rica Natural Tours<\/title>\n<meta name=\"robots\" content=\"index, follow, max-snippet:-1, max-image-preview:large, max-video-preview:-1\" \/>\n<link rel=\"canonical\" href=\"https:\/\/costaricanaturaltours.com\/es\/espanol-itinerarios\/\" \/>\n<meta property=\"og:locale\" content=\"es_ES\" \/>\n<meta property=\"og:type\" content=\"article\" \/>\n<meta property=\"og:title\" content=\"Paquetes Vacacionales - Costa Rica Natural Tours\" \/>\n<meta property=\"og:description\" content=\"[vc_row][vc_column width=&#8221;2\/3&#8243;][vc_column_text css_animation=&#8221;none&#8221; css=&#8221;&#8221;] \u00a0PAQUETES DE VACACIONES EN COSTA RICA En esta secci\u00f3n encontrar\u00e1 algunos de nuestros mejores paquetes de vacaciones\u00a0con los cuales usted podr\u00e1 empezar a planear junto con nuestros asesores\u00a0sus vacaciones so\u00f1adas en Costa Rica desde la comodidad de su hogar. Los paquetes vacacionales est\u00e1n dirigidos a los visitantes que deseen explorar los [&hellip;]\" \/>\n<meta property=\"og:url\" content=\"https:\/\/costaricanaturaltours.com\/es\/espanol-itinerarios\/\" \/>\n<meta property=\"og:site_name\" content=\"Costa Rica Natural Tours\" \/>\n<meta property=\"article:publisher\" content=\"https:\/\/www.facebook.com\/Costa-Rica-Natural-Tours-455340267965611\/?fref=ts\" \/>\n<meta property=\"article:modified_time\" content=\"2024-07-07T18:42:14+00:00\" \/>\n<meta name=\"twitter:card\" content=\"summary_large_image\" \/>\n<meta name=\"twitter:label1\" content=\"Tiempo de lectura\" \/>\n\t<meta name=\"twitter:data1\" content=\"9 minutos\" \/>\n<script type=\"application\/ld+json\" class=\"yoast-schema-graph\">{\"@context\":\"https:\\\/\\\/schema.org\",\"@graph\":[{\"@type\":\"WebPage\",\"@id\":\"https:\\\/\\\/costaricanaturaltours.com\\\/es\\\/espanol-itinerarios\\\/\",\"url\":\"https:\\\/\\\/costaricanaturaltours.com\\\/es\\\/espanol-itinerarios\\\/\",\"name\":\"Paquetes Vacacionales - Costa Rica Natural Tours\",\"isPartOf\":{\"@id\":\"https:\\\/\\\/costaricanaturaltours.com\\\/es\\\/#website\"},\"datePublished\":\"2017-02-01T16:26:05+00:00\",\"dateModified\":\"2024-07-07T18:42:14+00:00\",\"breadcrumb\":{\"@id\":\"https:\\\/\\\/costaricanaturaltours.com\\\/es\\\/espanol-itinerarios\\\/#breadcrumb\"},\"inLanguage\":\"es\",\"potentialAction\":[{\"@type\":\"ReadAction\",\"target\":[[\"https:\\\/\\\/costaricanaturaltours.com\\\/es\\\/espanol-itinerarios\\\/\"]]}]},{\"@type\":\"BreadcrumbList\",\"@id\":\"https:\\\/\\\/costaricanaturaltours.com\\\/es\\\/espanol-itinerarios\\\/#breadcrumb\",\"itemListElement\":[{\"@type\":\"ListItem\",\"position\":1,\"name\":\"Home\",\"item\":\"https:\\\/\\\/costaricanaturaltours.com\\\/es\\\/\"},{\"@type\":\"ListItem\",\"position\":2,\"name\":\"Paquetes Vacacionales\"}]},{\"@type\":\"WebSite\",\"@id\":\"https:\\\/\\\/costaricanaturaltours.com\\\/es\\\/#website\",\"url\":\"https:\\\/\\\/costaricanaturaltours.com\\\/es\\\/\",\"name\":\"Costa Rica Natural Tours\",\"description\":\"La mejor manera de disfrutar Costa Rica\",\"publisher\":{\"@id\":\"https:\\\/\\\/costaricanaturaltours.com\\\/es\\\/#organization\"},\"potentialAction\":[{\"@type\":\"SearchAction\",\"target\":{\"@type\":\"EntryPoint\",\"urlTemplate\":\"https:\\\/\\\/costaricanaturaltours.com\\\/es\\\/?s={search_term_string}\"},\"query-input\":{\"@type\":\"PropertyValueSpecification\",\"valueRequired\":true,\"valueName\":\"search_term_string\"}}],\"inLanguage\":\"es\"},{\"@type\":\"Organization\",\"@id\":\"https:\\\/\\\/costaricanaturaltours.com\\\/es\\\/#organization\",\"name\":\"Costa Rica Natural Tours\",\"url\":\"https:\\\/\\\/costaricanaturaltours.com\\\/es\\\/\",\"logo\":{\"@type\":\"ImageObject\",\"inLanguage\":\"es\",\"@id\":\"https:\\\/\\\/costaricanaturaltours.com\\\/es\\\/#\\\/schema\\\/logo\\\/image\\\/\",\"url\":\"http:\\\/\\\/costaricanaturaltours.com\\\/wp-content\\\/uploads\\\/2015\\\/11\\\/small_logo1.png\",\"contentUrl\":\"http:\\\/\\\/costaricanaturaltours.com\\\/wp-content\\\/uploads\\\/2015\\\/11\\\/small_logo1.png\",\"width\":170,\"height\":140,\"caption\":\"Costa Rica Natural Tours\"},\"image\":{\"@id\":\"https:\\\/\\\/costaricanaturaltours.com\\\/es\\\/#\\\/schema\\\/logo\\\/image\\\/\"},\"sameAs\":[\"https:\\\/\\\/www.facebook.com\\\/Costa-Rica-Natural-Tours-455340267965611\\\/?fref=ts\"]}]}<\/script>\n<!-- \/ Yoast SEO plugin. -->","yoast_head_json":{"title":"Paquetes Vacacionales - Costa Rica Natural Tours","robots":{"index":"index","follow":"follow","max-snippet":"max-snippet:-1","max-image-preview":"max-image-preview:large","max-video-preview":"max-video-preview:-1"},"canonical":"https:\/\/costaricanaturaltours.com\/es\/espanol-itinerarios\/","og_locale":"es_ES","og_type":"article","og_title":"Paquetes Vacacionales - Costa Rica Natural Tours","og_description":"[vc_row][vc_column width=&#8221;2\/3&#8243;][vc_column_text css_animation=&#8221;none&#8221; css=&#8221;&#8221;] \u00a0PAQUETES DE VACACIONES EN COSTA RICA En esta secci\u00f3n encontrar\u00e1 algunos de nuestros mejores paquetes de vacaciones\u00a0con los cuales usted podr\u00e1 empezar a planear junto con nuestros asesores\u00a0sus vacaciones so\u00f1adas en Costa Rica desde la comodidad de su hogar. Los paquetes vacacionales est\u00e1n dirigidos a los visitantes que deseen explorar los [&hellip;]","og_url":"https:\/\/costaricanaturaltours.com\/es\/espanol-itinerarios\/","og_site_name":"Costa Rica Natural Tours","article_publisher":"https:\/\/www.facebook.com\/Costa-Rica-Natural-Tours-455340267965611\/?fref=ts","article_modified_time":"2024-07-07T18:42:14+00:00","twitter_card":"summary_large_image","twitter_misc":{"Tiempo de lectura":"9 minutos"},"schema":{"@context":"https:\/\/schema.org","@graph":[{"@type":"WebPage","@id":"https:\/\/costaricanaturaltours.com\/es\/espanol-itinerarios\/","url":"https:\/\/costaricanaturaltours.com\/es\/espanol-itinerarios\/","name":"Paquetes Vacacionales - Costa Rica Natural Tours","isPartOf":{"@id":"https:\/\/costaricanaturaltours.com\/es\/#website"},"datePublished":"2017-02-01T16:26:05+00:00","dateModified":"2024-07-07T18:42:14+00:00","breadcrumb":{"@id":"https:\/\/costaricanaturaltours.com\/es\/espanol-itinerarios\/#breadcrumb"},"inLanguage":"es","potentialAction":[{"@type":"ReadAction","target":[["https:\/\/costaricanaturaltours.com\/es\/espanol-itinerarios\/"]]}]},{"@type":"BreadcrumbList","@id":"https:\/\/costaricanaturaltours.com\/es\/espanol-itinerarios\/#breadcrumb","itemListElement":[{"@type":"ListItem","position":1,"name":"Home","item":"https:\/\/costaricanaturaltours.com\/es\/"},{"@type":"ListItem","position":2,"name":"Paquetes Vacacionales"}]},{"@type":"WebSite","@id":"https:\/\/costaricanaturaltours.com\/es\/#website","url":"https:\/\/costaricanaturaltours.com\/es\/","name":"Costa Rica Natural Tours","description":"La mejor manera de disfrutar Costa Rica","publisher":{"@id":"https:\/\/costaricanaturaltours.com\/es\/#organization"},"potentialAction":[{"@type":"SearchAction","target":{"@type":"EntryPoint","urlTemplate":"https:\/\/costaricanaturaltours.com\/es\/?s={search_term_string}"},"query-input":{"@type":"PropertyValueSpecification","valueRequired":true,"valueName":"search_term_string"}}],"inLanguage":"es"},{"@type":"Organization","@id":"https:\/\/costaricanaturaltours.com\/es\/#organization","name":"Costa Rica Natural Tours","url":"https:\/\/costaricanaturaltours.com\/es\/","logo":{"@type":"ImageObject","inLanguage":"es","@id":"https:\/\/costaricanaturaltours.com\/es\/#\/schema\/logo\/image\/","url":"http:\/\/costaricanaturaltours.com\/wp-content\/uploads\/2015\/11\/small_logo1.png","contentUrl":"http:\/\/costaricanaturaltours.com\/wp-content\/uploads\/2015\/11\/small_logo1.png","width":170,"height":140,"caption":"Costa Rica Natural Tours"},"image":{"@id":"https:\/\/costaricanaturaltours.com\/es\/#\/schema\/logo\/image\/"},"sameAs":["https:\/\/www.facebook.com\/Costa-Rica-Natural-Tours-455340267965611\/?fref=ts"]}]}},"_links":{"self":[{"href":"https:\/\/costaricanaturaltours.com\/es\/wp-json\/wp\/v2\/pages\/2842","targetHints":{"allow":["GET"]}}],"collection":[{"href":"https:\/\/costaricanaturaltours.com\/es\/wp-json\/wp\/v2\/pages"}],"about":[{"href":"https:\/\/costaricanaturaltours.com\/es\/wp-json\/wp\/v2\/types\/page"}],"author":[{"embeddable":true,"href":"https:\/\/costaricanaturaltours.com\/es\/wp-json\/wp\/v2\/users\/1"}],"replies":[{"embeddable":true,"href":"https:\/\/costaricanaturaltours.com\/es\/wp-json\/wp\/v2\/comments?post=2842"}],"version-history":[{"count":251,"href":"https:\/\/costaricanaturaltours.com\/es\/wp-json\/wp\/v2\/pages\/2842\/revisions"}],"predecessor-version":[{"id":12794,"href":"https:\/\/costaricanaturaltours.com\/es\/wp-json\/wp\/v2\/pages\/2842\/revisions\/12794"}],"wp:attachment":[{"href":"https:\/\/costaricanaturaltours.com\/es\/wp-json\/wp\/v2\/media?parent=2842"}],"curies":[{"name":"wp","href":"https:\/\/api.w.org\/{rel}","templated":true}]}}