{"id":2822,"date":"2017-02-01T14:38:36","date_gmt":"2017-02-01T14:38:36","guid":{"rendered":"https:\/\/costaricanaturaltours.com\/?page_id=2822"},"modified":"2024-07-03T13:04:20","modified_gmt":"2024-07-03T19:04:20","slug":"domestic-flights","status":"publish","type":"page","link":"https:\/\/costaricanaturaltours.com\/es\/domestic-flights\/","title":{"rendered":"Vuelos Dom\u00e9sticos"},"content":{"rendered":"<div class=\"wpb-content-wrapper\"><p>[vc_row][vc_column width=&#8221;1\/2&#8243;][vc_column_text]<\/p>\n<p style=\"text-align: justify;\"><span style=\"color: #00ccff;\"><strong>Vuelos Dom\u00e9sticos<\/strong><\/span><\/p>\n<p style=\"text-align: justify;\">En esta secci\u00f3n usted encontrara informaci\u00f3n de vuelos locales, nos comprometemos con la organizaci\u00f3n y coordinaci\u00f3n de sus\u00a0vuelos dentro del pa\u00eds\u00a0para que pueda desplazarse r\u00e1pidamente y sin demora a su destino preferido.\u00a0Algunos clientes consideran\u00a0inc\u00f3moda\u00a0la duraci\u00f3n de los traslados por tierra entre sus desplazamientos ya sea tanto en veh\u00edculo de alquiler o en\u00a0transporte tur\u00edstico compartido o privado, por lo cual contamos con\u00a0la opci\u00f3n de los vuelos internos.<\/p>\n<p style=\"text-align: justify;\">El pa\u00eds es relativamente peque\u00f1o\u00a0por lo tanto\u00a0la duraci\u00f3n de los vuelos no superar\u00e1 una\u00a0hora con el plus de que contamos con pistas de aterrizaje\u00a0en las zonas tur\u00edsticas de mayor importancia.\u00a0Actualmente estos vuelos son operados por dos aerol\u00edneas locales:\u00a0Nature Air\u00a0y\u00a0Sansa.\u00a0 Ambas compa\u00f1\u00edas operan con\u00a0aviones seguros y confortables, en su mayor\u00eda con\u00a0vuelos\u00a0ch\u00e1rter peque\u00f1os\u00a0pues\u00a0las\u00a0rutas son de corta duraci\u00f3n.<\/p>\n<p style=\"text-align: justify;\">La frecuencia de los vuelos es diaria\u00a0tanto\u00a0en\u00a0la \u00e9poca seca\u00a0(salidas por\u00a0la ma\u00f1ana y por la\u00a0tarde); como\u00a0en la\u00a0estaci\u00f3n\u00a0de lluvias, en la cual\u00a0generalmente las salidas son en horas de la ma\u00f1ana.<\/p>\n<p style=\"text-align: justify;\">Entre los destinos ofrecidos m\u00e1s populares se encuentran\u00a0San Jose, La Fortuna, Liberia, Tamarindo, Nosara, Tambor, Quepos, Puerto Jim\u00e9nez, Palmar Sur, Bah\u00eda Drake y Golfito. Nature Air realiza\u00a0tambi\u00e9n rutas\u00a0a\u00e9reas\u00a0fuera de nuestras fronteras\u00a0como lo es Managua, Nicaragua y a Bocas del Toro, Panam\u00e1.<\/p>\n<p>[\/vc_column_text][\/vc_column][vc_column width=&#8221;1\/2&#8243;][vc_toggle title=&#8221;Destinos&#8221; color=&#8221;green&#8221; el_id=&#8221;1489506066417-340ded78-5d0f&#8221;]<\/p>\n<ul>\n<li>San Jos\u00e9<\/li>\n<li>La Fortuna<\/li>\n<li>Liberia<\/li>\n<li>Tamarindo<\/li>\n<li>Nosara<\/li>\n<li>Tambor<\/li>\n<li>Quepos<\/li>\n<li>Puerto Jim\u00e9nez<\/li>\n<li>Palmar Sur<\/li>\n<li>Bah\u00eda Drake<\/li>\n<li>Golfito<\/li>\n<\/ul>\n<p>&nbsp;<\/p>\n<p>[\/vc_toggle][vc_row_inner][vc_column_inner][vc_empty_space height=&#8221;62px&#8221;][vc_btn title=&#8221;Nature Air&#8221; style=&#8221;flat&#8221; color=&#8221;green&#8221; align=&#8221;left&#8221; link=&#8221;url:https%3A%2F%2Fcostaricanaturaltours.com%2Fes%2Fnature-air%2F||&#8221;][vc_btn title=&#8221;Sansa&#8221; style=&#8221;flat&#8221; color=&#8221;green&#8221; align=&#8221;left&#8221; link=&#8221;url:https%3A%2F%2Fcostaricanaturaltours.com%2Fes%2Fsansa%2F||&#8221;][\/vc_column_inner][\/vc_row_inner][\/vc_column][\/vc_row][vc_row][vc_column][vc_empty_space height=&#8221;92px&#8221;][\/vc_column][\/vc_row][vc_row][vc_column][vc_single_image image=&#8221;9221&#8243; img_size=&#8221;full&#8221; alignment=&#8221;center&#8221; onclick=&#8221;custom_link&#8221; link=&#8221;https:\/\/costaricanaturaltours.com\/es\/itinerario-personalizado\/&#8221;][vc_empty_space][vc_cta h2=&#8221; Durante su estad\u00eda en Costa Rica, \u00bfDesea trasladarse de un destino a otro por medio de un vuelo local?&#8221; h4=&#8221;Por favor complete el formulario a continuaci\u00f3n y nos pondremos en contacto con usted a la brevedad.&#8221; el_width=&#8221;md&#8221; add_button=&#8221;right&#8221; btn_title=&#8221;Aqu\u00ed&#8230;&#8221; btn_style=&#8221;flat&#8221; btn_color=&#8221;warning&#8221; btn_size=&#8221;lg&#8221; use_custom_fonts_h2=&#8221;true&#8221; btn_link=&#8221;url:https%3A%2F%2Fcostaricanaturaltours.com%2Fes%2Ftransporte-aereo%2F||&#8221; btn_add_icon=&#8221;true&#8221;][\/vc_cta][vc_empty_space][\/vc_column][\/vc_row][vc_row][vc_column][vc_row_inner][vc_column_inner][vc_media_grid style=&#8221;pagination&#8221; initial_loading_animation=&#8221;slideInDown&#8221; grid_id=&#8221;vc_gid:1494858183229-902e921b-e186-6&#8243; include=&#8221;3738,3739,3740&#8243;][\/vc_column_inner][\/vc_row_inner][\/vc_column][\/vc_row]<\/p>\n<\/div>","protected":false},"excerpt":{"rendered":"<p>[vc_row][vc_column width=&#8221;1\/2&#8243;][vc_column_text] Vuelos Dom\u00e9sticos En esta secci\u00f3n usted encontrara informaci\u00f3n de vuelos locales, nos comprometemos con la organizaci\u00f3n y coordinaci\u00f3n de sus\u00a0vuelos dentro del pa\u00eds\u00a0para que pueda desplazarse r\u00e1pidamente y sin demora a su destino preferido.\u00a0Algunos clientes consideran\u00a0inc\u00f3moda\u00a0la duraci\u00f3n de los traslados por tierra entre sus desplazamientos ya sea tanto en veh\u00edculo de alquiler o [&hellip;]<\/p>\n","protected":false},"author":1,"featured_media":0,"parent":0,"menu_order":0,"comment_status":"closed","ping_status":"closed","template":"","meta":{"footnotes":""},"class_list":["post-2822","page","type-page","status-publish","hentry"],"yoast_head":"<!-- This site is optimized with the Yoast SEO plugin v27.5 - https:\/\/yoast.com\/product\/yoast-seo-wordpress\/ -->\n<title>Vuelos Dom\u00e9sticos - Costa Rica Natural Tours<\/title>\n<meta name=\"robots\" content=\"index, follow, max-snippet:-1, max-image-preview:large, max-video-preview:-1\" \/>\n<link rel=\"canonical\" href=\"https:\/\/costaricanaturaltours.com\/es\/domestic-flights\/\" \/>\n<meta property=\"og:locale\" content=\"es_ES\" \/>\n<meta property=\"og:type\" content=\"article\" \/>\n<meta property=\"og:title\" content=\"Vuelos Dom\u00e9sticos - Costa Rica Natural Tours\" \/>\n<meta property=\"og:description\" content=\"[vc_row][vc_column width=&#8221;1\/2&#8243;][vc_column_text] Vuelos Dom\u00e9sticos En esta secci\u00f3n usted encontrara informaci\u00f3n de vuelos locales, nos comprometemos con la organizaci\u00f3n y coordinaci\u00f3n de sus\u00a0vuelos dentro del pa\u00eds\u00a0para que pueda desplazarse r\u00e1pidamente y sin demora a su destino preferido.\u00a0Algunos clientes consideran\u00a0inc\u00f3moda\u00a0la duraci\u00f3n de los traslados por tierra entre sus desplazamientos ya sea tanto en veh\u00edculo de alquiler o [&hellip;]\" \/>\n<meta property=\"og:url\" content=\"https:\/\/costaricanaturaltours.com\/es\/domestic-flights\/\" \/>\n<meta property=\"og:site_name\" content=\"Costa Rica Natural Tours\" \/>\n<meta property=\"article:publisher\" content=\"https:\/\/www.facebook.com\/Costa-Rica-Natural-Tours-455340267965611\/?fref=ts\" \/>\n<meta property=\"article:modified_time\" content=\"2024-07-03T19:04:20+00:00\" \/>\n<meta name=\"twitter:card\" content=\"summary_large_image\" \/>\n<meta name=\"twitter:label1\" content=\"Tiempo de lectura\" \/>\n\t<meta name=\"twitter:data1\" content=\"1 minuto\" \/>\n<script type=\"application\/ld+json\" class=\"yoast-schema-graph\">{\"@context\":\"https:\\\/\\\/schema.org\",\"@graph\":[{\"@type\":\"WebPage\",\"@id\":\"https:\\\/\\\/costaricanaturaltours.com\\\/es\\\/domestic-flights\\\/\",\"url\":\"https:\\\/\\\/costaricanaturaltours.com\\\/es\\\/domestic-flights\\\/\",\"name\":\"Vuelos Dom\u00e9sticos - Costa Rica Natural Tours\",\"isPartOf\":{\"@id\":\"https:\\\/\\\/costaricanaturaltours.com\\\/es\\\/#website\"},\"datePublished\":\"2017-02-01T14:38:36+00:00\",\"dateModified\":\"2024-07-03T19:04:20+00:00\",\"breadcrumb\":{\"@id\":\"https:\\\/\\\/costaricanaturaltours.com\\\/es\\\/domestic-flights\\\/#breadcrumb\"},\"inLanguage\":\"es\",\"potentialAction\":[{\"@type\":\"ReadAction\",\"target\":[[\"https:\\\/\\\/costaricanaturaltours.com\\\/es\\\/domestic-flights\\\/\"]]}]},{\"@type\":\"BreadcrumbList\",\"@id\":\"https:\\\/\\\/costaricanaturaltours.com\\\/es\\\/domestic-flights\\\/#breadcrumb\",\"itemListElement\":[{\"@type\":\"ListItem\",\"position\":1,\"name\":\"Home\",\"item\":\"https:\\\/\\\/costaricanaturaltours.com\\\/es\\\/\"},{\"@type\":\"ListItem\",\"position\":2,\"name\":\"Vuelos Dom\u00e9sticos\"}]},{\"@type\":\"WebSite\",\"@id\":\"https:\\\/\\\/costaricanaturaltours.com\\\/es\\\/#website\",\"url\":\"https:\\\/\\\/costaricanaturaltours.com\\\/es\\\/\",\"name\":\"Costa Rica Natural Tours\",\"description\":\"La mejor manera de disfrutar Costa Rica\",\"publisher\":{\"@id\":\"https:\\\/\\\/costaricanaturaltours.com\\\/es\\\/#organization\"},\"potentialAction\":[{\"@type\":\"SearchAction\",\"target\":{\"@type\":\"EntryPoint\",\"urlTemplate\":\"https:\\\/\\\/costaricanaturaltours.com\\\/es\\\/?s={search_term_string}\"},\"query-input\":{\"@type\":\"PropertyValueSpecification\",\"valueRequired\":true,\"valueName\":\"search_term_string\"}}],\"inLanguage\":\"es\"},{\"@type\":\"Organization\",\"@id\":\"https:\\\/\\\/costaricanaturaltours.com\\\/es\\\/#organization\",\"name\":\"Costa Rica Natural Tours\",\"url\":\"https:\\\/\\\/costaricanaturaltours.com\\\/es\\\/\",\"logo\":{\"@type\":\"ImageObject\",\"inLanguage\":\"es\",\"@id\":\"https:\\\/\\\/costaricanaturaltours.com\\\/es\\\/#\\\/schema\\\/logo\\\/image\\\/\",\"url\":\"http:\\\/\\\/costaricanaturaltours.com\\\/wp-content\\\/uploads\\\/2015\\\/11\\\/small_logo1.png\",\"contentUrl\":\"http:\\\/\\\/costaricanaturaltours.com\\\/wp-content\\\/uploads\\\/2015\\\/11\\\/small_logo1.png\",\"width\":170,\"height\":140,\"caption\":\"Costa Rica Natural Tours\"},\"image\":{\"@id\":\"https:\\\/\\\/costaricanaturaltours.com\\\/es\\\/#\\\/schema\\\/logo\\\/image\\\/\"},\"sameAs\":[\"https:\\\/\\\/www.facebook.com\\\/Costa-Rica-Natural-Tours-455340267965611\\\/?fref=ts\"]}]}<\/script>\n<!-- \/ Yoast SEO plugin. -->","yoast_head_json":{"title":"Vuelos Dom\u00e9sticos - Costa Rica Natural Tours","robots":{"index":"index","follow":"follow","max-snippet":"max-snippet:-1","max-image-preview":"max-image-preview:large","max-video-preview":"max-video-preview:-1"},"canonical":"https:\/\/costaricanaturaltours.com\/es\/domestic-flights\/","og_locale":"es_ES","og_type":"article","og_title":"Vuelos Dom\u00e9sticos - Costa Rica Natural Tours","og_description":"[vc_row][vc_column width=&#8221;1\/2&#8243;][vc_column_text] Vuelos Dom\u00e9sticos En esta secci\u00f3n usted encontrara informaci\u00f3n de vuelos locales, nos comprometemos con la organizaci\u00f3n y coordinaci\u00f3n de sus\u00a0vuelos dentro del pa\u00eds\u00a0para que pueda desplazarse r\u00e1pidamente y sin demora a su destino preferido.\u00a0Algunos clientes consideran\u00a0inc\u00f3moda\u00a0la duraci\u00f3n de los traslados por tierra entre sus desplazamientos ya sea tanto en veh\u00edculo de alquiler o [&hellip;]","og_url":"https:\/\/costaricanaturaltours.com\/es\/domestic-flights\/","og_site_name":"Costa Rica Natural Tours","article_publisher":"https:\/\/www.facebook.com\/Costa-Rica-Natural-Tours-455340267965611\/?fref=ts","article_modified_time":"2024-07-03T19:04:20+00:00","twitter_card":"summary_large_image","twitter_misc":{"Tiempo de lectura":"1 minuto"},"schema":{"@context":"https:\/\/schema.org","@graph":[{"@type":"WebPage","@id":"https:\/\/costaricanaturaltours.com\/es\/domestic-flights\/","url":"https:\/\/costaricanaturaltours.com\/es\/domestic-flights\/","name":"Vuelos Dom\u00e9sticos - Costa Rica Natural Tours","isPartOf":{"@id":"https:\/\/costaricanaturaltours.com\/es\/#website"},"datePublished":"2017-02-01T14:38:36+00:00","dateModified":"2024-07-03T19:04:20+00:00","breadcrumb":{"@id":"https:\/\/costaricanaturaltours.com\/es\/domestic-flights\/#breadcrumb"},"inLanguage":"es","potentialAction":[{"@type":"ReadAction","target":[["https:\/\/costaricanaturaltours.com\/es\/domestic-flights\/"]]}]},{"@type":"BreadcrumbList","@id":"https:\/\/costaricanaturaltours.com\/es\/domestic-flights\/#breadcrumb","itemListElement":[{"@type":"ListItem","position":1,"name":"Home","item":"https:\/\/costaricanaturaltours.com\/es\/"},{"@type":"ListItem","position":2,"name":"Vuelos Dom\u00e9sticos"}]},{"@type":"WebSite","@id":"https:\/\/costaricanaturaltours.com\/es\/#website","url":"https:\/\/costaricanaturaltours.com\/es\/","name":"Costa Rica Natural Tours","description":"La mejor manera de disfrutar Costa Rica","publisher":{"@id":"https:\/\/costaricanaturaltours.com\/es\/#organization"},"potentialAction":[{"@type":"SearchAction","target":{"@type":"EntryPoint","urlTemplate":"https:\/\/costaricanaturaltours.com\/es\/?s={search_term_string}"},"query-input":{"@type":"PropertyValueSpecification","valueRequired":true,"valueName":"search_term_string"}}],"inLanguage":"es"},{"@type":"Organization","@id":"https:\/\/costaricanaturaltours.com\/es\/#organization","name":"Costa Rica Natural Tours","url":"https:\/\/costaricanaturaltours.com\/es\/","logo":{"@type":"ImageObject","inLanguage":"es","@id":"https:\/\/costaricanaturaltours.com\/es\/#\/schema\/logo\/image\/","url":"http:\/\/costaricanaturaltours.com\/wp-content\/uploads\/2015\/11\/small_logo1.png","contentUrl":"http:\/\/costaricanaturaltours.com\/wp-content\/uploads\/2015\/11\/small_logo1.png","width":170,"height":140,"caption":"Costa Rica Natural Tours"},"image":{"@id":"https:\/\/costaricanaturaltours.com\/es\/#\/schema\/logo\/image\/"},"sameAs":["https:\/\/www.facebook.com\/Costa-Rica-Natural-Tours-455340267965611\/?fref=ts"]}]}},"_links":{"self":[{"href":"https:\/\/costaricanaturaltours.com\/es\/wp-json\/wp\/v2\/pages\/2822","targetHints":{"allow":["GET"]}}],"collection":[{"href":"https:\/\/costaricanaturaltours.com\/es\/wp-json\/wp\/v2\/pages"}],"about":[{"href":"https:\/\/costaricanaturaltours.com\/es\/wp-json\/wp\/v2\/types\/page"}],"author":[{"embeddable":true,"href":"https:\/\/costaricanaturaltours.com\/es\/wp-json\/wp\/v2\/users\/1"}],"replies":[{"embeddable":true,"href":"https:\/\/costaricanaturaltours.com\/es\/wp-json\/wp\/v2\/comments?post=2822"}],"version-history":[{"count":51,"href":"https:\/\/costaricanaturaltours.com\/es\/wp-json\/wp\/v2\/pages\/2822\/revisions"}],"predecessor-version":[{"id":9305,"href":"https:\/\/costaricanaturaltours.com\/es\/wp-json\/wp\/v2\/pages\/2822\/revisions\/9305"}],"wp:attachment":[{"href":"https:\/\/costaricanaturaltours.com\/es\/wp-json\/wp\/v2\/media?parent=2822"}],"curies":[{"name":"wp","href":"https:\/\/api.w.org\/{rel}","templated":true}]}}