{"id":12811,"date":"2024-07-16T10:41:52","date_gmt":"2024-07-16T16:41:52","guid":{"rendered":"https:\/\/costaricanaturaltours.com\/?page_id=12811"},"modified":"2024-07-16T10:41:52","modified_gmt":"2024-07-16T16:41:52","slug":"reserve-su-tour","status":"publish","type":"page","link":"https:\/\/costaricanaturaltours.com\/es\/reserve-su-tour\/","title":{"rendered":"Reserve su Tour"},"content":{"rendered":"<div class=\"wpb-content-wrapper\"><p>[vc_row css=&#8221;.vc_custom_1495829678052{background-color: #ffffff !important;}&#8221;][vc_column width=&#8221;1\/4&#8243;][vc_column_text]<\/p>\n<p style=\"text-align: center;\"><span style=\"color: #ff6600;\"><strong>Formulario de reservaci\u00f3n tour de un d\u00eda<\/strong><\/span><\/p>\n<p style=\"text-align: justify;\">Por favor, rellena y env\u00ede este formulario con el fin de garantizar su reservaci\u00f3n. Vamos a confirmar su reserva tan pronto como sea posible. Toda la informaci\u00f3n enviada se mantendr\u00e1 de forma confidencial.<\/p>\n<p>[\/vc_column_text][vc_empty_space][vc_single_image image=&#8221;6674&#8243; img_size=&#8221;full&#8221; alignment=&#8221;center&#8221; style=&#8221;vc_box_circle_2&#8243;][vc_empty_space][vc_empty_space][vc_empty_space][vc_single_image image=&#8221;1843&#8243; img_size=&#8221;full&#8221; alignment=&#8221;center&#8221; style=&#8221;vc_box_circle_2&#8243;][\/vc_column][vc_column width=&#8221;3\/4&#8243;]\n<div class=\"wpcf7 no-js\" id=\"wpcf7-f6985-o1\" lang=\"es-ES\" dir=\"ltr\" data-wpcf7-id=\"6985\">\n<div class=\"screen-reader-response\"><p role=\"status\" aria-live=\"polite\" aria-atomic=\"true\"><\/p> <ul><\/ul><\/div>\n<form action=\"\/es\/wp-json\/wp\/v2\/pages\/12811#wpcf7-f6985-o1\" method=\"post\" class=\"wpcf7-form init\" aria-label=\"Formulario de contacto\" novalidate=\"novalidate\" data-status=\"init\">\n<fieldset class=\"hidden-fields-container\"><input type=\"hidden\" name=\"_wpcf7\" value=\"6985\" \/><input type=\"hidden\" name=\"_wpcf7_version\" value=\"6.1.5\" \/><input type=\"hidden\" name=\"_wpcf7_locale\" value=\"es_ES\" \/><input type=\"hidden\" name=\"_wpcf7_unit_tag\" value=\"wpcf7-f6985-o1\" \/><input type=\"hidden\" name=\"_wpcf7_container_post\" value=\"0\" \/><input type=\"hidden\" name=\"_wpcf7_posted_data_hash\" value=\"\" \/><input type=\"hidden\" name=\"_wpcf7_recaptcha_response\" value=\"\" \/>\n<\/fieldset>\n<h4 class=\"box-title\">Informaci\u00f3n del Tour\n<\/h4>\n<p><label>Nombre del Tour:<br \/>\n<span class=\"wpcf7-form-control-wrap\" data-name=\"tour\"><select class=\"wpcf7-form-control wpcf7-select\" aria-invalid=\"false\" name=\"tour\"><option value=\"Mirador Ram Luna, espect\u00e1culo de noches Costarricenses\">Mirador Ram Luna, espect\u00e1culo de noches Costarricenses<\/option><option value=\"Canopy Tour Braulio Carrillo\">Canopy Tour Braulio Carrillo<\/option><option value=\"Aventura en el Bosque Lluvioso 3 en 1\">Aventura en el Bosque Lluvioso 3 en 1<\/option><option value=\"Volc\u00e1n Po\u00e1s(medio d\u00eda)\">Volc\u00e1n Po\u00e1s(medio d\u00eda)<\/option><option value=\"Excursi\u00f3n Volc\u00e1n Po\u00e1s\/ Estaci\u00f3n de Caf\u00e9 Doka\/Grecia\/sarchi\">Excursi\u00f3n Volc\u00e1n Po\u00e1s\/ Estaci\u00f3n de Caf\u00e9 Doka\/Grecia\/sarchi<\/option><option value=\"Po\u00e1s Canopy Tour\">Po\u00e1s Canopy Tour<\/option><option value=\"Combinaci\u00f3n Perfecta (Canopy San Luis y  Tabacon Hot Springns)\">Combinaci\u00f3n Perfecta (Canopy San Luis y  Tabacon Hot Springns)<\/option><option value=\"Valle de Orosi y jardines Bot\u00e1nicos de Lankester\">Valle de Orosi y jardines Bot\u00e1nicos de Lankester<\/option><option value=\"Parque Nacional Manuel Antonio\">Parque Nacional Manuel Antonio<\/option><option value=\"Tour de medio d\u00eda a los jard\u00ednes de la Catarata de La Paz\">Tour de medio d\u00eda a los jard\u00ednes de la Catarata de La Paz<\/option><option value=\"Volc\u00e1n Irazu\/Valle de Orosi\/ Jardines Bot\u00e1nicos Lankester\">Volc\u00e1n Irazu\/Valle de Orosi\/ Jardines Bot\u00e1nicos Lankester<\/option><option value=\"Volc\u00e1n Irazu-Aventura en el R\u00edo Sarapiqui 4 en 1\">Volc\u00e1n Irazu-Aventura en el R\u00edo Sarapiqui 4 en 1<\/option><option value=\"Volc\u00e1n Irazu\">Volc\u00e1n Irazu<\/option><option value=\"Doka-Grecia &amp; Sarchi(Fabrica de Carretas)\">Doka-Grecia &amp; Sarchi(Fabrica de Carretas)<\/option><option value=\"Combo Tour:Parque Nacional Volc\u00e1n Po\u00e1s\/Estaci\u00f3n de Caf\u00e9 Doka\/Jard\u00ednes de la Catarata de La Paz\">Combo Tour:Parque Nacional Volc\u00e1n Po\u00e1s\/Estaci\u00f3n de Caf\u00e9 Doka\/Jard\u00ednes de la Catarata de La Paz<\/option><option value=\"Cinco Ceibas Bosque Lluvioso, Reserva &amp; Parque de Aventura\">Cinco Ceibas Bosque Lluvioso, Reserva &amp; Parque de Aventura<\/option><option value=\"San Luis Canopy Tour\">San Luis Canopy Tour<\/option><option value=\"Volc\u00e1n Arenal &amp; Springs Hot Springs\">Volc\u00e1n Arenal &amp; Springs Hot Springs<\/option><option value=\"Volc\u00e1n Arenal &amp; Tabacon Hot Springs\">Volc\u00e1n Arenal &amp; Tabacon Hot Springs<\/option><option value=\"Volc\u00e1n Arenal &amp; Baldi Hot Springs\">Volc\u00e1n Arenal &amp; Baldi Hot Springs<\/option><option value=\"Combo Aventura\">Combo Aventura<\/option><option value=\"Sarapiqu\u00ed Value pack\">Sarapiqu\u00ed Value pack<\/option><option value=\"Cabalgata y crucero en bote en el Bosque Lluvioso\">Cabalgata y crucero en bote en el Bosque Lluvioso<\/option><option value=\"Volc\u00e1n Po\u00e1s, Doka &amp; Aventura en el R\u00edo Sarapiqu\u00ed 4 in 1\">Volc\u00e1n Po\u00e1s, Doka &amp; Aventura en el R\u00edo Sarapiqu\u00ed 4 in 1<\/option><option value=\"Estaci\u00f3n de Caf\u00e9 Doka &amp; Volc\u00e1n Po\u00e1s\">Estaci\u00f3n de Caf\u00e9 Doka &amp; Volc\u00e1n Po\u00e1s<\/option><option value=\"Aventura en Isla Tortuga Calypso Cruise\">Aventura en Isla Tortuga Calypso Cruise<\/option><option value=\"Aventura en los R\u00e1pidos de Costa Rica\">Aventura en los R\u00e1pidos de Costa Rica<\/option><option value=\"Tour a los Canales Tortuguero\">Tour a los Canales Tortuguero<\/option><option value=\"Crucero a Isla tortuga con Bay Island\">Crucero a Isla tortuga con Bay Island<\/option><option value=\"Telef\u00e9rico del Bosque Lluvioso\">Telef\u00e9rico del Bosque Lluvioso<\/option><option value=\"Lo mejor del Pacifico\">Lo mejor del Pacifico<\/option><option value=\"Canopy en Sarapiqu\u00ed &amp; Aventura Safari en Bote\">Canopy en Sarapiqu\u00ed &amp; Aventura Safari en Bote<\/option><option value=\"Excursi\u00f3n guiada por la ciudad de San Jos\u00e9\">Excursi\u00f3n guiada por la ciudad de San Jos\u00e9<\/option><option value=\"Barrio Bites &amp; Sights\">Barrio Bites &amp; Sights<\/option><option value=\"Tour de Cocodrilos y Visita al Parque Nacional Carara\">Tour de Cocodrilos y Visita al Parque Nacional Carara<\/option><option value=\"San Jos\u00e9 Total con visita al Museo Oro.\">San Jos\u00e9 Total con visita al Museo Oro.<\/option><option value=\"San Jose De Noche.\">San Jose De Noche.<\/option><option value=\"Tour de cuadriciclos en Vista Los Sue\u00f1os\">Tour de cuadriciclos en Vista Los Sue\u00f1os<\/option><option value=\"Volc\u00e1n Iraz\u00fa y Termales Hacienda Orosi.\">Volc\u00e1n Iraz\u00fa y Termales Hacienda Orosi.<\/option><option value=\"Plantaci\u00f3n de Caf\u00e9 Doka y Jard\u00edn de Cataratas La Paz.\">Plantaci\u00f3n de Caf\u00e9 Doka y Jard\u00edn de Cataratas La Paz.<\/option><\/select><\/span><\/label>\n<\/p>\n<p><label>Fecha del Tour:<br \/>\n<span class=\"wpcf7-form-control-wrap\" data-name=\"fechatour\"><input class=\"wpcf7-form-control wpcf7-date wpcf7-validates-as-date\" aria-invalid=\"false\" value=\"\" type=\"date\" name=\"fechatour\" \/><\/span><\/label>\n<\/p>\n<p><label>N\u00famero de adultos:<br \/>\n<span class=\"wpcf7-form-control-wrap\" data-name=\"adultos\"><input class=\"wpcf7-form-control wpcf7-number wpcf7-validates-as-number\" aria-invalid=\"false\" value=\"\" type=\"number\" name=\"adultos\" \/><\/span><\/label>\n<\/p>\n<p><label>N\u00famero de Ni\u00f1os:<br \/>\n<span class=\"wpcf7-form-control-wrap\" data-name=\"ninos\"><input class=\"wpcf7-form-control wpcf7-number wpcf7-validates-as-number\" aria-invalid=\"false\" value=\"\" type=\"number\" name=\"ninos\" \/><\/span><\/label>\n<\/p>\n<p><label>Edad de los Ni\u00f1os:<br \/>\n<span class=\"wpcf7-form-control-wrap\" data-name=\"edad\"><input size=\"40\" maxlength=\"400\" class=\"wpcf7-form-control wpcf7-text\" aria-invalid=\"false\" value=\"\" type=\"text\" name=\"edad\" \/><\/span><\/label>\n<\/p>\n<p><label>Hotel de Salida:<br \/>\n<span class=\"wpcf7-form-control-wrap\" data-name=\"salida\"><input size=\"40\" maxlength=\"400\" class=\"wpcf7-form-control wpcf7-text\" aria-invalid=\"false\" value=\"\" type=\"text\" name=\"salida\" \/><\/span><\/label>\n<\/p>\n<p><label>Hotel de Regreso:<br \/>\n<span class=\"wpcf7-form-control-wrap\" data-name=\"regreso\"><input size=\"40\" maxlength=\"400\" class=\"wpcf7-form-control wpcf7-text\" aria-invalid=\"false\" value=\"\" type=\"text\" name=\"regreso\" \/><\/span><\/label>\n<\/p>\n<p><label>Preguntas \/ Comentarios:<br \/>\n<span class=\"wpcf7-form-control-wrap\" data-name=\"preguntas\"><textarea cols=\"40\" rows=\"10\" maxlength=\"2000\" class=\"wpcf7-form-control wpcf7-textarea\" aria-invalid=\"false\" name=\"preguntas\"><\/textarea><\/span><\/label>\n<\/p>\n<h4 class=\"box-title\">Informaci\u00f3n Personal\n<\/h4>\n<p><label>Nombre Completo (Requerido):<br \/>\n<span class=\"wpcf7-form-control-wrap\" data-name=\"your-name\"><input size=\"40\" maxlength=\"400\" class=\"wpcf7-form-control wpcf7-text wpcf7-validates-as-required\" aria-required=\"true\" aria-invalid=\"false\" value=\"\" type=\"text\" name=\"your-name\" \/><\/span><\/label>\n<\/p>\n<p><label>Email (Requerido):<br \/>\n<span class=\"wpcf7-form-control-wrap\" data-name=\"your-email\"><input size=\"40\" maxlength=\"400\" class=\"wpcf7-form-control wpcf7-email wpcf7-validates-as-required wpcf7-text wpcf7-validates-as-email\" aria-required=\"true\" aria-invalid=\"false\" value=\"\" type=\"email\" name=\"your-email\" \/><\/span><\/label>\n<\/p>\n<p><label>Pa\u00eds:<br \/>\n<span class=\"wpcf7-form-control-wrap\" data-name=\"pais\"><input size=\"40\" maxlength=\"400\" class=\"wpcf7-form-control wpcf7-text\" aria-invalid=\"false\" value=\"\" type=\"text\" name=\"pais\" \/><\/span><\/label>\n<\/p>\n<p><label>Tel\u00e9fono (Por favor incluya el c\u00f3digo de \u00c1rea):<br \/>\n<span class=\"wpcf7-form-control-wrap\" data-name=\"telefono\"><input size=\"40\" maxlength=\"400\" class=\"wpcf7-form-control wpcf7-text\" aria-invalid=\"false\" value=\"\" type=\"text\" name=\"telefono\" \/><\/span><\/label>\n<\/p>\n<p><input class=\"wpcf7-form-control wpcf7-submit has-spinner\" type=\"submit\" value=\"ENVIAR\" \/>\n<\/p>\n<p><label>Verificaremos la disponibilidad y realizaremos sus reservaciones tan pronto recibamos este formulario.<\/label>\n<\/p><p style=\"display: none !important;\" class=\"akismet-fields-container\" data-prefix=\"_wpcf7_ak_\"><label>&#916;<textarea name=\"_wpcf7_ak_hp_textarea\" cols=\"45\" rows=\"8\" maxlength=\"100\"><\/textarea><\/label><input type=\"hidden\" id=\"ak_js_1\" name=\"_wpcf7_ak_js\" value=\"156\"\/><script type=\"text\/javascript\">\n\/* <![CDATA[ *\/\ndocument.getElementById( \"ak_js_1\" ).setAttribute( \"value\", ( new Date() ).getTime() );\n\/* ]]> *\/\n<\/script>\n<\/p><div class=\"wpcf7-response-output\" aria-hidden=\"true\"><\/div>\n<\/form>\n<\/div>\n[\/vc_column][\/vc_row]<\/p>\n<\/div>","protected":false},"excerpt":{"rendered":"<p>[vc_row css=&#8221;.vc_custom_1495829678052{background-color: #ffffff !important;}&#8221;][vc_column width=&#8221;1\/4&#8243;][vc_column_text] Formulario de reservaci\u00f3n tour de un d\u00eda Por favor, rellena y env\u00ede este formulario con el fin de garantizar su reservaci\u00f3n. Vamos a confirmar su reserva tan pronto como sea posible. Toda la informaci\u00f3n enviada se mantendr\u00e1 de forma confidencial. [\/vc_column_text][vc_empty_space][vc_single_image image=&#8221;6674&#8243; img_size=&#8221;full&#8221; alignment=&#8221;center&#8221; style=&#8221;vc_box_circle_2&#8243;][vc_empty_space][vc_empty_space][vc_empty_space][vc_single_image image=&#8221;1843&#8243; img_size=&#8221;full&#8221; alignment=&#8221;center&#8221; style=&#8221;vc_box_circle_2&#8243;][\/vc_column][vc_column width=&#8221;3\/4&#8243;][\/vc_column][\/vc_row]<\/p>\n","protected":false},"author":1,"featured_media":0,"parent":0,"menu_order":0,"comment_status":"closed","ping_status":"closed","template":"","meta":{"footnotes":""},"class_list":["post-12811","page","type-page","status-publish","hentry"],"yoast_head":"<!-- This site is optimized with the Yoast SEO plugin v27.5 - https:\/\/yoast.com\/product\/yoast-seo-wordpress\/ -->\n<title>Reserve su Tour - Costa Rica Natural Tours<\/title>\n<meta name=\"robots\" content=\"index, follow, max-snippet:-1, max-image-preview:large, max-video-preview:-1\" \/>\n<link rel=\"canonical\" href=\"https:\/\/costaricanaturaltours.com\/es\/reserve-su-tour\/\" \/>\n<meta property=\"og:locale\" content=\"es_ES\" \/>\n<meta property=\"og:type\" content=\"article\" \/>\n<meta property=\"og:title\" content=\"Reserve su Tour - Costa Rica Natural Tours\" \/>\n<meta property=\"og:description\" content=\"[vc_row css=&#8221;.vc_custom_1495829678052{background-color: #ffffff !important;}&#8221;][vc_column width=&#8221;1\/4&#8243;][vc_column_text] Formulario de reservaci\u00f3n tour de un d\u00eda Por favor, rellena y env\u00ede este formulario con el fin de garantizar su reservaci\u00f3n. Vamos a confirmar su reserva tan pronto como sea posible. Toda la informaci\u00f3n enviada se mantendr\u00e1 de forma confidencial. [\/vc_column_text][vc_empty_space][vc_single_image image=&#8221;6674&#8243; img_size=&#8221;full&#8221; alignment=&#8221;center&#8221; style=&#8221;vc_box_circle_2&#8243;][vc_empty_space][vc_empty_space][vc_empty_space][vc_single_image image=&#8221;1843&#8243; img_size=&#8221;full&#8221; alignment=&#8221;center&#8221; style=&#8221;vc_box_circle_2&#8243;][\/vc_column][vc_column width=&#8221;3\/4&#8243;][\/vc_column][\/vc_row]\" \/>\n<meta property=\"og:url\" content=\"https:\/\/costaricanaturaltours.com\/es\/reserve-su-tour\/\" \/>\n<meta property=\"og:site_name\" content=\"Costa Rica Natural Tours\" \/>\n<meta property=\"article:publisher\" content=\"https:\/\/www.facebook.com\/Costa-Rica-Natural-Tours-455340267965611\/?fref=ts\" \/>\n<meta name=\"twitter:card\" content=\"summary_large_image\" \/>\n<meta name=\"twitter:label1\" content=\"Tiempo de lectura\" \/>\n\t<meta name=\"twitter:data1\" content=\"1 minuto\" \/>\n<script type=\"application\/ld+json\" class=\"yoast-schema-graph\">{\"@context\":\"https:\\\/\\\/schema.org\",\"@graph\":[{\"@type\":\"WebPage\",\"@id\":\"https:\\\/\\\/costaricanaturaltours.com\\\/es\\\/reserve-su-tour\\\/\",\"url\":\"https:\\\/\\\/costaricanaturaltours.com\\\/es\\\/reserve-su-tour\\\/\",\"name\":\"Reserve su Tour - Costa Rica Natural Tours\",\"isPartOf\":{\"@id\":\"https:\\\/\\\/costaricanaturaltours.com\\\/es\\\/#website\"},\"datePublished\":\"2024-07-16T16:41:52+00:00\",\"breadcrumb\":{\"@id\":\"https:\\\/\\\/costaricanaturaltours.com\\\/es\\\/reserve-su-tour\\\/#breadcrumb\"},\"inLanguage\":\"es\",\"potentialAction\":[{\"@type\":\"ReadAction\",\"target\":[[\"https:\\\/\\\/costaricanaturaltours.com\\\/es\\\/reserve-su-tour\\\/\"]]}]},{\"@type\":\"BreadcrumbList\",\"@id\":\"https:\\\/\\\/costaricanaturaltours.com\\\/es\\\/reserve-su-tour\\\/#breadcrumb\",\"itemListElement\":[{\"@type\":\"ListItem\",\"position\":1,\"name\":\"Home\",\"item\":\"https:\\\/\\\/costaricanaturaltours.com\\\/es\\\/\"},{\"@type\":\"ListItem\",\"position\":2,\"name\":\"Reserve su Tour\"}]},{\"@type\":\"WebSite\",\"@id\":\"https:\\\/\\\/costaricanaturaltours.com\\\/es\\\/#website\",\"url\":\"https:\\\/\\\/costaricanaturaltours.com\\\/es\\\/\",\"name\":\"Costa Rica Natural Tours\",\"description\":\"La mejor manera de disfrutar Costa Rica\",\"publisher\":{\"@id\":\"https:\\\/\\\/costaricanaturaltours.com\\\/es\\\/#organization\"},\"potentialAction\":[{\"@type\":\"SearchAction\",\"target\":{\"@type\":\"EntryPoint\",\"urlTemplate\":\"https:\\\/\\\/costaricanaturaltours.com\\\/es\\\/?s={search_term_string}\"},\"query-input\":{\"@type\":\"PropertyValueSpecification\",\"valueRequired\":true,\"valueName\":\"search_term_string\"}}],\"inLanguage\":\"es\"},{\"@type\":\"Organization\",\"@id\":\"https:\\\/\\\/costaricanaturaltours.com\\\/es\\\/#organization\",\"name\":\"Costa Rica Natural Tours\",\"url\":\"https:\\\/\\\/costaricanaturaltours.com\\\/es\\\/\",\"logo\":{\"@type\":\"ImageObject\",\"inLanguage\":\"es\",\"@id\":\"https:\\\/\\\/costaricanaturaltours.com\\\/es\\\/#\\\/schema\\\/logo\\\/image\\\/\",\"url\":\"http:\\\/\\\/costaricanaturaltours.com\\\/wp-content\\\/uploads\\\/2015\\\/11\\\/small_logo1.png\",\"contentUrl\":\"http:\\\/\\\/costaricanaturaltours.com\\\/wp-content\\\/uploads\\\/2015\\\/11\\\/small_logo1.png\",\"width\":170,\"height\":140,\"caption\":\"Costa Rica Natural Tours\"},\"image\":{\"@id\":\"https:\\\/\\\/costaricanaturaltours.com\\\/es\\\/#\\\/schema\\\/logo\\\/image\\\/\"},\"sameAs\":[\"https:\\\/\\\/www.facebook.com\\\/Costa-Rica-Natural-Tours-455340267965611\\\/?fref=ts\"]}]}<\/script>\n<!-- \/ Yoast SEO plugin. -->","yoast_head_json":{"title":"Reserve su Tour - Costa Rica Natural Tours","robots":{"index":"index","follow":"follow","max-snippet":"max-snippet:-1","max-image-preview":"max-image-preview:large","max-video-preview":"max-video-preview:-1"},"canonical":"https:\/\/costaricanaturaltours.com\/es\/reserve-su-tour\/","og_locale":"es_ES","og_type":"article","og_title":"Reserve su Tour - Costa Rica Natural Tours","og_description":"[vc_row css=&#8221;.vc_custom_1495829678052{background-color: #ffffff !important;}&#8221;][vc_column width=&#8221;1\/4&#8243;][vc_column_text] Formulario de reservaci\u00f3n tour de un d\u00eda Por favor, rellena y env\u00ede este formulario con el fin de garantizar su reservaci\u00f3n. Vamos a confirmar su reserva tan pronto como sea posible. Toda la informaci\u00f3n enviada se mantendr\u00e1 de forma confidencial. [\/vc_column_text][vc_empty_space][vc_single_image image=&#8221;6674&#8243; img_size=&#8221;full&#8221; alignment=&#8221;center&#8221; style=&#8221;vc_box_circle_2&#8243;][vc_empty_space][vc_empty_space][vc_empty_space][vc_single_image image=&#8221;1843&#8243; img_size=&#8221;full&#8221; alignment=&#8221;center&#8221; style=&#8221;vc_box_circle_2&#8243;][\/vc_column][vc_column width=&#8221;3\/4&#8243;][\/vc_column][\/vc_row]","og_url":"https:\/\/costaricanaturaltours.com\/es\/reserve-su-tour\/","og_site_name":"Costa Rica Natural Tours","article_publisher":"https:\/\/www.facebook.com\/Costa-Rica-Natural-Tours-455340267965611\/?fref=ts","twitter_card":"summary_large_image","twitter_misc":{"Tiempo de lectura":"1 minuto"},"schema":{"@context":"https:\/\/schema.org","@graph":[{"@type":"WebPage","@id":"https:\/\/costaricanaturaltours.com\/es\/reserve-su-tour\/","url":"https:\/\/costaricanaturaltours.com\/es\/reserve-su-tour\/","name":"Reserve su Tour - Costa Rica Natural Tours","isPartOf":{"@id":"https:\/\/costaricanaturaltours.com\/es\/#website"},"datePublished":"2024-07-16T16:41:52+00:00","breadcrumb":{"@id":"https:\/\/costaricanaturaltours.com\/es\/reserve-su-tour\/#breadcrumb"},"inLanguage":"es","potentialAction":[{"@type":"ReadAction","target":[["https:\/\/costaricanaturaltours.com\/es\/reserve-su-tour\/"]]}]},{"@type":"BreadcrumbList","@id":"https:\/\/costaricanaturaltours.com\/es\/reserve-su-tour\/#breadcrumb","itemListElement":[{"@type":"ListItem","position":1,"name":"Home","item":"https:\/\/costaricanaturaltours.com\/es\/"},{"@type":"ListItem","position":2,"name":"Reserve su Tour"}]},{"@type":"WebSite","@id":"https:\/\/costaricanaturaltours.com\/es\/#website","url":"https:\/\/costaricanaturaltours.com\/es\/","name":"Costa Rica Natural Tours","description":"La mejor manera de disfrutar Costa Rica","publisher":{"@id":"https:\/\/costaricanaturaltours.com\/es\/#organization"},"potentialAction":[{"@type":"SearchAction","target":{"@type":"EntryPoint","urlTemplate":"https:\/\/costaricanaturaltours.com\/es\/?s={search_term_string}"},"query-input":{"@type":"PropertyValueSpecification","valueRequired":true,"valueName":"search_term_string"}}],"inLanguage":"es"},{"@type":"Organization","@id":"https:\/\/costaricanaturaltours.com\/es\/#organization","name":"Costa Rica Natural Tours","url":"https:\/\/costaricanaturaltours.com\/es\/","logo":{"@type":"ImageObject","inLanguage":"es","@id":"https:\/\/costaricanaturaltours.com\/es\/#\/schema\/logo\/image\/","url":"http:\/\/costaricanaturaltours.com\/wp-content\/uploads\/2015\/11\/small_logo1.png","contentUrl":"http:\/\/costaricanaturaltours.com\/wp-content\/uploads\/2015\/11\/small_logo1.png","width":170,"height":140,"caption":"Costa Rica Natural Tours"},"image":{"@id":"https:\/\/costaricanaturaltours.com\/es\/#\/schema\/logo\/image\/"},"sameAs":["https:\/\/www.facebook.com\/Costa-Rica-Natural-Tours-455340267965611\/?fref=ts"]}]}},"_links":{"self":[{"href":"https:\/\/costaricanaturaltours.com\/es\/wp-json\/wp\/v2\/pages\/12811","targetHints":{"allow":["GET"]}}],"collection":[{"href":"https:\/\/costaricanaturaltours.com\/es\/wp-json\/wp\/v2\/pages"}],"about":[{"href":"https:\/\/costaricanaturaltours.com\/es\/wp-json\/wp\/v2\/types\/page"}],"author":[{"embeddable":true,"href":"https:\/\/costaricanaturaltours.com\/es\/wp-json\/wp\/v2\/users\/1"}],"replies":[{"embeddable":true,"href":"https:\/\/costaricanaturaltours.com\/es\/wp-json\/wp\/v2\/comments?post=12811"}],"version-history":[{"count":3,"href":"https:\/\/costaricanaturaltours.com\/es\/wp-json\/wp\/v2\/pages\/12811\/revisions"}],"predecessor-version":[{"id":12814,"href":"https:\/\/costaricanaturaltours.com\/es\/wp-json\/wp\/v2\/pages\/12811\/revisions\/12814"}],"wp:attachment":[{"href":"https:\/\/costaricanaturaltours.com\/es\/wp-json\/wp\/v2\/media?parent=12811"}],"curies":[{"name":"wp","href":"https:\/\/api.w.org\/{rel}","templated":true}]}}