{"id":1779,"date":"2015-11-11T21:01:05","date_gmt":"2015-11-11T21:01:05","guid":{"rendered":"https:\/\/costaricanaturaltours.com\/?page_id=1779"},"modified":"2017-04-07T12:37:14","modified_gmt":"2017-04-07T12:37:14","slug":"tortuguero-national-park","status":"publish","type":"page","link":"http:\/\/costaricanaturaltours.com\/es\/tortuguero-national-park\/","title":{"rendered":"Tortuguero National Park"},"content":{"rendered":"<div class=\"wpb-content-wrapper\"><p>[vc_row][vc_column][vc_single_image image=&#8221;3668&#8243; img_size=&#8221;900&#215;500&#8243; alignment=&#8221;center&#8221; onclick=&#8221;link_image&#8221;][vc_empty_space height=&#8221;92px&#8221;][vc_column_text]<strong>\u00a0<\/strong><strong>Parque Nacional Tortuguero<\/strong><\/p>\n<p style=\"text-align: justify;\">Este parque est\u00e1 ubicado en la regi\u00f3n caribe\u00f1a norte de Costa Rica, entre el r\u00edo Parismina y el r\u00edo San Juan en la frontera con Nicaragua. Es un destino popular para el eco-turista y los\u00a0aventureros o aficionados a las actividades recreativas al aire libre.<\/p>\n<p style=\"text-align: justify;\">Su clima es h\u00famedo; lluvia anual llega a 6000 mm en la parte norte del parque. Es una de las \u00e1reas m\u00e1s lluviosas del pa\u00eds. No existe la \u00e9poca seca, pero si es un hecho que llueve menos en febrero, marzo y octubre.<\/p>\n<p style=\"text-align: justify;\">El Parque Nacional Tortuguero, fue creado con el prop\u00f3sito de proteger el \u00e1rea de anidaci\u00f3n de la tortuga, conocido mundialmente por el desove en su playa.<\/p>\n<p style=\"text-align: justify;\">La fauna es abundante y variada, aproximadamente 160 especies de mam\u00edferos, muchos de ellos en peligro de extinci\u00f3n (felinos, monos, perezosos y el manat\u00ed una especie poco investigada); 400 especies de aves y 52 especies de peces de aguas continentales; donde sobresale el pez Gaspar, considerado como un f\u00f3sil viviente en v\u00edas de extinci\u00f3n.<\/p>\n<p style=\"text-align: justify;\">El turismo es la principal actividad econ\u00f3mica de la zona, seguida de la pesca y la agricultura.<\/p>\n<p style=\"text-align: justify;\">Para llegar al parque puede hacerlo por bote o por avioneta desde San Jos\u00e9. Sin embargo, la mayor\u00eda de hoteles de la zona ofrecen paquetes que incluyen el transporte desde San Jos\u00e9 por tierra y bote.<\/p>\n<p style=\"text-align: justify;\">Las actividades tur\u00edsticas se dan de d\u00eda y de noche: caminatas, disfrutar del sol y la playa, observar la biodiversidad, paseos en bote o kayak por los canales de Tortuguero, o disfrutar de la vida t\u00edpica caribe\u00f1a de los locales.<\/p>\n<p>[\/vc_column_text][vc_empty_space][\/vc_column][\/vc_row][vc_row][vc_column][vc_column_text]<div id=\"map1\" style=\"width:100%;height:255px\"><\/div><script type=\"text\/javascript\">\n\t\t\t\tjQuery(document).ready( function() {\n\t\t\t\t\tjQuery(\"#map1\").gmap3({\n\t\t\t\t\t\tmap: {options: {center: [10.4488767, -83.5091113,17],zoom: 12,mapTypeId: google.maps.MapTypeId.ROADMAP,mapTypeControl: true,navigationControl: true,scrollwheel: true,streetViewControl: true,draggable: true,}},marker:{values: [{latLng:[10.4488767, -83.5091113,17]}], options: {draggable: false }, }});\n\t\t\t\t});\n\t\t\t<\/script>\n<div class=\"block\"><\/div>[\/vc_column_text][\/vc_column][\/vc_row]<\/p>\n<\/div>","protected":false},"excerpt":{"rendered":"<p>[vc_row][vc_column][vc_single_image image=&#8221;3668&#8243; img_size=&#8221;900&#215;500&#8243; alignment=&#8221;center&#8221; onclick=&#8221;link_image&#8221;][vc_empty_space height=&#8221;92px&#8221;][vc_column_text]\u00a0Parque Nacional Tortuguero Este parque est\u00e1 ubicado en la regi\u00f3n caribe\u00f1a norte de Costa Rica, entre el r\u00edo Parismina y el r\u00edo San Juan en la frontera con Nicaragua. Es un destino popular para el eco-turista y los\u00a0aventureros o aficionados a las actividades recreativas al aire libre. Su clima es [&hellip;]<\/p>\n","protected":false},"author":1,"featured_media":0,"parent":0,"menu_order":0,"comment_status":"closed","ping_status":"closed","template":"","meta":{"footnotes":""},"class_list":["post-1779","page","type-page","status-publish","hentry"],"yoast_head":"<!-- This site is optimized with the Yoast SEO plugin v27.5 - https:\/\/yoast.com\/product\/yoast-seo-wordpress\/ -->\n<title>Tortuguero National Park - Costa Rica Natural Tours<\/title>\n<meta name=\"robots\" content=\"index, follow, max-snippet:-1, max-image-preview:large, max-video-preview:-1\" \/>\n<link rel=\"canonical\" href=\"http:\/\/costaricanaturaltours.com\/es\/tortuguero-national-park\/\" \/>\n<meta property=\"og:locale\" content=\"es_ES\" \/>\n<meta property=\"og:type\" content=\"article\" \/>\n<meta property=\"og:title\" content=\"Tortuguero National Park - Costa Rica Natural Tours\" \/>\n<meta property=\"og:description\" content=\"[vc_row][vc_column][vc_single_image image=&#8221;3668&#8243; img_size=&#8221;900&#215;500&#8243; alignment=&#8221;center&#8221; onclick=&#8221;link_image&#8221;][vc_empty_space height=&#8221;92px&#8221;][vc_column_text]\u00a0Parque Nacional Tortuguero Este parque est\u00e1 ubicado en la regi\u00f3n caribe\u00f1a norte de Costa Rica, entre el r\u00edo Parismina y el r\u00edo San Juan en la frontera con Nicaragua. Es un destino popular para el eco-turista y los\u00a0aventureros o aficionados a las actividades recreativas al aire libre. Su clima es [&hellip;]\" \/>\n<meta property=\"og:url\" content=\"http:\/\/costaricanaturaltours.com\/es\/tortuguero-national-park\/\" \/>\n<meta property=\"og:site_name\" content=\"Costa Rica Natural Tours\" \/>\n<meta property=\"article:publisher\" content=\"https:\/\/www.facebook.com\/Costa-Rica-Natural-Tours-455340267965611\/?fref=ts\" \/>\n<meta property=\"article:modified_time\" content=\"2017-04-07T12:37:14+00:00\" \/>\n<meta name=\"twitter:card\" content=\"summary_large_image\" \/>\n<meta name=\"twitter:label1\" content=\"Tiempo de lectura\" \/>\n\t<meta name=\"twitter:data1\" content=\"2 minutos\" \/>\n<script type=\"application\/ld+json\" class=\"yoast-schema-graph\">{\"@context\":\"https:\\\/\\\/schema.org\",\"@graph\":[{\"@type\":\"WebPage\",\"@id\":\"http:\\\/\\\/costaricanaturaltours.com\\\/es\\\/tortuguero-national-park\\\/\",\"url\":\"http:\\\/\\\/costaricanaturaltours.com\\\/es\\\/tortuguero-national-park\\\/\",\"name\":\"Tortuguero National Park - Costa Rica Natural Tours\",\"isPartOf\":{\"@id\":\"http:\\\/\\\/costaricanaturaltours.com\\\/es\\\/#website\"},\"datePublished\":\"2015-11-11T21:01:05+00:00\",\"dateModified\":\"2017-04-07T12:37:14+00:00\",\"breadcrumb\":{\"@id\":\"http:\\\/\\\/costaricanaturaltours.com\\\/es\\\/tortuguero-national-park\\\/#breadcrumb\"},\"inLanguage\":\"es\",\"potentialAction\":[{\"@type\":\"ReadAction\",\"target\":[[\"http:\\\/\\\/costaricanaturaltours.com\\\/es\\\/tortuguero-national-park\\\/\"]]}]},{\"@type\":\"BreadcrumbList\",\"@id\":\"http:\\\/\\\/costaricanaturaltours.com\\\/es\\\/tortuguero-national-park\\\/#breadcrumb\",\"itemListElement\":[{\"@type\":\"ListItem\",\"position\":1,\"name\":\"Home\",\"item\":\"http:\\\/\\\/costaricanaturaltours.com\\\/es\\\/\"},{\"@type\":\"ListItem\",\"position\":2,\"name\":\"Tortuguero National Park\"}]},{\"@type\":\"WebSite\",\"@id\":\"http:\\\/\\\/costaricanaturaltours.com\\\/es\\\/#website\",\"url\":\"http:\\\/\\\/costaricanaturaltours.com\\\/es\\\/\",\"name\":\"Costa Rica Natural Tours\",\"description\":\"La mejor manera de disfrutar Costa Rica\",\"publisher\":{\"@id\":\"http:\\\/\\\/costaricanaturaltours.com\\\/es\\\/#organization\"},\"potentialAction\":[{\"@type\":\"SearchAction\",\"target\":{\"@type\":\"EntryPoint\",\"urlTemplate\":\"http:\\\/\\\/costaricanaturaltours.com\\\/es\\\/?s={search_term_string}\"},\"query-input\":{\"@type\":\"PropertyValueSpecification\",\"valueRequired\":true,\"valueName\":\"search_term_string\"}}],\"inLanguage\":\"es\"},{\"@type\":\"Organization\",\"@id\":\"http:\\\/\\\/costaricanaturaltours.com\\\/es\\\/#organization\",\"name\":\"Costa Rica Natural Tours\",\"url\":\"http:\\\/\\\/costaricanaturaltours.com\\\/es\\\/\",\"logo\":{\"@type\":\"ImageObject\",\"inLanguage\":\"es\",\"@id\":\"http:\\\/\\\/costaricanaturaltours.com\\\/es\\\/#\\\/schema\\\/logo\\\/image\\\/\",\"url\":\"http:\\\/\\\/costaricanaturaltours.com\\\/wp-content\\\/uploads\\\/2015\\\/11\\\/small_logo1.png\",\"contentUrl\":\"http:\\\/\\\/costaricanaturaltours.com\\\/wp-content\\\/uploads\\\/2015\\\/11\\\/small_logo1.png\",\"width\":170,\"height\":140,\"caption\":\"Costa Rica Natural Tours\"},\"image\":{\"@id\":\"http:\\\/\\\/costaricanaturaltours.com\\\/es\\\/#\\\/schema\\\/logo\\\/image\\\/\"},\"sameAs\":[\"https:\\\/\\\/www.facebook.com\\\/Costa-Rica-Natural-Tours-455340267965611\\\/?fref=ts\"]}]}<\/script>\n<!-- \/ Yoast SEO plugin. -->","yoast_head_json":{"title":"Tortuguero National Park - Costa Rica Natural Tours","robots":{"index":"index","follow":"follow","max-snippet":"max-snippet:-1","max-image-preview":"max-image-preview:large","max-video-preview":"max-video-preview:-1"},"canonical":"http:\/\/costaricanaturaltours.com\/es\/tortuguero-national-park\/","og_locale":"es_ES","og_type":"article","og_title":"Tortuguero National Park - Costa Rica Natural Tours","og_description":"[vc_row][vc_column][vc_single_image image=&#8221;3668&#8243; img_size=&#8221;900&#215;500&#8243; alignment=&#8221;center&#8221; onclick=&#8221;link_image&#8221;][vc_empty_space height=&#8221;92px&#8221;][vc_column_text]\u00a0Parque Nacional Tortuguero Este parque est\u00e1 ubicado en la regi\u00f3n caribe\u00f1a norte de Costa Rica, entre el r\u00edo Parismina y el r\u00edo San Juan en la frontera con Nicaragua. Es un destino popular para el eco-turista y los\u00a0aventureros o aficionados a las actividades recreativas al aire libre. Su clima es [&hellip;]","og_url":"http:\/\/costaricanaturaltours.com\/es\/tortuguero-national-park\/","og_site_name":"Costa Rica Natural Tours","article_publisher":"https:\/\/www.facebook.com\/Costa-Rica-Natural-Tours-455340267965611\/?fref=ts","article_modified_time":"2017-04-07T12:37:14+00:00","twitter_card":"summary_large_image","twitter_misc":{"Tiempo de lectura":"2 minutos"},"schema":{"@context":"https:\/\/schema.org","@graph":[{"@type":"WebPage","@id":"http:\/\/costaricanaturaltours.com\/es\/tortuguero-national-park\/","url":"http:\/\/costaricanaturaltours.com\/es\/tortuguero-national-park\/","name":"Tortuguero National Park - Costa Rica Natural Tours","isPartOf":{"@id":"http:\/\/costaricanaturaltours.com\/es\/#website"},"datePublished":"2015-11-11T21:01:05+00:00","dateModified":"2017-04-07T12:37:14+00:00","breadcrumb":{"@id":"http:\/\/costaricanaturaltours.com\/es\/tortuguero-national-park\/#breadcrumb"},"inLanguage":"es","potentialAction":[{"@type":"ReadAction","target":[["http:\/\/costaricanaturaltours.com\/es\/tortuguero-national-park\/"]]}]},{"@type":"BreadcrumbList","@id":"http:\/\/costaricanaturaltours.com\/es\/tortuguero-national-park\/#breadcrumb","itemListElement":[{"@type":"ListItem","position":1,"name":"Home","item":"http:\/\/costaricanaturaltours.com\/es\/"},{"@type":"ListItem","position":2,"name":"Tortuguero National Park"}]},{"@type":"WebSite","@id":"http:\/\/costaricanaturaltours.com\/es\/#website","url":"http:\/\/costaricanaturaltours.com\/es\/","name":"Costa Rica Natural Tours","description":"La mejor manera de disfrutar Costa Rica","publisher":{"@id":"http:\/\/costaricanaturaltours.com\/es\/#organization"},"potentialAction":[{"@type":"SearchAction","target":{"@type":"EntryPoint","urlTemplate":"http:\/\/costaricanaturaltours.com\/es\/?s={search_term_string}"},"query-input":{"@type":"PropertyValueSpecification","valueRequired":true,"valueName":"search_term_string"}}],"inLanguage":"es"},{"@type":"Organization","@id":"http:\/\/costaricanaturaltours.com\/es\/#organization","name":"Costa Rica Natural Tours","url":"http:\/\/costaricanaturaltours.com\/es\/","logo":{"@type":"ImageObject","inLanguage":"es","@id":"http:\/\/costaricanaturaltours.com\/es\/#\/schema\/logo\/image\/","url":"http:\/\/costaricanaturaltours.com\/wp-content\/uploads\/2015\/11\/small_logo1.png","contentUrl":"http:\/\/costaricanaturaltours.com\/wp-content\/uploads\/2015\/11\/small_logo1.png","width":170,"height":140,"caption":"Costa Rica Natural Tours"},"image":{"@id":"http:\/\/costaricanaturaltours.com\/es\/#\/schema\/logo\/image\/"},"sameAs":["https:\/\/www.facebook.com\/Costa-Rica-Natural-Tours-455340267965611\/?fref=ts"]}]}},"_links":{"self":[{"href":"http:\/\/costaricanaturaltours.com\/es\/wp-json\/wp\/v2\/pages\/1779","targetHints":{"allow":["GET"]}}],"collection":[{"href":"http:\/\/costaricanaturaltours.com\/es\/wp-json\/wp\/v2\/pages"}],"about":[{"href":"http:\/\/costaricanaturaltours.com\/es\/wp-json\/wp\/v2\/types\/page"}],"author":[{"embeddable":true,"href":"http:\/\/costaricanaturaltours.com\/es\/wp-json\/wp\/v2\/users\/1"}],"replies":[{"embeddable":true,"href":"http:\/\/costaricanaturaltours.com\/es\/wp-json\/wp\/v2\/comments?post=1779"}],"version-history":[{"count":11,"href":"http:\/\/costaricanaturaltours.com\/es\/wp-json\/wp\/v2\/pages\/1779\/revisions"}],"predecessor-version":[{"id":4266,"href":"http:\/\/costaricanaturaltours.com\/es\/wp-json\/wp\/v2\/pages\/1779\/revisions\/4266"}],"wp:attachment":[{"href":"http:\/\/costaricanaturaltours.com\/es\/wp-json\/wp\/v2\/media?parent=1779"}],"curies":[{"name":"wp","href":"https:\/\/api.w.org\/{rel}","templated":true}]}}