{"id":1766,"date":"2015-11-11T20:48:03","date_gmt":"2015-11-11T20:48:03","guid":{"rendered":"https:\/\/costaricanaturaltours.com\/?page_id=1766"},"modified":"2017-04-07T12:34:16","modified_gmt":"2017-04-07T12:34:16","slug":"south-pacific","status":"publish","type":"page","link":"http:\/\/costaricanaturaltours.com\/es\/south-pacific\/","title":{"rendered":"Pac\u00edfico Sur"},"content":{"rendered":"<div class=\"wpb-content-wrapper\"><p>[vc_row][vc_column][vc_single_image image=&#8221;3661&#8243; img_size=&#8221;900&#215;500&#8243; alignment=&#8221;center&#8221; onclick=&#8221;link_image&#8221;][vc_empty_space height=&#8221;92px&#8221;][vc_column_text]<\/p>\n<p style=\"text-align: justify;\"><strong>La Pen\u00ednsula de Osa<\/strong><\/p>\n<p style=\"text-align: justify;\">Es una de las regiones m\u00e1s alejada e impresionantes del pa\u00eds por sus extensas \u00e1reas de selva, representa el porcentaje m\u00e1s alto de tierra dedicada a Parques Nacionales y Reservas Forestales,\u00a0 su producto principal es el ecoturismo. Las tres principales \u00e1reas del Pac\u00edfico Sur (El Parque Nacional Corcovado, con casi 50000 hect\u00e1reas, m\u00e1s las extensas zonas protegidas de los bosques de amortiguamiento, Dominical, Uvita, el monta\u00f1oso Parque Nacional Chirrip\u00f3. El Parque Internacional La Amistad y La Isla de Ca\u00f1o o el Delta del Diqu\u00eds con sus enigm\u00e1ticas esferas de piedra).<\/p>\n<p style=\"text-align: justify;\">El Pac\u00edfico Sur es muy h\u00famedo\u00a0registr\u00e1ndose una precipitaci\u00f3n de 6 mil\u00a0mm anuales\u00a0que en combinaci\u00f3n con el aislamiento de otros sistemas, ha contribuido a la alta diversidad de especies de plantas y animales; incluyendo muchos que son end\u00e9micos.<\/p>\n<p style=\"text-align: justify;\">Las dos estaciones est\u00e1n bien definidas, siendo la estaci\u00f3n seca un poco m\u00e1s corta que la del Pac\u00edfico Norte, inici\u00e1ndose a finales de diciembre y terminando en abril. El mes m\u00e1s lluvioso en promedio es octubre mientras que el m\u00e1s seco es febrero\u00a0e implica que no es del todo seco como en el Pac\u00edfico Norte.<\/p>\n<p style=\"text-align: justify;\">Las actividades principales son el disfrute de la playa y recursos marinos, entre ellos la observaci\u00f3n de ballenas, delfines, manglares, paisajes, reptiles, pesca deportiva, el surfing, las caminatas por los senderos, el buceo profesional, el disfrute de los jardines bot\u00e1nicos, cataratas impresionantes y entre otras.<\/p>\n<p><strong>\u00a0<\/strong><\/p>\n<p><strong>\u00a0<\/strong>[\/vc_column_text][vc_empty_space][\/vc_column][\/vc_row][vc_row][vc_column][vc_column_text]<\/p>\n<div id=\"map1\" style=\"width:100%;height:255px\"><\/div><script type=\"text\/javascript\">\n\t\t\t\tjQuery(document).ready( function() {\n\t\t\t\t\tjQuery(\"#map1\").gmap3({\n\t\t\t\t\t\tmap: {options: {center: [8.5483278, -83.6442934,11],zoom: 12,mapTypeId: google.maps.MapTypeId.ROADMAP,mapTypeControl: true,navigationControl: true,scrollwheel: true,streetViewControl: true,draggable: true,}},marker:{values: [{latLng:[8.5483278, -83.6442934,11]}], options: {draggable: false }, }});\n\t\t\t\t});\n\t\t\t<\/script>\n<div class=\"block\"><\/div>[\/vc_column_text][\/vc_column][\/vc_row][vc_row][vc_column][\/vc_column][\/vc_row]<\/p>\n<\/div>","protected":false},"excerpt":{"rendered":"<p>[vc_row][vc_column][vc_single_image image=&#8221;3661&#8243; img_size=&#8221;900&#215;500&#8243; alignment=&#8221;center&#8221; onclick=&#8221;link_image&#8221;][vc_empty_space height=&#8221;92px&#8221;][vc_column_text] La Pen\u00ednsula de Osa Es una de las regiones m\u00e1s alejada e impresionantes del pa\u00eds por sus extensas \u00e1reas de selva, representa el porcentaje m\u00e1s alto de tierra dedicada a Parques Nacionales y Reservas Forestales,\u00a0 su producto principal es el ecoturismo. Las tres principales \u00e1reas del Pac\u00edfico Sur (El [&hellip;]<\/p>\n","protected":false},"author":1,"featured_media":0,"parent":0,"menu_order":0,"comment_status":"closed","ping_status":"closed","template":"","meta":{"footnotes":""},"class_list":["post-1766","page","type-page","status-publish","hentry"],"yoast_head":"<!-- This site is optimized with the Yoast SEO plugin v27.5 - https:\/\/yoast.com\/product\/yoast-seo-wordpress\/ -->\n<title>Pac\u00edfico Sur - Costa Rica Natural Tours<\/title>\n<meta name=\"robots\" content=\"index, follow, max-snippet:-1, max-image-preview:large, max-video-preview:-1\" \/>\n<link rel=\"canonical\" href=\"http:\/\/costaricanaturaltours.com\/es\/south-pacific\/\" \/>\n<meta property=\"og:locale\" content=\"es_ES\" \/>\n<meta property=\"og:type\" content=\"article\" \/>\n<meta property=\"og:title\" content=\"Pac\u00edfico Sur - Costa Rica Natural Tours\" \/>\n<meta property=\"og:description\" content=\"[vc_row][vc_column][vc_single_image image=&#8221;3661&#8243; img_size=&#8221;900&#215;500&#8243; alignment=&#8221;center&#8221; onclick=&#8221;link_image&#8221;][vc_empty_space height=&#8221;92px&#8221;][vc_column_text] La Pen\u00ednsula de Osa Es una de las regiones m\u00e1s alejada e impresionantes del pa\u00eds por sus extensas \u00e1reas de selva, representa el porcentaje m\u00e1s alto de tierra dedicada a Parques Nacionales y Reservas Forestales,\u00a0 su producto principal es el ecoturismo. Las tres principales \u00e1reas del Pac\u00edfico Sur (El [&hellip;]\" \/>\n<meta property=\"og:url\" content=\"http:\/\/costaricanaturaltours.com\/es\/south-pacific\/\" \/>\n<meta property=\"og:site_name\" content=\"Costa Rica Natural Tours\" \/>\n<meta property=\"article:publisher\" content=\"https:\/\/www.facebook.com\/Costa-Rica-Natural-Tours-455340267965611\/?fref=ts\" \/>\n<meta property=\"article:modified_time\" content=\"2017-04-07T12:34:16+00:00\" \/>\n<meta name=\"twitter:card\" content=\"summary_large_image\" \/>\n<meta name=\"twitter:label1\" content=\"Tiempo de lectura\" \/>\n\t<meta name=\"twitter:data1\" content=\"2 minutos\" \/>\n<script type=\"application\/ld+json\" class=\"yoast-schema-graph\">{\"@context\":\"https:\\\/\\\/schema.org\",\"@graph\":[{\"@type\":\"WebPage\",\"@id\":\"http:\\\/\\\/costaricanaturaltours.com\\\/es\\\/south-pacific\\\/\",\"url\":\"http:\\\/\\\/costaricanaturaltours.com\\\/es\\\/south-pacific\\\/\",\"name\":\"Pac\u00edfico Sur - Costa Rica Natural Tours\",\"isPartOf\":{\"@id\":\"http:\\\/\\\/costaricanaturaltours.com\\\/es\\\/#website\"},\"datePublished\":\"2015-11-11T20:48:03+00:00\",\"dateModified\":\"2017-04-07T12:34:16+00:00\",\"breadcrumb\":{\"@id\":\"http:\\\/\\\/costaricanaturaltours.com\\\/es\\\/south-pacific\\\/#breadcrumb\"},\"inLanguage\":\"es\",\"potentialAction\":[{\"@type\":\"ReadAction\",\"target\":[[\"http:\\\/\\\/costaricanaturaltours.com\\\/es\\\/south-pacific\\\/\"]]}]},{\"@type\":\"BreadcrumbList\",\"@id\":\"http:\\\/\\\/costaricanaturaltours.com\\\/es\\\/south-pacific\\\/#breadcrumb\",\"itemListElement\":[{\"@type\":\"ListItem\",\"position\":1,\"name\":\"Home\",\"item\":\"http:\\\/\\\/costaricanaturaltours.com\\\/es\\\/\"},{\"@type\":\"ListItem\",\"position\":2,\"name\":\"Pac\u00edfico Sur\"}]},{\"@type\":\"WebSite\",\"@id\":\"http:\\\/\\\/costaricanaturaltours.com\\\/es\\\/#website\",\"url\":\"http:\\\/\\\/costaricanaturaltours.com\\\/es\\\/\",\"name\":\"Costa Rica Natural Tours\",\"description\":\"La mejor manera de disfrutar Costa Rica\",\"publisher\":{\"@id\":\"http:\\\/\\\/costaricanaturaltours.com\\\/es\\\/#organization\"},\"potentialAction\":[{\"@type\":\"SearchAction\",\"target\":{\"@type\":\"EntryPoint\",\"urlTemplate\":\"http:\\\/\\\/costaricanaturaltours.com\\\/es\\\/?s={search_term_string}\"},\"query-input\":{\"@type\":\"PropertyValueSpecification\",\"valueRequired\":true,\"valueName\":\"search_term_string\"}}],\"inLanguage\":\"es\"},{\"@type\":\"Organization\",\"@id\":\"http:\\\/\\\/costaricanaturaltours.com\\\/es\\\/#organization\",\"name\":\"Costa Rica Natural Tours\",\"url\":\"http:\\\/\\\/costaricanaturaltours.com\\\/es\\\/\",\"logo\":{\"@type\":\"ImageObject\",\"inLanguage\":\"es\",\"@id\":\"http:\\\/\\\/costaricanaturaltours.com\\\/es\\\/#\\\/schema\\\/logo\\\/image\\\/\",\"url\":\"http:\\\/\\\/costaricanaturaltours.com\\\/wp-content\\\/uploads\\\/2015\\\/11\\\/small_logo1.png\",\"contentUrl\":\"http:\\\/\\\/costaricanaturaltours.com\\\/wp-content\\\/uploads\\\/2015\\\/11\\\/small_logo1.png\",\"width\":170,\"height\":140,\"caption\":\"Costa Rica Natural Tours\"},\"image\":{\"@id\":\"http:\\\/\\\/costaricanaturaltours.com\\\/es\\\/#\\\/schema\\\/logo\\\/image\\\/\"},\"sameAs\":[\"https:\\\/\\\/www.facebook.com\\\/Costa-Rica-Natural-Tours-455340267965611\\\/?fref=ts\"]}]}<\/script>\n<!-- \/ Yoast SEO plugin. -->","yoast_head_json":{"title":"Pac\u00edfico Sur - Costa Rica Natural Tours","robots":{"index":"index","follow":"follow","max-snippet":"max-snippet:-1","max-image-preview":"max-image-preview:large","max-video-preview":"max-video-preview:-1"},"canonical":"http:\/\/costaricanaturaltours.com\/es\/south-pacific\/","og_locale":"es_ES","og_type":"article","og_title":"Pac\u00edfico Sur - Costa Rica Natural Tours","og_description":"[vc_row][vc_column][vc_single_image image=&#8221;3661&#8243; img_size=&#8221;900&#215;500&#8243; alignment=&#8221;center&#8221; onclick=&#8221;link_image&#8221;][vc_empty_space height=&#8221;92px&#8221;][vc_column_text] La Pen\u00ednsula de Osa Es una de las regiones m\u00e1s alejada e impresionantes del pa\u00eds por sus extensas \u00e1reas de selva, representa el porcentaje m\u00e1s alto de tierra dedicada a Parques Nacionales y Reservas Forestales,\u00a0 su producto principal es el ecoturismo. Las tres principales \u00e1reas del Pac\u00edfico Sur (El [&hellip;]","og_url":"http:\/\/costaricanaturaltours.com\/es\/south-pacific\/","og_site_name":"Costa Rica Natural Tours","article_publisher":"https:\/\/www.facebook.com\/Costa-Rica-Natural-Tours-455340267965611\/?fref=ts","article_modified_time":"2017-04-07T12:34:16+00:00","twitter_card":"summary_large_image","twitter_misc":{"Tiempo de lectura":"2 minutos"},"schema":{"@context":"https:\/\/schema.org","@graph":[{"@type":"WebPage","@id":"http:\/\/costaricanaturaltours.com\/es\/south-pacific\/","url":"http:\/\/costaricanaturaltours.com\/es\/south-pacific\/","name":"Pac\u00edfico Sur - Costa Rica Natural Tours","isPartOf":{"@id":"http:\/\/costaricanaturaltours.com\/es\/#website"},"datePublished":"2015-11-11T20:48:03+00:00","dateModified":"2017-04-07T12:34:16+00:00","breadcrumb":{"@id":"http:\/\/costaricanaturaltours.com\/es\/south-pacific\/#breadcrumb"},"inLanguage":"es","potentialAction":[{"@type":"ReadAction","target":[["http:\/\/costaricanaturaltours.com\/es\/south-pacific\/"]]}]},{"@type":"BreadcrumbList","@id":"http:\/\/costaricanaturaltours.com\/es\/south-pacific\/#breadcrumb","itemListElement":[{"@type":"ListItem","position":1,"name":"Home","item":"http:\/\/costaricanaturaltours.com\/es\/"},{"@type":"ListItem","position":2,"name":"Pac\u00edfico Sur"}]},{"@type":"WebSite","@id":"http:\/\/costaricanaturaltours.com\/es\/#website","url":"http:\/\/costaricanaturaltours.com\/es\/","name":"Costa Rica Natural Tours","description":"La mejor manera de disfrutar Costa Rica","publisher":{"@id":"http:\/\/costaricanaturaltours.com\/es\/#organization"},"potentialAction":[{"@type":"SearchAction","target":{"@type":"EntryPoint","urlTemplate":"http:\/\/costaricanaturaltours.com\/es\/?s={search_term_string}"},"query-input":{"@type":"PropertyValueSpecification","valueRequired":true,"valueName":"search_term_string"}}],"inLanguage":"es"},{"@type":"Organization","@id":"http:\/\/costaricanaturaltours.com\/es\/#organization","name":"Costa Rica Natural Tours","url":"http:\/\/costaricanaturaltours.com\/es\/","logo":{"@type":"ImageObject","inLanguage":"es","@id":"http:\/\/costaricanaturaltours.com\/es\/#\/schema\/logo\/image\/","url":"http:\/\/costaricanaturaltours.com\/wp-content\/uploads\/2015\/11\/small_logo1.png","contentUrl":"http:\/\/costaricanaturaltours.com\/wp-content\/uploads\/2015\/11\/small_logo1.png","width":170,"height":140,"caption":"Costa Rica Natural Tours"},"image":{"@id":"http:\/\/costaricanaturaltours.com\/es\/#\/schema\/logo\/image\/"},"sameAs":["https:\/\/www.facebook.com\/Costa-Rica-Natural-Tours-455340267965611\/?fref=ts"]}]}},"_links":{"self":[{"href":"http:\/\/costaricanaturaltours.com\/es\/wp-json\/wp\/v2\/pages\/1766","targetHints":{"allow":["GET"]}}],"collection":[{"href":"http:\/\/costaricanaturaltours.com\/es\/wp-json\/wp\/v2\/pages"}],"about":[{"href":"http:\/\/costaricanaturaltours.com\/es\/wp-json\/wp\/v2\/types\/page"}],"author":[{"embeddable":true,"href":"http:\/\/costaricanaturaltours.com\/es\/wp-json\/wp\/v2\/users\/1"}],"replies":[{"embeddable":true,"href":"http:\/\/costaricanaturaltours.com\/es\/wp-json\/wp\/v2\/comments?post=1766"}],"version-history":[{"count":9,"href":"http:\/\/costaricanaturaltours.com\/es\/wp-json\/wp\/v2\/pages\/1766\/revisions"}],"predecessor-version":[{"id":4264,"href":"http:\/\/costaricanaturaltours.com\/es\/wp-json\/wp\/v2\/pages\/1766\/revisions\/4264"}],"wp:attachment":[{"href":"http:\/\/costaricanaturaltours.com\/es\/wp-json\/wp\/v2\/media?parent=1766"}],"curies":[{"name":"wp","href":"https:\/\/api.w.org\/{rel}","templated":true}]}}