{"id":12620,"date":"2024-06-27T02:37:40","date_gmt":"2024-06-27T08:37:40","guid":{"rendered":"https:\/\/costaricanaturaltours.com\/?page_id=12620"},"modified":"2024-06-27T02:37:40","modified_gmt":"2024-06-27T08:37:40","slug":"espanol-test-grid","status":"publish","type":"page","link":"http:\/\/costaricanaturaltours.com\/es\/espanol-test-grid\/","title":{"rendered":"test grid"},"content":{"rendered":"<div class=\"wpb-content-wrapper\"><p>[vc_row][vc_column][vc_column_text]<div id=\"map1\" style=\"width:100%;height:255px\"><\/div><script type=\"text\/javascript\">\n\t\t\t\tjQuery(document).ready( function() {\n\t\t\t\t\tjQuery(\"#map1\").gmap3({\n\t\t\t\t\t\tmap: {options: {center: [10.090008, -84.347406],zoom: 12,mapTypeId: google.maps.MapTypeId.ROADMAP,mapTypeControl: true,navigationControl: true,scrollwheel: true,streetViewControl: true,draggable: true,}},marker:{values: [{latLng:[10.090008, -84.347406]}], options: {draggable: false }, }});\n\t\t\t\t});\n\t\t\t<\/script>\n<div class=\"block\"><\/div>\n<p>[\/vc_column_text][\/vc_column][\/vc_row][vc_row][vc_column][vc_tta_tabs color=&#8221;turquoise&#8221; active_section=&#8221;1&#8243;][vc_tta_section title=&#8221;DESCRIPCI\u00d3N&#8221; tab_id=&#8221;1492708489348-1c9ab214-b6882910-a4bc&#8221;][vc_column_text]<\/p>\n<p style=\"text-align: justify;\">El tour Doka- Grecia-Sarch\u00ed es tranquilo y agradable.<\/p>\n<p style=\"text-align: justify;\">Comienza con un maravilloso trayecto por algunas de las mayores plantaciones de caf\u00e9 y ca\u00f1a de az\u00facar (Doka) de Costa Rica.<\/p>\n<p style=\"text-align: justify;\">Despu\u00e9s visitaremos el pueblo de Grecia y su famosa iglesia met\u00e1lica de interesante arquitectura, con cielos altos, vitrales y l\u00edneas cl\u00e1sicas.<\/p>\n<p style=\"text-align: justify;\">Luego iremos a las f\u00e1bricas de artesan\u00edas de Sarch\u00ed, reconocidas por el talento y tradici\u00f3n de sus artesanos y por las coloridas carretas de bueyes de distintos tama\u00f1os.<\/p>\n<p style=\"text-align: justify;\">Saliendo de San Jos\u00e9 a las 10:00 y regresando a las 4:30.<\/p>\n<p style=\"text-align: justify;\"><strong>Tarifas para ni\u00f1os:<\/strong><\/p>\n<p style=\"text-align: justify;\">(0 &#8211; 2 a\u00f1os): $ 20.00<\/p>\n<p style=\"text-align: justify;\">(3 &#8211; 10 a\u00f1os): Descuento del 25%<\/p>\n<p>[\/vc_column_text][\/vc_tta_section][vc_tta_section title=&#8221;INCLUYE&#8221; tab_id=&#8221;1492708489389-b6dfdf6e-f64d2910-a4bc&#8221;][vc_column_text]<\/p>\n<p>-Transporte<\/p>\n<p>-Gu\u00eda<\/p>\n<p>-Almuerzo<\/p>\n<p>[\/vc_column_text][\/vc_tta_section][vc_tta_section title=&#8221;RECOMENDACIONES&#8221; tab_id=&#8221;1492708595284-dac58e7d-c4492910-a4bc&#8221;][vc_column_text]<\/p>\n<p style=\"text-align: justify;\"><strong>\u00a0<\/strong><\/p>\n<p>-Sweater<\/p>\n<p>-C\u00e1mara fotogr\u00e1fica<\/p>\n<p>-Binoculares<\/p>\n<p>-Calzado c\u00f3modo<\/p>\n<p>-Impermeable<\/p>\n<p style=\"text-align: justify;\"><strong>\u00a0<\/strong><\/p>\n<p>[\/vc_column_text][\/vc_tta_section][\/vc_tta_tabs][\/vc_column][\/vc_row][vc_row][vc_column][vc_btn title=&#8221;Reserve Aqu\u00ed&#8221; color=&#8221;warning&#8221; align=&#8221;center&#8221; css_animation=&#8221;appear&#8221; link=&#8221;url:%20%20https%3A%2F%2Fcostaricanaturaltours.com%2Fes%2Freserve-su-tour%2F||&#8221;][\/vc_column][\/vc_row][vc_row][vc_column][vc_media_grid style=&#8221;pagination&#8221; grid_id=&#8221;vc_gid:1719477454721-bd33028d-4ac3-2&#8243; include=&#8221;3259,3234,3590&#8243;][\/vc_column][\/vc_row]<\/p>\n<\/div>","protected":false},"excerpt":{"rendered":"<p>[vc_row][vc_column][vc_column_text] [\/vc_column_text][\/vc_column][\/vc_row][vc_row][vc_column][vc_tta_tabs color=&#8221;turquoise&#8221; active_section=&#8221;1&#8243;][vc_tta_section title=&#8221;DESCRIPCI\u00d3N&#8221; tab_id=&#8221;1492708489348-1c9ab214-b6882910-a4bc&#8221;][vc_column_text] El tour Doka- Grecia-Sarch\u00ed es tranquilo y agradable. Comienza con un maravilloso trayecto por algunas de las mayores plantaciones de caf\u00e9 y ca\u00f1a de az\u00facar (Doka) de Costa Rica. Despu\u00e9s visitaremos el pueblo de Grecia y su famosa iglesia met\u00e1lica de interesante arquitectura, con cielos altos, vitrales y l\u00edneas [&hellip;]<\/p>\n","protected":false},"author":1,"featured_media":0,"parent":0,"menu_order":0,"comment_status":"closed","ping_status":"closed","template":"","meta":{"footnotes":""},"class_list":["post-12620","page","type-page","status-publish","hentry"],"yoast_head":"<!-- This site is optimized with the Yoast SEO plugin v27.5 - https:\/\/yoast.com\/product\/yoast-seo-wordpress\/ -->\n<title>test grid - Costa Rica Natural Tours<\/title>\n<meta name=\"robots\" content=\"index, follow, max-snippet:-1, max-image-preview:large, max-video-preview:-1\" \/>\n<link rel=\"canonical\" href=\"http:\/\/costaricanaturaltours.com\/es\/espanol-test-grid\/\" \/>\n<meta property=\"og:locale\" content=\"es_ES\" \/>\n<meta property=\"og:type\" content=\"article\" \/>\n<meta property=\"og:title\" content=\"test grid - Costa Rica Natural Tours\" \/>\n<meta property=\"og:description\" content=\"[vc_row][vc_column][vc_column_text] [\/vc_column_text][\/vc_column][\/vc_row][vc_row][vc_column][vc_tta_tabs color=&#8221;turquoise&#8221; active_section=&#8221;1&#8243;][vc_tta_section title=&#8221;DESCRIPCI\u00d3N&#8221; tab_id=&#8221;1492708489348-1c9ab214-b6882910-a4bc&#8221;][vc_column_text] El tour Doka- Grecia-Sarch\u00ed es tranquilo y agradable. Comienza con un maravilloso trayecto por algunas de las mayores plantaciones de caf\u00e9 y ca\u00f1a de az\u00facar (Doka) de Costa Rica. Despu\u00e9s visitaremos el pueblo de Grecia y su famosa iglesia met\u00e1lica de interesante arquitectura, con cielos altos, vitrales y l\u00edneas [&hellip;]\" \/>\n<meta property=\"og:url\" content=\"http:\/\/costaricanaturaltours.com\/es\/espanol-test-grid\/\" \/>\n<meta property=\"og:site_name\" content=\"Costa Rica Natural Tours\" \/>\n<meta property=\"article:publisher\" content=\"https:\/\/www.facebook.com\/Costa-Rica-Natural-Tours-455340267965611\/?fref=ts\" \/>\n<meta name=\"twitter:card\" content=\"summary_large_image\" \/>\n<meta name=\"twitter:label1\" content=\"Tiempo de lectura\" \/>\n\t<meta name=\"twitter:data1\" content=\"1 minuto\" \/>\n<script type=\"application\/ld+json\" class=\"yoast-schema-graph\">{\"@context\":\"https:\\\/\\\/schema.org\",\"@graph\":[{\"@type\":\"WebPage\",\"@id\":\"http:\\\/\\\/costaricanaturaltours.com\\\/es\\\/espanol-test-grid\\\/\",\"url\":\"http:\\\/\\\/costaricanaturaltours.com\\\/es\\\/espanol-test-grid\\\/\",\"name\":\"test grid - Costa Rica Natural Tours\",\"isPartOf\":{\"@id\":\"https:\\\/\\\/costaricanaturaltours.com\\\/es\\\/#website\"},\"datePublished\":\"2024-06-27T08:37:40+00:00\",\"breadcrumb\":{\"@id\":\"http:\\\/\\\/costaricanaturaltours.com\\\/es\\\/espanol-test-grid\\\/#breadcrumb\"},\"inLanguage\":\"es\",\"potentialAction\":[{\"@type\":\"ReadAction\",\"target\":[[\"http:\\\/\\\/costaricanaturaltours.com\\\/es\\\/espanol-test-grid\\\/\"]]}]},{\"@type\":\"BreadcrumbList\",\"@id\":\"http:\\\/\\\/costaricanaturaltours.com\\\/es\\\/espanol-test-grid\\\/#breadcrumb\",\"itemListElement\":[{\"@type\":\"ListItem\",\"position\":1,\"name\":\"Home\",\"item\":\"http:\\\/\\\/costaricanaturaltours.com\\\/es\\\/\"},{\"@type\":\"ListItem\",\"position\":2,\"name\":\"test grid\"}]},{\"@type\":\"WebSite\",\"@id\":\"https:\\\/\\\/costaricanaturaltours.com\\\/es\\\/#website\",\"url\":\"https:\\\/\\\/costaricanaturaltours.com\\\/es\\\/\",\"name\":\"Costa Rica Natural Tours\",\"description\":\"La mejor manera de disfrutar Costa Rica\",\"publisher\":{\"@id\":\"https:\\\/\\\/costaricanaturaltours.com\\\/es\\\/#organization\"},\"potentialAction\":[{\"@type\":\"SearchAction\",\"target\":{\"@type\":\"EntryPoint\",\"urlTemplate\":\"https:\\\/\\\/costaricanaturaltours.com\\\/es\\\/?s={search_term_string}\"},\"query-input\":{\"@type\":\"PropertyValueSpecification\",\"valueRequired\":true,\"valueName\":\"search_term_string\"}}],\"inLanguage\":\"es\"},{\"@type\":\"Organization\",\"@id\":\"https:\\\/\\\/costaricanaturaltours.com\\\/es\\\/#organization\",\"name\":\"Costa Rica Natural Tours\",\"url\":\"https:\\\/\\\/costaricanaturaltours.com\\\/es\\\/\",\"logo\":{\"@type\":\"ImageObject\",\"inLanguage\":\"es\",\"@id\":\"https:\\\/\\\/costaricanaturaltours.com\\\/es\\\/#\\\/schema\\\/logo\\\/image\\\/\",\"url\":\"http:\\\/\\\/costaricanaturaltours.com\\\/wp-content\\\/uploads\\\/2015\\\/11\\\/small_logo1.png\",\"contentUrl\":\"http:\\\/\\\/costaricanaturaltours.com\\\/wp-content\\\/uploads\\\/2015\\\/11\\\/small_logo1.png\",\"width\":170,\"height\":140,\"caption\":\"Costa Rica Natural Tours\"},\"image\":{\"@id\":\"https:\\\/\\\/costaricanaturaltours.com\\\/es\\\/#\\\/schema\\\/logo\\\/image\\\/\"},\"sameAs\":[\"https:\\\/\\\/www.facebook.com\\\/Costa-Rica-Natural-Tours-455340267965611\\\/?fref=ts\"]}]}<\/script>\n<!-- \/ Yoast SEO plugin. -->","yoast_head_json":{"title":"test grid - Costa Rica Natural Tours","robots":{"index":"index","follow":"follow","max-snippet":"max-snippet:-1","max-image-preview":"max-image-preview:large","max-video-preview":"max-video-preview:-1"},"canonical":"http:\/\/costaricanaturaltours.com\/es\/espanol-test-grid\/","og_locale":"es_ES","og_type":"article","og_title":"test grid - Costa Rica Natural Tours","og_description":"[vc_row][vc_column][vc_column_text] [\/vc_column_text][\/vc_column][\/vc_row][vc_row][vc_column][vc_tta_tabs color=&#8221;turquoise&#8221; active_section=&#8221;1&#8243;][vc_tta_section title=&#8221;DESCRIPCI\u00d3N&#8221; tab_id=&#8221;1492708489348-1c9ab214-b6882910-a4bc&#8221;][vc_column_text] El tour Doka- Grecia-Sarch\u00ed es tranquilo y agradable. Comienza con un maravilloso trayecto por algunas de las mayores plantaciones de caf\u00e9 y ca\u00f1a de az\u00facar (Doka) de Costa Rica. Despu\u00e9s visitaremos el pueblo de Grecia y su famosa iglesia met\u00e1lica de interesante arquitectura, con cielos altos, vitrales y l\u00edneas [&hellip;]","og_url":"http:\/\/costaricanaturaltours.com\/es\/espanol-test-grid\/","og_site_name":"Costa Rica Natural Tours","article_publisher":"https:\/\/www.facebook.com\/Costa-Rica-Natural-Tours-455340267965611\/?fref=ts","twitter_card":"summary_large_image","twitter_misc":{"Tiempo de lectura":"1 minuto"},"schema":{"@context":"https:\/\/schema.org","@graph":[{"@type":"WebPage","@id":"http:\/\/costaricanaturaltours.com\/es\/espanol-test-grid\/","url":"http:\/\/costaricanaturaltours.com\/es\/espanol-test-grid\/","name":"test grid - Costa Rica Natural Tours","isPartOf":{"@id":"https:\/\/costaricanaturaltours.com\/es\/#website"},"datePublished":"2024-06-27T08:37:40+00:00","breadcrumb":{"@id":"http:\/\/costaricanaturaltours.com\/es\/espanol-test-grid\/#breadcrumb"},"inLanguage":"es","potentialAction":[{"@type":"ReadAction","target":[["http:\/\/costaricanaturaltours.com\/es\/espanol-test-grid\/"]]}]},{"@type":"BreadcrumbList","@id":"http:\/\/costaricanaturaltours.com\/es\/espanol-test-grid\/#breadcrumb","itemListElement":[{"@type":"ListItem","position":1,"name":"Home","item":"http:\/\/costaricanaturaltours.com\/es\/"},{"@type":"ListItem","position":2,"name":"test grid"}]},{"@type":"WebSite","@id":"https:\/\/costaricanaturaltours.com\/es\/#website","url":"https:\/\/costaricanaturaltours.com\/es\/","name":"Costa Rica Natural Tours","description":"La mejor manera de disfrutar Costa Rica","publisher":{"@id":"https:\/\/costaricanaturaltours.com\/es\/#organization"},"potentialAction":[{"@type":"SearchAction","target":{"@type":"EntryPoint","urlTemplate":"https:\/\/costaricanaturaltours.com\/es\/?s={search_term_string}"},"query-input":{"@type":"PropertyValueSpecification","valueRequired":true,"valueName":"search_term_string"}}],"inLanguage":"es"},{"@type":"Organization","@id":"https:\/\/costaricanaturaltours.com\/es\/#organization","name":"Costa Rica Natural Tours","url":"https:\/\/costaricanaturaltours.com\/es\/","logo":{"@type":"ImageObject","inLanguage":"es","@id":"https:\/\/costaricanaturaltours.com\/es\/#\/schema\/logo\/image\/","url":"http:\/\/costaricanaturaltours.com\/wp-content\/uploads\/2015\/11\/small_logo1.png","contentUrl":"http:\/\/costaricanaturaltours.com\/wp-content\/uploads\/2015\/11\/small_logo1.png","width":170,"height":140,"caption":"Costa Rica Natural Tours"},"image":{"@id":"https:\/\/costaricanaturaltours.com\/es\/#\/schema\/logo\/image\/"},"sameAs":["https:\/\/www.facebook.com\/Costa-Rica-Natural-Tours-455340267965611\/?fref=ts"]}]}},"_links":{"self":[{"href":"http:\/\/costaricanaturaltours.com\/es\/wp-json\/wp\/v2\/pages\/12620","targetHints":{"allow":["GET"]}}],"collection":[{"href":"http:\/\/costaricanaturaltours.com\/es\/wp-json\/wp\/v2\/pages"}],"about":[{"href":"http:\/\/costaricanaturaltours.com\/es\/wp-json\/wp\/v2\/types\/page"}],"author":[{"embeddable":true,"href":"http:\/\/costaricanaturaltours.com\/es\/wp-json\/wp\/v2\/users\/1"}],"replies":[{"embeddable":true,"href":"http:\/\/costaricanaturaltours.com\/es\/wp-json\/wp\/v2\/comments?post=12620"}],"version-history":[{"count":1,"href":"http:\/\/costaricanaturaltours.com\/es\/wp-json\/wp\/v2\/pages\/12620\/revisions"}],"predecessor-version":[{"id":12621,"href":"http:\/\/costaricanaturaltours.com\/es\/wp-json\/wp\/v2\/pages\/12620\/revisions\/12621"}],"wp:attachment":[{"href":"http:\/\/costaricanaturaltours.com\/es\/wp-json\/wp\/v2\/media?parent=12620"}],"curies":[{"name":"wp","href":"https:\/\/api.w.org\/{rel}","templated":true}]}}